{"id":779153,"date":"2025-12-30T10:51:30","date_gmt":"2025-12-30T07:51:30","guid":{"rendered":"https:\/\/roveyayinevi.com.tr\/index.php\/urun\/disney-pixar-kirmizi-pandalik-yapalim\/"},"modified":"2026-03-14T02:47:22","modified_gmt":"2026-03-13T23:47:22","slug":"disney-pixar-kirmizi-pandalik-yapalim","status":"publish","type":"product","link":"https:\/\/roveyayinevi.com.tr\/index.php\/urun\/disney-pixar-kirmizi-pandalik-yapalim\/","title":{"rendered":"Disney Pixar K\u0131rm\u0131z\u0131 Pandal\u0131k Yapal\u0131m!"},"content":{"rendered":"<p>On \u00fc\u00e7 ya\u015f\u0131ndaki Meilin Lee, arkada\u015flar\u0131yla devasa birer k\u0131rm\u0131z\u0131 pandaya d\u00f6n\u00fc\u015fmelerine neden olan eski bir aile s\u0131rr\u0131n\u0131 ke\u015ffediyorlar! \u0130\u00e7lerindeki panday\u0131 kontrol etmeyi -ve hatta onu sevmeyi- \u00f6\u011frenen MEI ile en yak\u0131n arkada\u015flar\u0131na kat\u0131l. <\/p>\n","protected":false},"excerpt":{"rendered":"<p>On \u00fc\u00e7 ya\u015f\u0131ndaki Meilin Lee, arkada\u015flar\u0131yla devasa birer k\u0131rm\u0131z\u0131 pandaya d\u00f6n\u00fc\u015fmelerine neden olan eski bir aile s\u0131rr\u0131n\u0131 ke\u015ffediyorlar! \u0130\u00e7lerindeki panday\u0131 kontrol etmeyi -ve hatta onu sevmeyi-<span class=\"excerpt-hellip\"> [\u2026]<\/span><\/p>\n","protected":false},"featured_media":0,"template":"","meta":{"_monsterinsights_skip_tracking":false,"_monsterinsights_sitenote_active":false,"_monsterinsights_sitenote_note":"","_monsterinsights_sitenote_category":0},"product_brand":[],"product_cat":[12275,12274],"product_tag":[],"class_list":{"0":"post-779153","1":"product","2":"type-product","3":"status-publish","5":"product_cat-6-12-yas-kitaplari","6":"product_cat-cocuk-ve-genclik-kitaplari","7":"pa_cilt-ciltsiz","8":"pa_tur-kitap","9":"pa_yayinevi-dogan-cocuk","10":"pa_yazar-dogan-cocuk-kolektif","12":"first","13":"instock","14":"sale","15":"shipping-taxable","16":"purchasable","17":"product-type-simple"},"_links":{"self":[{"href":"https:\/\/roveyayinevi.com.tr\/index.php\/wp-json\/wp\/v2\/product\/779153","targetHints":{"allow":["GET"]}}],"collection":[{"href":"https:\/\/roveyayinevi.com.tr\/index.php\/wp-json\/wp\/v2\/product"}],"about":[{"href":"https:\/\/roveyayinevi.com.tr\/index.php\/wp-json\/wp\/v2\/types\/product"}],"wp:attachment":[{"href":"https:\/\/roveyayinevi.com.tr\/index.php\/wp-json\/wp\/v2\/media?parent=779153"}],"wp:term":[{"taxonomy":"product_brand","embeddable":true,"href":"https:\/\/roveyayinevi.com.tr\/index.php\/wp-json\/wp\/v2\/product_brand?post=779153"},{"taxonomy":"product_cat","embeddable":true,"href":"https:\/\/roveyayinevi.com.tr\/index.php\/wp-json\/wp\/v2\/product_cat?post=779153"},{"taxonomy":"product_tag","embeddable":true,"href":"https:\/\/roveyayinevi.com.tr\/index.php\/wp-json\/wp\/v2\/product_tag?post=779153"}],"curies":[{"name":"wp","href":"https:\/\/api.w.org\/{rel}","templated":true}]}}