{"id":779150,"date":"2025-12-30T10:50:23","date_gmt":"2025-12-30T07:50:23","guid":{"rendered":"https:\/\/roveyayinevi.com.tr\/index.php\/urun\/hayhuy\/"},"modified":"2026-04-16T02:48:39","modified_gmt":"2026-04-15T23:48:39","slug":"hayhuy","status":"publish","type":"product","link":"https:\/\/roveyayinevi.com.tr\/index.php\/urun\/hayhuy\/","title":{"rendered":"Hayhuy"},"content":{"rendered":"<p>Rengini mordan uzakI\u015f\u0131klarla boyayanK\u00fcller savuran ayaklar\u0131ndaG\u00f6zlerini k\u0131rp\u0131\u015ft\u0131rmakla yoranUykuk\u0131ran gecelerden getirdim bu sesi Ses i\u00e7 i\u00e7e ge\u00e7en halkalarla \u00e7\u0131nlarkenVe halk ayaklanmalar\u0131 yerle\u015firkenTitre\u015fimindeki gerilimli tariheHer huya bir g\u00f6vde se\u00e7enBoynu k\u0131ldan incelerin\u0130nceli\u011fi sanma bunu <\/p>\n","protected":false},"excerpt":{"rendered":"<p>Rengini mordan uzakI\u015f\u0131klarla boyayanK\u00fcller savuran ayaklar\u0131ndaG\u00f6zlerini k\u0131rp\u0131\u015ft\u0131rmakla yoranUykuk\u0131ran gecelerden getirdim bu sesi Ses i\u00e7 i\u00e7e ge\u00e7en halkalarla \u00e7\u0131nlarkenVe halk ayaklanmalar\u0131 yerle\u015firkenTitre\u015fimindeki gerilimli tariheHer huya bir g\u00f6vde<span class=\"excerpt-hellip\"> [\u2026]<\/span><\/p>\n","protected":false},"featured_media":0,"template":"","meta":{"_monsterinsights_skip_tracking":false,"_monsterinsights_sitenote_active":false,"_monsterinsights_sitenote_note":"","_monsterinsights_sitenote_category":0},"product_brand":[],"product_cat":[12291,12509],"product_tag":[],"class_list":{"0":"post-779150","1":"product","2":"type-product","3":"status-publish","5":"product_cat-edebiyat","6":"product_cat-siir","7":"pa_cilt-ciltsiz","8":"pa_tur-kitap","9":"pa_yayinevi-everest-yayinlari","10":"pa_yazar-elif-sofya","12":"first","13":"instock","14":"sale","15":"shipping-taxable","16":"purchasable","17":"product-type-simple"},"_links":{"self":[{"href":"https:\/\/roveyayinevi.com.tr\/index.php\/wp-json\/wp\/v2\/product\/779150","targetHints":{"allow":["GET"]}}],"collection":[{"href":"https:\/\/roveyayinevi.com.tr\/index.php\/wp-json\/wp\/v2\/product"}],"about":[{"href":"https:\/\/roveyayinevi.com.tr\/index.php\/wp-json\/wp\/v2\/types\/product"}],"wp:attachment":[{"href":"https:\/\/roveyayinevi.com.tr\/index.php\/wp-json\/wp\/v2\/media?parent=779150"}],"wp:term":[{"taxonomy":"product_brand","embeddable":true,"href":"https:\/\/roveyayinevi.com.tr\/index.php\/wp-json\/wp\/v2\/product_brand?post=779150"},{"taxonomy":"product_cat","embeddable":true,"href":"https:\/\/roveyayinevi.com.tr\/index.php\/wp-json\/wp\/v2\/product_cat?post=779150"},{"taxonomy":"product_tag","embeddable":true,"href":"https:\/\/roveyayinevi.com.tr\/index.php\/wp-json\/wp\/v2\/product_tag?post=779150"}],"curies":[{"name":"wp","href":"https:\/\/api.w.org\/{rel}","templated":true}]}}