{"id":779149,"date":"2025-12-30T10:50:14","date_gmt":"2025-12-30T07:50:14","guid":{"rendered":"https:\/\/roveyayinevi.com.tr\/index.php\/urun\/derin-israil\/"},"modified":"2025-12-30T10:50:14","modified_gmt":"2025-12-30T07:50:14","slug":"derin-israil","status":"publish","type":"product","link":"https:\/\/roveyayinevi.com.tr\/index.php\/urun\/derin-israil\/","title":{"rendered":"Derin \u0130srail"},"content":{"rendered":"<p>T\u00fcrkiye ve d\u00fcnyadaki derin siyonizm a\u011f\u0131n\u0131 okumaya haz\u0131r m\u0131s\u0131n\u0131z? Osmanl\u0131&#8217;ya g\u00f6\u00e7 eden Yahudilerin tehlikeli bankerlere d\u00f6n\u00fc\u015fmeleri. Osmanl\u0131&#8217;y\u0131 y\u0131k\u0131ma g\u00f6t\u00fcren Yahudi okullar\u0131 ve bu okulda okuyan Milli E\u011fitim Bakan\u0131 ve Cumhurba\u015fkan\u0131. T\u00fcrkiye&#8217;nin kurulmas\u0131nda ve in\u015faas\u0131nda yer alan siyonistler ve Yahudiler. Avrupa \u00fclkelerini saran Yahudi zenginler ve \u015fa\u015f\u0131rtan T\u00fcrkiye ba\u011flant\u0131lar\u0131. D\u00fcnyay\u0131 tehdit eden ABD&#8217;deki Yahudi Lobisi, adamlar\u0131 ve hayret veren kirli faaliyetleri. \u0130srail de dahil K\u00dcRESELC\u0130LER\u0130N ba\u011fl\u0131 oldu\u011fu en ba\u015f siyonist \u00f6rg\u00fct B&#8217;nai B&#8217;rith. B&#8217;nai B&#8217;rith&#8217;in T\u00fcrkiye&#8217;deki kurumlar\u0131 ve adamlar\u0131. T\u00fcrkiye&#8217;deki Yahudi zenginler ve T\u00fcrkiye&#8217;deki \u0130srail. Emmanuel Macron ve Wilders&#8217;in siyonizm ba\u011flant\u0131s\u0131. Amerika ve Rusya&#8217;daki siyonizm. MOSSAD&#8217;\u0131n kurulu\u015fu, MOSSAD darbeleri ve \u015fa\u015f\u0131rtan faaliyetleri. \u0130srail ve siyonizmin Afrika \u00fclkelerini saran ku\u015fatmas\u0131 ve darbeleri. Siyonist Evanjelizm Tarikat\u0131&#8217;n\u0131n ABD, T\u00fcrkiye ve Ortado\u011fu&#8217;daki \u015fok operasyonlar\u0131. Rothschild&#8217;\u0131n Osmanl\u0131&#8217;y\u0131 y\u0131kmas\u0131 ve T\u00fcrkiye&#8217;deki sinsi i\u015fleri. Siyonizmin K\u0131br\u0131s ku\u015fatmas\u0131, \u00c7anakkale Sava\u015f\u0131&#8217;ndaki siyonistler ve \u0130srail&#8217;in kurulu\u015fu. Hitler&#8217;in siyonistlere yapt\u0131\u011f\u0131 yapt\u0131\u011f\u0131 hizmet ve gizli anla\u015fma. \u0130sim isim, kurum kurum, \u015firket \u015firket, siyonizmin anlat\u0131lmayan k\u00fcresel a\u011f\u0131 ve daha fazlas\u0131 &#8221;DER\u0130N \u0130SRA\u0130L&#8221; kitab\u0131nda sizi bekliyor&#8230;   <\/p>\n","protected":false},"excerpt":{"rendered":"<p>T\u00fcrkiye ve d\u00fcnyadaki derin siyonizm a\u011f\u0131n\u0131 okumaya haz\u0131r m\u0131s\u0131n\u0131z? Osmanl\u0131&#8217;ya g\u00f6\u00e7 eden Yahudilerin tehlikeli bankerlere d\u00f6n\u00fc\u015fmeleri. Osmanl\u0131&#8217;y\u0131 y\u0131k\u0131ma g\u00f6t\u00fcren Yahudi okullar\u0131 ve bu okulda okuyan Milli<span class=\"excerpt-hellip\"> [\u2026]<\/span><\/p>\n","protected":false},"featured_media":0,"template":"","meta":{"_monsterinsights_skip_tracking":false,"_monsterinsights_sitenote_active":false,"_monsterinsights_sitenote_note":"","_monsterinsights_sitenote_category":0},"product_brand":[],"product_cat":[48062,12337],"product_tag":[],"class_list":{"0":"post-779149","1":"product","2":"type-product","3":"status-publish","5":"product_cat-dis-politika","6":"product_cat-politika-siyaset","7":"pa_cilt-ciltsiz","8":"pa_tur-kitap","9":"pa_yayinevi-lopus-yayinlari","10":"pa_yazar-mustafa-guldagi","12":"first","13":"instock","14":"sale","15":"shipping-taxable","16":"purchasable","17":"product-type-simple"},"_links":{"self":[{"href":"https:\/\/roveyayinevi.com.tr\/index.php\/wp-json\/wp\/v2\/product\/779149","targetHints":{"allow":["GET"]}}],"collection":[{"href":"https:\/\/roveyayinevi.com.tr\/index.php\/wp-json\/wp\/v2\/product"}],"about":[{"href":"https:\/\/roveyayinevi.com.tr\/index.php\/wp-json\/wp\/v2\/types\/product"}],"wp:attachment":[{"href":"https:\/\/roveyayinevi.com.tr\/index.php\/wp-json\/wp\/v2\/media?parent=779149"}],"wp:term":[{"taxonomy":"product_brand","embeddable":true,"href":"https:\/\/roveyayinevi.com.tr\/index.php\/wp-json\/wp\/v2\/product_brand?post=779149"},{"taxonomy":"product_cat","embeddable":true,"href":"https:\/\/roveyayinevi.com.tr\/index.php\/wp-json\/wp\/v2\/product_cat?post=779149"},{"taxonomy":"product_tag","embeddable":true,"href":"https:\/\/roveyayinevi.com.tr\/index.php\/wp-json\/wp\/v2\/product_tag?post=779149"}],"curies":[{"name":"wp","href":"https:\/\/api.w.org\/{rel}","templated":true}]}}