{"id":779147,"date":"2025-12-30T10:49:37","date_gmt":"2025-12-30T07:49:37","guid":{"rendered":"https:\/\/roveyayinevi.com.tr\/index.php\/urun\/sinir-2700-sakli-ulke\/"},"modified":"2026-04-16T02:47:39","modified_gmt":"2026-04-15T23:47:39","slug":"sinir-2700-sakli-ulke","status":"publish","type":"product","link":"https:\/\/roveyayinevi.com.tr\/index.php\/urun\/sinir-2700-sakli-ulke\/","title":{"rendered":"S\u0131n\u0131r 2700 Sakl\u0131 \u00dclke"},"content":{"rendered":"<p>Y\u0131l 2045&#8230; Mavi\u2019nin g\u00f6nderdi\u011fi kitap, Sakl\u0131 \u00dclke\u2019de ya\u015fayan d\u00f6rt gencin ilgisini \u00e7ekmeyi ba\u015fard\u0131. Macera kald\u0131\u011f\u0131 yerden devam ediyor. Bu defa g\u00f6rev; hen\u00fcz var olmam\u0131\u015f kurucuyu, dondurulmadan yok etmek! \u201cBizim \u00fclkemiz t\u00fcm teknolojinin sonuna kadar kullan\u0131ld\u0131\u011f\u0131 sonradan haritaya eklenen ama d\u0131\u015far\u0131dan kimsenin buraya giremedi\u011fi, \u00e7a\u011f atlam\u0131\u015f pilot bir \u00fclke. D\u0131\u015far\u0131daki d\u00fcnyay\u0131 hi\u00e7 g\u00f6rmedik, b\u00f6yle ayr\u0131cal\u0131kl\u0131 imkanlara sahipken neden g\u00f6rmek isteyelim ki zaten? Burada g\u00fcvendeyiz d\u0131\u015far\u0131daki, sava\u015flardan, yoksulluktan, k\u00fcresel sorunlardan hi\u00e7bir \u015feyden etkilenmiyoruz ve \u00fclkemizin s\u0131n\u0131rlar\u0131 her ge\u00e7en g\u00fcn b\u00fcy\u00fcyor. D\u0131\u015far\u0131dakiler sadece bulutlara de\u011fen g\u00f6kdelenlerin fantastik ihti\u015fam\u0131n\u0131 g\u00f6rebiliyor.\u201d \u201cPeki y\u0131llar sonra ne olacak? \u00dclkemiz bu h\u0131zla geli\u015fip b\u00fcy\u00fcrken d\u0131\u015far\u0131da kalanlara ne olacak? Ben s\u00f6yleyeyim t\u0131pk\u0131 kitapta bahsedildi\u011fi gibi biz burada \u00e7a\u011f atlarken daha fazlas\u0131n\u0131 isteyen zenginler, d\u0131\u015far\u0131daki zavall\u0131lar\u0131 kullanmak isteyecek.\u201d \u201cKitap bir rehber olarak g\u00f6r\u00fcl\u00fcyor ve yapmam\u0131z gereken tek \u015fey onlardan olmamak. Bizler ba\u015f\u0131ndan beri e\u015fit olanlar\u0131z. Biz doyumsuz olanlar de\u011fil, her \u015feye sahip oldu\u011fumuz halde yine de insanlara yard\u0131m etmeyi se\u00e7enleriz. Bizim saf \u0131rk\u0131m\u0131z, d\u0131\u015f d\u00fcnyadan gelenlerle bozulmayacak. Y\u00fczy\u0131llar sonra bile sonradan g\u00f6rmeler sahip, asil kanlar, su alt\u0131 s\u0131n\u0131f\u0131ndan olacak..!\u201d <\/p>\n","protected":false},"excerpt":{"rendered":"<p>Y\u0131l 2045&#8230; Mavi\u2019nin g\u00f6nderdi\u011fi kitap, Sakl\u0131 \u00dclke\u2019de ya\u015fayan d\u00f6rt gencin ilgisini \u00e7ekmeyi ba\u015fard\u0131. Macera kald\u0131\u011f\u0131 yerden devam ediyor. Bu defa g\u00f6rev; hen\u00fcz var olmam\u0131\u015f kurucuyu, dondurulmadan<span class=\"excerpt-hellip\"> [\u2026]<\/span><\/p>\n","protected":false},"featured_media":0,"template":"","meta":{"_monsterinsights_skip_tracking":false,"_monsterinsights_sitenote_active":false,"_monsterinsights_sitenote_note":"","_monsterinsights_sitenote_category":0},"product_brand":[],"product_cat":[12540,12291],"product_tag":[],"class_list":{"0":"post-779147","1":"product","2":"type-product","3":"status-publish","5":"product_cat-bilim-kurgu","6":"product_cat-edebiyat","7":"pa_cilt-ciltsiz","8":"pa_tur-kitap","9":"pa_yayinevi-kitap-muptelasi-yayinlari","10":"pa_yazar-ozgecan-dogan","12":"first","13":"instock","14":"sale","15":"shipping-taxable","16":"purchasable","17":"product-type-simple"},"_links":{"self":[{"href":"https:\/\/roveyayinevi.com.tr\/index.php\/wp-json\/wp\/v2\/product\/779147","targetHints":{"allow":["GET"]}}],"collection":[{"href":"https:\/\/roveyayinevi.com.tr\/index.php\/wp-json\/wp\/v2\/product"}],"about":[{"href":"https:\/\/roveyayinevi.com.tr\/index.php\/wp-json\/wp\/v2\/types\/product"}],"wp:attachment":[{"href":"https:\/\/roveyayinevi.com.tr\/index.php\/wp-json\/wp\/v2\/media?parent=779147"}],"wp:term":[{"taxonomy":"product_brand","embeddable":true,"href":"https:\/\/roveyayinevi.com.tr\/index.php\/wp-json\/wp\/v2\/product_brand?post=779147"},{"taxonomy":"product_cat","embeddable":true,"href":"https:\/\/roveyayinevi.com.tr\/index.php\/wp-json\/wp\/v2\/product_cat?post=779147"},{"taxonomy":"product_tag","embeddable":true,"href":"https:\/\/roveyayinevi.com.tr\/index.php\/wp-json\/wp\/v2\/product_tag?post=779147"}],"curies":[{"name":"wp","href":"https:\/\/api.w.org\/{rel}","templated":true}]}}