{"id":779144,"date":"2025-12-30T10:48:46","date_gmt":"2025-12-30T07:48:46","guid":{"rendered":"https:\/\/roveyayinevi.com.tr\/index.php\/urun\/bir-babanin-hamileligi\/"},"modified":"2026-04-16T02:45:57","modified_gmt":"2026-04-15T23:45:57","slug":"bir-babanin-hamileligi","status":"publish","type":"product","link":"https:\/\/roveyayinevi.com.tr\/index.php\/urun\/bir-babanin-hamileligi\/","title":{"rendered":"Bir Baban\u0131n Hamileli\u011fi"},"content":{"rendered":"<p>\u201cBu kitab\u0131, \u2018Baba olunca anlars\u0131n,\u2019 ve \u2018Siz erkekler ne anlayacaks\u0131n\u0131z?\u2019 aras\u0131nda s\u0131k\u0131\u015f\u0131p kal\u0131nca yazmak istedim. Hissetti\u011fim, az biraz \u00f6tekile\u015ftirilme ama bir o kadar da tahrikti. Kitap\u00e7\u0131larda bir heves gezerken, babal\u0131kla ilgili ne kadar az yaz\u0131, kitap, eser oldu\u011funu fark etmemle beraber ba\u015flad\u0131m akl\u0131mdan, g\u00f6z\u00fcmden ge\u00e7enleri yazmaya. Tek iste\u011fim babal\u0131k g\u00f6revini icra ederken yapaca\u011f\u0131m yanl\u0131\u015flarda erkek oldu\u011fum i\u00e7in de\u011fil, ebeveyn oldu\u011fum i\u00e7in ele\u015ftirilmek ya da tersi durumlarda erkek oldu\u011fum i\u00e7in de\u011fil baba oldu\u011fum i\u00e7in takdir g\u00f6rmek. Bu kitap herkese hitap etmez, \u00f6zellikle bir gruba da hitap etmez. Ama d\u00fc\u015f\u00fcnen her erkek ve kad\u0131n i\u00e7in, kendisine ya da etraf\u0131ndan en az birka\u00e7 ki\u015fiye \u2018Yaa bak g\u00f6rd\u00fcn m\u00fc?\u2019 diyece\u011fi konular bar\u0131nd\u0131r\u0131r. Bu kitab\u0131 \u00e7ocuk isteyen erkekler, \u00e7ocuk istemeyen erkekler, zaten baba olmu\u015f erkekler ya da yak\u0131nda olacak erkekler okumal\u0131d\u0131r. Bu kitab\u0131 sayd\u0131\u011f\u0131m erkek modellerinden en az birini tan\u0131yan her kad\u0131n okumal\u0131d\u0131r.\u201d   H\u00fcseyin Mercan, \u00e7ocu\u011funu kuca\u011f\u0131na ald\u0131\u011f\u0131 vakte kadar ge\u00e7en s\u00fcre\u00e7te kendisinde ve \u00e7evresinde g\u00f6zlemledi\u011fi, eksik veya yanl\u0131\u015f buldu\u011fu konular\u0131, tutumlar\u0131 titizlikle mercek alt\u0131na al\u0131yor. Eserindeki ele\u015ftirel ve mizahi \u00fcslubuyla okuyucuyu d\u00fc\u015f\u00fcnd\u00fcrmeye sevk ederek ki\u015fisel tecr\u00fcbelerini okurla bulu\u015fturuyor. <\/p>\n","protected":false},"excerpt":{"rendered":"<p>\u201cBu kitab\u0131, \u2018Baba olunca anlars\u0131n,\u2019 ve \u2018Siz erkekler ne anlayacaks\u0131n\u0131z?\u2019 aras\u0131nda s\u0131k\u0131\u015f\u0131p kal\u0131nca yazmak istedim. Hissetti\u011fim, az biraz \u00f6tekile\u015ftirilme ama bir o kadar da tahrikti. Kitap\u00e7\u0131larda<span class=\"excerpt-hellip\"> [\u2026]<\/span><\/p>\n","protected":false},"featured_media":0,"template":"","meta":{"_monsterinsights_skip_tracking":false,"_monsterinsights_sitenote_active":false,"_monsterinsights_sitenote_note":"","_monsterinsights_sitenote_category":0},"product_brand":[],"product_cat":[13701,12291],"product_tag":[],"class_list":{"0":"post-779144","1":"product","2":"type-product","3":"status-publish","5":"product_cat-ani-mektup-gunluk","6":"product_cat-edebiyat","7":"pa_cilt-ciltsiz","8":"pa_tur-kitap","9":"pa_yayinevi-luna-yayinlari","10":"pa_yazar-huseyin-mercan","12":"first","13":"instock","14":"sale","15":"shipping-taxable","16":"purchasable","17":"product-type-simple"},"_links":{"self":[{"href":"https:\/\/roveyayinevi.com.tr\/index.php\/wp-json\/wp\/v2\/product\/779144","targetHints":{"allow":["GET"]}}],"collection":[{"href":"https:\/\/roveyayinevi.com.tr\/index.php\/wp-json\/wp\/v2\/product"}],"about":[{"href":"https:\/\/roveyayinevi.com.tr\/index.php\/wp-json\/wp\/v2\/types\/product"}],"wp:attachment":[{"href":"https:\/\/roveyayinevi.com.tr\/index.php\/wp-json\/wp\/v2\/media?parent=779144"}],"wp:term":[{"taxonomy":"product_brand","embeddable":true,"href":"https:\/\/roveyayinevi.com.tr\/index.php\/wp-json\/wp\/v2\/product_brand?post=779144"},{"taxonomy":"product_cat","embeddable":true,"href":"https:\/\/roveyayinevi.com.tr\/index.php\/wp-json\/wp\/v2\/product_cat?post=779144"},{"taxonomy":"product_tag","embeddable":true,"href":"https:\/\/roveyayinevi.com.tr\/index.php\/wp-json\/wp\/v2\/product_tag?post=779144"}],"curies":[{"name":"wp","href":"https:\/\/api.w.org\/{rel}","templated":true}]}}