{"id":779143,"date":"2025-12-30T10:48:41","date_gmt":"2025-12-30T07:48:41","guid":{"rendered":"https:\/\/roveyayinevi.com.tr\/index.php\/urun\/bir-caglayandir-ezeli-doganay\/"},"modified":"2026-02-03T03:01:49","modified_gmt":"2026-02-03T00:01:49","slug":"bir-caglayandir-ezeli-doganay","status":"publish","type":"product","link":"https:\/\/roveyayinevi.com.tr\/index.php\/urun\/bir-caglayandir-ezeli-doganay\/","title":{"rendered":"Bir \u00c7a\u011flayand\u0131r Ezeli Do\u011fanay"},"content":{"rendered":"<p>\u00c7a\u011fda\u015f ve geleneksel \u015fiir aras\u0131nda bir kav\u015fak, bir k\u00f6pr\u00fcd\u00fcr Ezeli Do\u011fanay&#8230; Herkesin \u015fiir yazd\u0131\u011f\u0131, \u015fiirin doruklarda oldu\u011fu bir dilde, \u015fair olmak zor. \u00d6zellikle bas\u0131n ve ileti\u015fimin kolay oldu\u011fu g\u00fcn\u00fcm\u00fczde yaz\u0131p yay\u0131nlamaktan \u00e7ok daha \u00f6nemlisi okutup sevdirmek. Bu zorlu\u011fu a\u015fmak i\u00e7in \u015fairin s\u00fcrekli kendisini yenilemesi, kendisini a\u015fmas\u0131 gerekir. Ezeli Do\u011fanay, ad\u0131na uygun bi\u00e7imde ge\u00e7mi\u015fi \u00f6z\u00fcmseyip gelece\u011fin \u015fiirine bir yap\u0131ta\u015f\u0131 koyma \u00f6zlemi i\u00e7inde s\u00fcrekli kendisini yenileyen, kendini a\u015fmaya \u00e7al\u0131\u015fan bir \u015fair&#8230; Kitab\u0131nda verdi\u011fi \u00f6rneklerle halk \u015fiiri gelene\u011fini \u00f6z\u00fcmsedi\u011fini g\u00f6steriyor. Maviye Tutkun kitab\u0131nda sundu\u011fu \u00f6rneklerse halk \u015fiiri motifleri ile \u00e7a\u011fda\u015f \u015fiir \u00f6rnekleri&#8230; T\u00fcrk\u00e7e \u015fiir dilini  halk s\u00f6yleyi\u015finden \u00e7a\u011fda\u015f \u015fiire ta\u015f\u0131yor. \u0130mgeleri \u00e7a\u011fda\u015f \u015fiir, s\u00f6yleyi\u015fi halk gelene\u011fine dayan\u0131yor. Y\u0131llard\u0131r Almanya\u2019da ama o hep T\u00fcrkiye\u2019de, T\u00fcrkiyelilerle i\u00e7 i\u00e7e ya\u015f\u0131yor. Ezeli Do\u011fanay&#8217;\u0131 bir k\u00f6pr\u00fc, bir kav\u015fak yapan, bu ya\u015fam bi\u00e7imi. \u015eiirlerine bu ikili\u011fin g\u00f6r\u00fcnt\u00fcleri yans\u0131yor. Duru T\u00fcrk\u00e7esi, al\u00e7ak sesli s\u00f6yle\u015fi \u015fiirleri ayr\u0131 bir tat veriyor. \u015eiirlerinde g\u00f6r\u00fcnt\u00fcs\u00fcn\u00fc buluyoruz. \u0130nce, zarif ve sayg\u0131l\u0131. Y\u00fcz y\u00fcze tan\u0131d\u0131\u011f\u0131m bir dostumun \u015fiirlerini de\u011ferlendirirken nesnel olmad\u0131\u011f\u0131m\u0131 biliyorum ama y\u0131llar\u0131n ard\u0131ndan ba\u015fka nas\u0131l olabilirim? Prof. Dr. Fuat Bozkurt <\/p>\n","protected":false},"excerpt":{"rendered":"<p>\u00c7a\u011fda\u015f ve geleneksel \u015fiir aras\u0131nda bir kav\u015fak, bir k\u00f6pr\u00fcd\u00fcr Ezeli Do\u011fanay&#8230; Herkesin \u015fiir yazd\u0131\u011f\u0131, \u015fiirin doruklarda oldu\u011fu bir dilde, \u015fair olmak zor. \u00d6zellikle bas\u0131n ve ileti\u015fimin<span class=\"excerpt-hellip\"> [\u2026]<\/span><\/p>\n","protected":false},"featured_media":0,"template":"","meta":{"_monsterinsights_skip_tracking":false,"_monsterinsights_sitenote_active":false,"_monsterinsights_sitenote_note":"","_monsterinsights_sitenote_category":0},"product_brand":[],"product_cat":[14060,12291],"product_tag":[],"class_list":{"0":"post-779143","1":"product","2":"type-product","3":"status-publish","5":"product_cat-antoloji","6":"product_cat-edebiyat","7":"pa_cilt-ciltsiz","8":"pa_tur-kitap","9":"pa_yayinevi-luna-yayinlari","10":"pa_yazar-omer-ulucay","12":"first","13":"instock","14":"sale","15":"shipping-taxable","16":"purchasable","17":"product-type-simple"},"_links":{"self":[{"href":"https:\/\/roveyayinevi.com.tr\/index.php\/wp-json\/wp\/v2\/product\/779143","targetHints":{"allow":["GET"]}}],"collection":[{"href":"https:\/\/roveyayinevi.com.tr\/index.php\/wp-json\/wp\/v2\/product"}],"about":[{"href":"https:\/\/roveyayinevi.com.tr\/index.php\/wp-json\/wp\/v2\/types\/product"}],"wp:attachment":[{"href":"https:\/\/roveyayinevi.com.tr\/index.php\/wp-json\/wp\/v2\/media?parent=779143"}],"wp:term":[{"taxonomy":"product_brand","embeddable":true,"href":"https:\/\/roveyayinevi.com.tr\/index.php\/wp-json\/wp\/v2\/product_brand?post=779143"},{"taxonomy":"product_cat","embeddable":true,"href":"https:\/\/roveyayinevi.com.tr\/index.php\/wp-json\/wp\/v2\/product_cat?post=779143"},{"taxonomy":"product_tag","embeddable":true,"href":"https:\/\/roveyayinevi.com.tr\/index.php\/wp-json\/wp\/v2\/product_tag?post=779143"}],"curies":[{"name":"wp","href":"https:\/\/api.w.org\/{rel}","templated":true}]}}