{"id":779140,"date":"2025-12-30T10:48:01","date_gmt":"2025-12-30T07:48:01","guid":{"rendered":"https:\/\/roveyayinevi.com.tr\/index.php\/urun\/ilk-ve-son-mukadderat\/"},"modified":"2025-12-30T10:48:01","modified_gmt":"2025-12-30T07:48:01","slug":"ilk-ve-son-mukadderat","status":"publish","type":"product","link":"https:\/\/roveyayinevi.com.tr\/index.php\/urun\/ilk-ve-son-mukadderat\/","title":{"rendered":"\u0130lk ve Son Mukadderat"},"content":{"rendered":"<p>\u201c\u0130lk ve Son\u201d serisinin 4. Kitab\u0131 \u201cMukadderat\u201dBasit kelimelerle anlatmaya kalksa \u201cNe cennetteyim ne cehennemde; ne Araf beni kabul etti ne de bug\u00fcne kadar kabul edilen inan\u00e7lar bana yol g\u00f6sterdi.\u201d c\u00fcmlesiyle anlatmay\u0131 tercih ederdi. \u0130nsanlara bulundu\u011fu yeri tarif edemezdi. Var olmak ile yok olmak aras\u0131ndaki sava\u015fta iki taraf\u0131n da kendisi oldu\u011funu, galip ve ma\u011flup olman\u0131n manas\u0131z kald\u0131\u011f\u0131n\u0131, \u00e7\u0131k\u0131\u015f kap\u0131s\u0131n\u0131n olmad\u0131\u011f\u0131 bir ortamda elinde kap\u0131 anahtar\u0131yla gezmenin delilik de\u011fil de ger\u00e7e\u011fe ula\u015fmak oldu\u011funu anlatmak i\u00e7in insanl\u0131\u011f\u0131 en ba\u015fa d\u00f6nd\u00fcrmek gerekliydi.Ba\u015flad\u0131\u011f\u0131m\u0131z yerdeyiz. Ba\u015flang\u0131\u00e7 da karanl\u0131kt\u0131, son da karanl\u0131k. Belki de g\u00f6remedi\u011fimde karanl\u0131k, g\u00f6rd\u00fc\u011f\u00fcm\u00fczde ayd\u0131nl\u0131k diyoruz. G\u00f6rd\u00fc\u011f\u00fcm\u00fcz; \u0131\u015f\u0131k siyah\u0131n ta kendisi, \u0131\u015f\u0131ks\u0131zl\u0131k ayd\u0131nl\u0131\u011f\u0131n ger\u00e7e\u011fi olabilir mi? Duyamad\u0131\u011f\u0131m\u0131z y\u00fcksek ve al\u00e7ak sesleri yok sayd\u0131\u011f\u0131m\u0131z gibi sadece alg\u0131lad\u0131\u011f\u0131m\u0131z renkleri kabul edip i\u00e7erisinde veya ard\u0131nda olanlar\u0131 da yok olarak kabul ediyor olabilir miyiz? Bizler g\u00f6rmediklerimizden korktu\u011fumuz i\u00e7in ger\u00e7eklerin \u00fcst\u00fcn\u00fc \u00f6rterek onlar\u0131 yok sayd\u0131\u011f\u0131m\u0131z ger\u00e7e\u011fi, ger\u00e7ekleri gizleyebiliyor mu?<\/p>\n","protected":false},"excerpt":{"rendered":"<p>\u201c\u0130lk ve Son\u201d serisinin 4. Kitab\u0131 \u201cMukadderat\u201dBasit kelimelerle anlatmaya kalksa \u201cNe cennetteyim ne cehennemde; ne Araf beni kabul etti ne de bug\u00fcne kadar kabul edilen inan\u00e7lar<span class=\"excerpt-hellip\"> [\u2026]<\/span><\/p>\n","protected":false},"featured_media":0,"template":"","meta":{"_monsterinsights_skip_tracking":false,"_monsterinsights_sitenote_active":false,"_monsterinsights_sitenote_note":"","_monsterinsights_sitenote_category":0},"product_brand":[],"product_cat":[12291,14777],"product_tag":[],"class_list":{"0":"post-779140","1":"product","2":"type-product","3":"status-publish","5":"product_cat-edebiyat","6":"product_cat-fantastik","7":"pa_cilt-ciltsiz","8":"pa_tur-kitap","9":"pa_yayinevi-vaveyla-yayincilik","10":"pa_yazar-umit-dagci","12":"first","13":"instock","14":"sale","15":"shipping-taxable","16":"purchasable","17":"product-type-simple"},"_links":{"self":[{"href":"https:\/\/roveyayinevi.com.tr\/index.php\/wp-json\/wp\/v2\/product\/779140","targetHints":{"allow":["GET"]}}],"collection":[{"href":"https:\/\/roveyayinevi.com.tr\/index.php\/wp-json\/wp\/v2\/product"}],"about":[{"href":"https:\/\/roveyayinevi.com.tr\/index.php\/wp-json\/wp\/v2\/types\/product"}],"wp:attachment":[{"href":"https:\/\/roveyayinevi.com.tr\/index.php\/wp-json\/wp\/v2\/media?parent=779140"}],"wp:term":[{"taxonomy":"product_brand","embeddable":true,"href":"https:\/\/roveyayinevi.com.tr\/index.php\/wp-json\/wp\/v2\/product_brand?post=779140"},{"taxonomy":"product_cat","embeddable":true,"href":"https:\/\/roveyayinevi.com.tr\/index.php\/wp-json\/wp\/v2\/product_cat?post=779140"},{"taxonomy":"product_tag","embeddable":true,"href":"https:\/\/roveyayinevi.com.tr\/index.php\/wp-json\/wp\/v2\/product_tag?post=779140"}],"curies":[{"name":"wp","href":"https:\/\/api.w.org\/{rel}","templated":true}]}}