{"id":779139,"date":"2025-12-30T10:47:26","date_gmt":"2025-12-30T07:47:26","guid":{"rendered":"https:\/\/roveyayinevi.com.tr\/index.php\/urun\/ebeveynlikteki-ortaklik-sanati\/"},"modified":"2026-04-16T02:44:38","modified_gmt":"2026-04-15T23:44:38","slug":"ebeveynlikteki-ortaklik-sanati","status":"publish","type":"product","link":"https:\/\/roveyayinevi.com.tr\/index.php\/urun\/ebeveynlikteki-ortaklik-sanati\/","title":{"rendered":"Ebeveynlikteki Ortakl\u0131k Sanat\u0131"},"content":{"rendered":"<p>Kad\u0131n\u0131n ev is\u0327leri ve c\u0327ocuklar\u0131n bak\u0131m\u0131yla ilgilendig\u0306i, erkeg\u0306in aileye maddi kaynak sag\u0306lamak u\u0308zere ev d\u0131s\u0327\u0131nda c\u0327al\u0131s\u0327t\u0131g\u0306\u0131 geleneksel c\u0327ekirdek aile modeli bugu\u0308n art\u0131k c\u0327ok gerilerde kald\u0131. Kad\u0131nlar\u0131n is\u0327 du\u0308nyas\u0131na giderek artan kat\u0131l\u0131m\u0131, erkeklere ev ic\u0327inde yeni sorumluluklar getirdi. Aile ic\u0327i organizasyon ve ebeveynlik, epeydir tek bas\u0327\u0131na kad\u0131n\u0131n sorumluluk alan\u0131 olmaktan c\u0327\u0131k\u0131p ortaklas\u0327a yu\u0308ru\u0308tu\u0308lmesi gereken bir is\u0327 haline geldi.Ebeveynler aras\u0131 is\u0327birlig\u0306i, aile gelis\u0327iminin ha\u0302la\u0302 tam kes\u0327fedilmemis\u0327 bir yu\u0308zu\u0308 olsa da, psikoloji alan\u0131nda yap\u0131lan c\u0327al\u0131s\u0327malar bu konunun ne kadar karmas\u0327\u0131k oldug\u0306unu ortaya koyuyor. Annenin ve baban\u0131n c\u0327ocug\u0306un eg\u0306itimine ve gelis\u0327imine katk\u0131s\u0131 nedir? Bak\u0131m ve s\u0327efkat annenin, disiplin baban\u0131n dog\u0306al go\u0308revi midir? Ebeveynler ne konuda hemfikir olmal\u0131 ve hangi noktada is\u0327birlig\u0306i yapmal\u0131d\u0131r? C\u0327ocuklar kac\u0327 yas\u0327\u0131ndan itibaren anne babalar\u0131n\u0131n aras\u0131nda olanlara kars\u0327\u0131 duyarl\u0131l\u0131k kazan\u0131rlar? Gu\u0308nlu\u0308k hayatta es\u0327ler birbirine nas\u0131l destek olabilirler? C\u0327ocuk yetis\u0327tirmek ic\u0327in arada biyolojik bag\u0306 olmas\u0131 zorunlu mudur? Es\u0327lerin ayr\u0131lmas\u0131 durumunda ortak ebeveynlik go\u0308revi nas\u0131l su\u0308rdu\u0308ru\u0308lu\u0308r?Aile ve ebeveynlik konular\u0131nda uzmanlas\u0327m\u0131s\u0327 psikolog Nicolas Favez Ebeveynlikte Ortakl\u0131k Sanat\u0131. C\u0327ocuk Yetis\u0327tirirken Birbirine Destek Olman\u0131n O\u0308nemi\u2019nde, anne babalara hem hayatlar\u0131n\u0131 kolaylas\u0327t\u0131racak hem de c\u0327ocuklar\u0131yla ve birbirleriyle ilis\u0327kilerini daha anlaml\u0131 hale getirecek pratik o\u0308nerilerde bulunuyor. <\/p>\n","protected":false},"excerpt":{"rendered":"<p>Kad\u0131n\u0131n ev is\u0327leri ve c\u0327ocuklar\u0131n bak\u0131m\u0131yla ilgilendig\u0306i, erkeg\u0306in aileye maddi kaynak sag\u0306lamak u\u0308zere ev d\u0131s\u0327\u0131nda c\u0327al\u0131s\u0327t\u0131g\u0306\u0131 geleneksel c\u0327ekirdek aile modeli bugu\u0308n art\u0131k c\u0327ok gerilerde kald\u0131. Kad\u0131nlar\u0131n<span class=\"excerpt-hellip\"> [\u2026]<\/span><\/p>\n","protected":false},"featured_media":0,"template":"","meta":{"_monsterinsights_skip_tracking":false,"_monsterinsights_sitenote_active":false,"_monsterinsights_sitenote_note":"","_monsterinsights_sitenote_category":0},"product_brand":[],"product_cat":[17996,12364],"product_tag":[],"class_list":{"0":"post-779139","1":"product","2":"type-product","3":"status-publish","5":"product_cat-ebeveyn-kitaplari","6":"product_cat-genel-konular","7":"pa_cilt-ciltsiz","8":"pa_tur-kitap","9":"pa_yayinevi-iletisim-yayinlari","10":"pa_yazar-nicolas-favez","12":"first","13":"instock","14":"sale","15":"shipping-taxable","16":"purchasable","17":"product-type-simple"},"_links":{"self":[{"href":"https:\/\/roveyayinevi.com.tr\/index.php\/wp-json\/wp\/v2\/product\/779139","targetHints":{"allow":["GET"]}}],"collection":[{"href":"https:\/\/roveyayinevi.com.tr\/index.php\/wp-json\/wp\/v2\/product"}],"about":[{"href":"https:\/\/roveyayinevi.com.tr\/index.php\/wp-json\/wp\/v2\/types\/product"}],"wp:attachment":[{"href":"https:\/\/roveyayinevi.com.tr\/index.php\/wp-json\/wp\/v2\/media?parent=779139"}],"wp:term":[{"taxonomy":"product_brand","embeddable":true,"href":"https:\/\/roveyayinevi.com.tr\/index.php\/wp-json\/wp\/v2\/product_brand?post=779139"},{"taxonomy":"product_cat","embeddable":true,"href":"https:\/\/roveyayinevi.com.tr\/index.php\/wp-json\/wp\/v2\/product_cat?post=779139"},{"taxonomy":"product_tag","embeddable":true,"href":"https:\/\/roveyayinevi.com.tr\/index.php\/wp-json\/wp\/v2\/product_tag?post=779139"}],"curies":[{"name":"wp","href":"https:\/\/api.w.org\/{rel}","templated":true}]}}