{"id":779138,"date":"2025-12-30T10:47:21","date_gmt":"2025-12-30T07:47:21","guid":{"rendered":"https:\/\/roveyayinevi.com.tr\/index.php\/urun\/konu-cocuk-olunca\/"},"modified":"2026-04-16T02:44:02","modified_gmt":"2026-04-15T23:44:02","slug":"konu-cocuk-olunca","status":"publish","type":"product","link":"https:\/\/roveyayinevi.com.tr\/index.php\/urun\/konu-cocuk-olunca\/","title":{"rendered":"Konu \u00c7ocuk Olunca"},"content":{"rendered":"<p>\u00c7ocuk konusunda yap\u0131lan \u00e7al\u0131\u015fmalar sosyolojik ve teknolojik yenilikler, toplumsal de\u011fi\u015fiklikler ve ola\u011fan\u00fcst\u00fc ya\u015fam deneyimlerine ba\u011fl\u0131 olarak de\u011fi\u015fiklikler g\u00f6stermekte ve alanlar aras\u0131nda bilgi ak\u0131\u015f\u0131 yeterince sa\u011flanamayabilmektedir. Bu kitap; konu, \u00e7ocuk olunca, \u00f6zveri ile \u00e7al\u0131\u015fan pek \u00e7ok bilim alan\u0131ndan k\u00fc\u00e7\u00fck bir ekiple ve konu, \u00e7ocuk olunca, ortak hareket noktas\u0131 olmay\u0131 hedefleyen bir anlay\u0131\u015fla haz\u0131rlanm\u0131\u015ft\u0131r. Konu, \u00e7ocuk olunca, profesyonellerce birle\u015filen nokta, olas\u0131 en y\u00fcksek yarar\u0131 sa\u011flamak i\u00e7in \u00e7ocu\u011fa bulundu\u011fu \u00e7evrede verilecek disiplinler \u00fcst\u00fc hizmetlerin belirlenmesi, planlanmas\u0131 ve sunulmas\u0131d\u0131r. Bu anlay\u0131\u015fla, yeni do\u011fan, bebek, erken \u00e7ocukluk, okul \u00e7a\u011f\u0131, ilk-orta-son ergenlik d\u00f6nemlerini i\u00e7eren 0-18 ya\u015flar\u0131 aras\u0131ndaki \u00e7ocuklar\u0131 kapsayan i\u00e7erikte her biri kendi bilim alan\u0131nda deneyimli akademisyenler, \u00e7ocuklu\u011fun tarihsel s\u00fcreci, dil geli\u015fimi, i\u015fitme geli\u015fimi, oyun, bibliyoterapi, ba\u011flanma, beslenme, pozitif disiplin, davran\u0131\u015f sorunlar\u0131, dikkat eksikli\u011fi ve ba\u015f etme yollar\u0131, \u00f6l\u00fcm\u00fcn do\u011fru \u015fekilde anlat\u0131lmas\u0131 konular\u0131n\u0131 olgu payla\u015f\u0131mlar\u0131 ile haz\u0131rlam\u0131\u015flard\u0131r. Konu, \u00e7ocuk olunca, okuyucusu olan profesyonellere, ebeveynlere ve \u00e7ocuk konusunda e\u011fitim alan ve bilgi edinmek arzusunda olanlara, \u201c\u00e7ocuk\u201d konusuna farkl\u0131 bir bak\u0131\u015f a\u00e7\u0131s\u0131 sunmay\u0131 ama\u00e7lamaktad\u0131r.<\/p>\n","protected":false},"excerpt":{"rendered":"<p>\u00c7ocuk konusunda yap\u0131lan \u00e7al\u0131\u015fmalar sosyolojik ve teknolojik yenilikler, toplumsal de\u011fi\u015fiklikler ve ola\u011fan\u00fcst\u00fc ya\u015fam deneyimlerine ba\u011fl\u0131 olarak de\u011fi\u015fiklikler g\u00f6stermekte ve alanlar aras\u0131nda bilgi ak\u0131\u015f\u0131 yeterince sa\u011flanamayabilmektedir. Bu<span class=\"excerpt-hellip\"> [\u2026]<\/span><\/p>\n","protected":false},"featured_media":0,"template":"","meta":{"_monsterinsights_skip_tracking":false,"_monsterinsights_sitenote_active":false,"_monsterinsights_sitenote_note":"","_monsterinsights_sitenote_category":0},"product_brand":[],"product_cat":[12573,12566],"product_tag":[],"class_list":{"0":"post-779138","1":"product","2":"type-product","3":"status-publish","5":"product_cat-akademik-kitaplar","6":"product_cat-egitim","7":"pa_cilt-ciltsiz","8":"pa_tur-kitap","9":"pa_yayinevi-nobel-akademik-yayincilik","10":"pa_yazar-nobel-akademik-yayincilik-kolektif","12":"first","13":"instock","14":"sale","15":"shipping-taxable","16":"purchasable","17":"product-type-simple"},"_links":{"self":[{"href":"https:\/\/roveyayinevi.com.tr\/index.php\/wp-json\/wp\/v2\/product\/779138","targetHints":{"allow":["GET"]}}],"collection":[{"href":"https:\/\/roveyayinevi.com.tr\/index.php\/wp-json\/wp\/v2\/product"}],"about":[{"href":"https:\/\/roveyayinevi.com.tr\/index.php\/wp-json\/wp\/v2\/types\/product"}],"wp:attachment":[{"href":"https:\/\/roveyayinevi.com.tr\/index.php\/wp-json\/wp\/v2\/media?parent=779138"}],"wp:term":[{"taxonomy":"product_brand","embeddable":true,"href":"https:\/\/roveyayinevi.com.tr\/index.php\/wp-json\/wp\/v2\/product_brand?post=779138"},{"taxonomy":"product_cat","embeddable":true,"href":"https:\/\/roveyayinevi.com.tr\/index.php\/wp-json\/wp\/v2\/product_cat?post=779138"},{"taxonomy":"product_tag","embeddable":true,"href":"https:\/\/roveyayinevi.com.tr\/index.php\/wp-json\/wp\/v2\/product_tag?post=779138"}],"curies":[{"name":"wp","href":"https:\/\/api.w.org\/{rel}","templated":true}]}}