{"id":779136,"date":"2025-12-30T10:46:46","date_gmt":"2025-12-30T07:46:46","guid":{"rendered":"https:\/\/roveyayinevi.com.tr\/index.php\/urun\/cevrecinin-el-kitabi\/"},"modified":"2026-04-16T02:43:46","modified_gmt":"2026-04-15T23:43:46","slug":"cevrecinin-el-kitabi","status":"publish","type":"product","link":"https:\/\/roveyayinevi.com.tr\/index.php\/urun\/cevrecinin-el-kitabi\/","title":{"rendered":"\u00c7evrecinin El Kitab\u0131"},"content":{"rendered":"<p>Geli\u015fmekte olan \u00fclkelerde g\u00f6r\u00fclen yo\u011fun \u00e7evre y\u0131k\u0131m\u0131n\u0131n \u00f6nlenmesinde \u00e7evre bilincine sahip birey ve kurulu\u015flar\u0131n duyarl\u0131l\u0131klar\u0131 neredeyse tek umut \u0131\u015f\u0131\u011f\u0131d\u0131r. Kamuoyunun ayd\u0131nlat\u0131lmas\u0131 ve kar\u015f\u0131 \u00e7\u0131kmas\u0131n\u0131 sa\u011flayan en \u00f6nemli etkenlerdir. Ekonomik bask\u0131 ile y\u00f6nlendirilen, g\u00f6rmez, bilmez ve s\u00f6ylemez duruma getirilen bas\u0131n\u0131n \u00f6rd\u00fc\u011f\u00fc duvarlar\u0131n delinebilmesi ancak onlar\u0131n sistemli ve bilin\u00e7li \u00e7abas\u0131yla m\u00fcmk\u00fcn olabilmektedir.   Bu kitap \u00e7evreye duyarl\u0131 ve \u00e7evre bilincine sahip ger\u00e7ek \u00e7evrecilere y\u00f6nelik olarak temel \u00e7evre kavramlar\u0131n\u0131n tart\u0131\u015f\u0131lmas\u0131 amac\u0131yla haz\u0131rlanm\u0131\u015ft\u0131r. <\/p>\n","protected":false},"excerpt":{"rendered":"<p>Geli\u015fmekte olan \u00fclkelerde g\u00f6r\u00fclen yo\u011fun \u00e7evre y\u0131k\u0131m\u0131n\u0131n \u00f6nlenmesinde \u00e7evre bilincine sahip birey ve kurulu\u015flar\u0131n duyarl\u0131l\u0131klar\u0131 neredeyse tek umut \u0131\u015f\u0131\u011f\u0131d\u0131r. Kamuoyunun ayd\u0131nlat\u0131lmas\u0131 ve kar\u015f\u0131 \u00e7\u0131kmas\u0131n\u0131 sa\u011flayan en<span class=\"excerpt-hellip\"> [\u2026]<\/span><\/p>\n","protected":false},"featured_media":0,"template":"","meta":{"_monsterinsights_skip_tracking":false,"_monsterinsights_sitenote_active":false,"_monsterinsights_sitenote_note":"","_monsterinsights_sitenote_category":0},"product_brand":[],"product_cat":[23323,12364],"product_tag":[],"class_list":{"0":"post-779136","1":"product","2":"type-product","3":"status-publish","5":"product_cat-ekoloji","6":"product_cat-genel-konular","7":"pa_cilt-ciltsiz","8":"pa_tur-kitap","9":"pa_yayinevi-favori-yayinlari","10":"pa_yazar-cagatay-guler","12":"first","13":"instock","14":"sale","15":"shipping-taxable","16":"purchasable","17":"product-type-simple"},"_links":{"self":[{"href":"https:\/\/roveyayinevi.com.tr\/index.php\/wp-json\/wp\/v2\/product\/779136","targetHints":{"allow":["GET"]}}],"collection":[{"href":"https:\/\/roveyayinevi.com.tr\/index.php\/wp-json\/wp\/v2\/product"}],"about":[{"href":"https:\/\/roveyayinevi.com.tr\/index.php\/wp-json\/wp\/v2\/types\/product"}],"wp:attachment":[{"href":"https:\/\/roveyayinevi.com.tr\/index.php\/wp-json\/wp\/v2\/media?parent=779136"}],"wp:term":[{"taxonomy":"product_brand","embeddable":true,"href":"https:\/\/roveyayinevi.com.tr\/index.php\/wp-json\/wp\/v2\/product_brand?post=779136"},{"taxonomy":"product_cat","embeddable":true,"href":"https:\/\/roveyayinevi.com.tr\/index.php\/wp-json\/wp\/v2\/product_cat?post=779136"},{"taxonomy":"product_tag","embeddable":true,"href":"https:\/\/roveyayinevi.com.tr\/index.php\/wp-json\/wp\/v2\/product_tag?post=779136"}],"curies":[{"name":"wp","href":"https:\/\/api.w.org\/{rel}","templated":true}]}}