{"id":779135,"date":"2025-12-30T10:46:30","date_gmt":"2025-12-30T07:46:30","guid":{"rendered":"https:\/\/roveyayinevi.com.tr\/index.php\/urun\/gol-2\/"},"modified":"2026-04-16T02:42:57","modified_gmt":"2026-04-15T23:42:57","slug":"gol-2","status":"publish","type":"product","link":"https:\/\/roveyayinevi.com.tr\/index.php\/urun\/gol-2\/","title":{"rendered":"G\u00f6l"},"content":{"rendered":"<p>\u00f6nce geceyi, sonra beni soy \u00fczerinden! ten harami s\u0131ca\u011f\u0131, g\u00fcl\u00fc\u015f\u00fcn tomurcuk sav ba\u015f\u0131ndan kendini, lut\u2019u unut! g\u00fczel adamlar\u0131 var \u00e7\u0131kmaz sokaklar\u0131n \u00e7\u0131kmaz sokaklar\u0131n insanlar\u0131   karanl\u0131kta g\u00f6z k\u0131rpma bana, g\u00f6remem s\u0131ca\u011f\u0131na ba\u011fl\u0131yorum a\u011fz\u0131n\u0131 ak\u0131nt\u0131lar\u0131n   tenini, tenimle giydireyim, utanma iki dilin bir insan etti\u011fi yerdeyiz s\u00f6nd\u00fcr sihirli lambas\u0131n\u0131 alaaddin\u2019in   en utand\u0131\u011f\u0131m\u0131z yerlerimizle b\u00fct\u00fcnle\u015firiz kalabal\u0131\u011f\u0131 sa\u011faltarak <\/p>\n","protected":false},"excerpt":{"rendered":"<p>\u00f6nce geceyi, sonra beni soy \u00fczerinden! ten harami s\u0131ca\u011f\u0131, g\u00fcl\u00fc\u015f\u00fcn tomurcuk sav ba\u015f\u0131ndan kendini, lut\u2019u unut! g\u00fczel adamlar\u0131 var \u00e7\u0131kmaz sokaklar\u0131n \u00e7\u0131kmaz sokaklar\u0131n insanlar\u0131 karanl\u0131kta g\u00f6z<span class=\"excerpt-hellip\"> [\u2026]<\/span><\/p>\n","protected":false},"featured_media":0,"template":"","meta":{"_monsterinsights_skip_tracking":false,"_monsterinsights_sitenote_active":false,"_monsterinsights_sitenote_note":"","_monsterinsights_sitenote_category":0},"product_brand":[],"product_cat":[12291,12509],"product_tag":[],"class_list":{"0":"post-779135","1":"product","2":"type-product","3":"status-publish","5":"product_cat-edebiyat","6":"product_cat-siir","7":"pa_cilt-ciltsiz","8":"pa_tur-kitap","9":"pa_yayinevi-medakitap-yayinlari","10":"pa_yazar-ibrahim-tig","12":"first","13":"instock","14":"sale","15":"shipping-taxable","16":"purchasable","17":"product-type-simple"},"_links":{"self":[{"href":"https:\/\/roveyayinevi.com.tr\/index.php\/wp-json\/wp\/v2\/product\/779135","targetHints":{"allow":["GET"]}}],"collection":[{"href":"https:\/\/roveyayinevi.com.tr\/index.php\/wp-json\/wp\/v2\/product"}],"about":[{"href":"https:\/\/roveyayinevi.com.tr\/index.php\/wp-json\/wp\/v2\/types\/product"}],"wp:attachment":[{"href":"https:\/\/roveyayinevi.com.tr\/index.php\/wp-json\/wp\/v2\/media?parent=779135"}],"wp:term":[{"taxonomy":"product_brand","embeddable":true,"href":"https:\/\/roveyayinevi.com.tr\/index.php\/wp-json\/wp\/v2\/product_brand?post=779135"},{"taxonomy":"product_cat","embeddable":true,"href":"https:\/\/roveyayinevi.com.tr\/index.php\/wp-json\/wp\/v2\/product_cat?post=779135"},{"taxonomy":"product_tag","embeddable":true,"href":"https:\/\/roveyayinevi.com.tr\/index.php\/wp-json\/wp\/v2\/product_tag?post=779135"}],"curies":[{"name":"wp","href":"https:\/\/api.w.org\/{rel}","templated":true}]}}