{"id":779134,"date":"2025-12-30T10:46:08","date_gmt":"2025-12-30T07:46:08","guid":{"rendered":"https:\/\/roveyayinevi.com.tr\/index.php\/urun\/mogol-imparatorlugu\/"},"modified":"2026-04-16T02:42:51","modified_gmt":"2026-04-15T23:42:51","slug":"mogol-imparatorlugu","status":"publish","type":"product","link":"https:\/\/roveyayinevi.com.tr\/index.php\/urun\/mogol-imparatorlugu\/","title":{"rendered":"Mo\u011fol \u0130mparatorlu\u011fu"},"content":{"rendered":"<p>At \u00fcst\u00fcndeki sava\u015f\u00e7\u0131lar: Mo\u011follar\u2026\u201cBundan sonra soyumdan gelenler aras\u0131ndan \u00e7ok say\u0131da imparator \u00e7\u0131kacak. E\u011fer onlara hizmet eden b\u00fcy\u00fckler ve sava\u015f\u00e7\u0131lar yasaya harfiyen uymazlarsa imparatorluk sars\u0131lacak ve sona erecek. Ke\u015fke bir [Cengiz] Han\u2019lar\u0131 olsa diyecekler ama olmayacak.\u201d- Cengiz Han (Re\u015f\u00eed\u00fcdd\u00een, C\u00e2mi\u00fc\u2019t-Tev\u00e2rih)Mo\u011folistan tan\u0131mlanmas\u0131 zor bir b\u00f6lge. Bozk\u0131rdaki g\u00f6\u00e7ebelerin etkile\u015fimde bulunduklar\u0131 ve bilinen tarihin b\u00fcy\u00fck bir k\u0131sm\u0131 boyunca egemen olduklar\u0131 Mo\u011folistan platosu Hunlar, Siyenpiler, C\u00fccenler, G\u00f6kt\u00fcrkler, Uygurlar ve ba\u015fkalar\u0131 olmak \u00fczere, say\u0131s\u0131z imparatorlu\u011fa ev sahipli\u011fi yapt\u0131. Bu halklar\u0131n \u00e7o\u011fu s\u0131n\u0131rlar\u0131n\u0131 Mo\u011folistan platosunun \u00f6tesine ta\u015f\u0131d\u0131 ve etkileyici imparatorluklar kurdular ancak hi\u00e7biri Avrasya haritas\u0131n\u0131 ve d\u00fcnyan\u0131n \u00e7ehresini kal\u0131c\u0131 \u015fekilde de\u011fi\u015ftirecek Mo\u011fol \u0130mparatorlu\u011fu kadar etkili bir miras b\u0131rakmad\u0131.Mo\u011follara dair \u00e7ok say\u0131da kitap ve makale kaleme al\u0131p alana yeni bir soluk getiren Timothy May\u2019in elinizdeki \u00e7al\u0131\u015fmas\u0131 b\u00fct\u00fcnc\u00fcl bir Mo\u011fol \u0130mparatorlu\u011fu Tarihi\u2019dir. \u0130mparatorluk \u00f6ncesi Mo\u011folistan\u2019\u0131n vaziyetiyle ba\u015flayan \u00e7al\u0131\u015fma; Cengiz Han\u2019\u0131n y\u00fckseli\u015fiyle birlikte Mo\u011folistan\u2019\u0131n birle\u015fmesini, Mo\u011follar\u0131n Mo\u011folistan\u2019dan \u00e7\u0131k\u0131\u015f\u0131n\u0131, imparatorlu\u011fun kurumlar\u0131n\u0131, \u00d6degey\u2019in ve G\u00fcy\u00fck\u2019\u00fcn saltanat\u0131n\u0131, M\u00f6ngke ve Tuluyo\u011fullar\u0131 devrimini, Yuan \u0130mparatorlu\u011fu\u2019nu, \u0130lhanl\u0131lar\u0131, \u00c7a\u011fatay uluslar\u0131n\u0131, Alt\u0131n Orda devletini, Mo\u011follar\u0131n M\u00fcsl\u00fcman d\u00fcnyada olu\u015fturdu\u011fu kayg\u0131y\u0131 ve onlarla olan ili\u015fkilerini enine boyuna inceliyor. Kitab\u0131n son b\u00f6l\u00fcm\u00fcnde Cengiz Hanedan\u0131\u2019n\u0131n tarih sahnesinden \u00e7ekili\u015fi ve Kara\u00e7ular\u0131n y\u00fckseli\u015fi anlat\u0131l\u0131yor. \u015eamanlar\u0131, ok\u00e7ular\u0131, d\u00fc\u011f\u00fcn alaylar\u0131, yemek k\u00fclt\u00fcrleri, yasalar\u0131, idari krizleri, saray entrikalar\u0131, mimari yap\u0131lar\u0131 ve asker\u00ee stratejileri ile birlikte kitap Mo\u011follar\u0131 anlama noktas\u0131nda e\u015fi bulunmaz bir kaynak \u00f6zelli\u011fi ta\u015f\u0131yor.Timothy May\u2019in kaleminden Mo\u011fol \u0130mparatorlu\u011fu, Do\u011fu Asya\u2019n\u0131n uzak k\u0131y\u0131lar\u0131nda g\u00f6\u00e7ebe bir toplum olarak do\u011fmu\u015fken \u00e7ok k\u0131sa denilecek zamanda co\u011frafyalar\u0131 birbirine katan, tarihin en geni\u015f k\u0131ta imparatorlu\u011fu olma \u00f6zelli\u011fini ta\u015f\u0131yan Mo\u011follara ili\u015fkin yeni bilgilerin \u0131\u015f\u0131\u011f\u0131nda en g\u00fcncel bak\u0131\u015f a\u00e7\u0131s\u0131n\u0131 sunuyor.<\/p>\n","protected":false},"excerpt":{"rendered":"<p>At \u00fcst\u00fcndeki sava\u015f\u00e7\u0131lar: Mo\u011follar\u2026\u201cBundan sonra soyumdan gelenler aras\u0131ndan \u00e7ok say\u0131da imparator \u00e7\u0131kacak. E\u011fer onlara hizmet eden b\u00fcy\u00fckler ve sava\u015f\u00e7\u0131lar yasaya harfiyen uymazlarsa imparatorluk sars\u0131lacak ve sona<span class=\"excerpt-hellip\"> [\u2026]<\/span><\/p>\n","protected":false},"featured_media":0,"template":"","meta":{"_monsterinsights_skip_tracking":false,"_monsterinsights_sitenote_active":false,"_monsterinsights_sitenote_note":"","_monsterinsights_sitenote_category":0},"product_brand":[],"product_cat":[12370,12304],"product_tag":[],"class_list":{"0":"post-779134","1":"product","2":"type-product","3":"status-publish","5":"product_cat-arastirma-inceleme","6":"product_cat-tarih","7":"pa_cilt-ciltsiz","8":"pa_tur-kitap","9":"pa_yayinevi-kronik-kitap","10":"pa_yazar-timothy-may","12":"first","13":"instock","14":"sale","15":"shipping-taxable","16":"purchasable","17":"product-type-simple"},"_links":{"self":[{"href":"https:\/\/roveyayinevi.com.tr\/index.php\/wp-json\/wp\/v2\/product\/779134","targetHints":{"allow":["GET"]}}],"collection":[{"href":"https:\/\/roveyayinevi.com.tr\/index.php\/wp-json\/wp\/v2\/product"}],"about":[{"href":"https:\/\/roveyayinevi.com.tr\/index.php\/wp-json\/wp\/v2\/types\/product"}],"wp:attachment":[{"href":"https:\/\/roveyayinevi.com.tr\/index.php\/wp-json\/wp\/v2\/media?parent=779134"}],"wp:term":[{"taxonomy":"product_brand","embeddable":true,"href":"https:\/\/roveyayinevi.com.tr\/index.php\/wp-json\/wp\/v2\/product_brand?post=779134"},{"taxonomy":"product_cat","embeddable":true,"href":"https:\/\/roveyayinevi.com.tr\/index.php\/wp-json\/wp\/v2\/product_cat?post=779134"},{"taxonomy":"product_tag","embeddable":true,"href":"https:\/\/roveyayinevi.com.tr\/index.php\/wp-json\/wp\/v2\/product_tag?post=779134"}],"curies":[{"name":"wp","href":"https:\/\/api.w.org\/{rel}","templated":true}]}}