{"id":779133,"date":"2025-12-30T10:45:51","date_gmt":"2025-12-30T07:45:51","guid":{"rendered":"https:\/\/roveyayinevi.com.tr\/index.php\/urun\/kars-ili-yerli-agzi-sozlugu\/"},"modified":"2026-04-16T02:42:05","modified_gmt":"2026-04-15T23:42:05","slug":"kars-ili-yerli-agzi-sozlugu","status":"publish","type":"product","link":"https:\/\/roveyayinevi.com.tr\/index.php\/urun\/kars-ili-yerli-agzi-sozlugu\/","title":{"rendered":"Kars \u0130li Yerli A\u011fz\u0131 S\u00f6zl\u00fc\u011f\u00fc"},"content":{"rendered":"<p>Kars ili yerli a\u011fz\u0131 eski Anadolu T\u00fcrk\u00e7esini g\u00fcn\u00fcm\u00fcze ta\u015f\u0131yan en \u00f6nemli a\u011f\u0131zlardan biridir. G\u00fcn\u00fcm\u00fcz T\u00fcrk\u00e7e s\u00f6zl\u00fcklerinde daha \u00e7ok yaz\u0131l\u0131 kaynaklarda ge\u00e7en s\u00f6zlere yer verilmektedir. T\u00fcrk dilinin s\u00f6z varl\u0131\u011f\u0131 a\u00e7\u0131s\u0131ndan; a\u011f\u0131zlardan derlenen s\u00f6zlerin de T\u00fcrk\u00e7e s\u00f6zl\u00fcklerde yer almas\u0131, T\u00fcrk\u00e7emizin s\u00f6z varl\u0131\u011f\u0131n\u0131n zenginle\u015fmesi a\u00e7\u0131s\u0131ndan \u00e7ok b\u00fcy\u00fck bir \u00f6nem arz edecektir. <\/p>\n","protected":false},"excerpt":{"rendered":"<p>Kars ili yerli a\u011fz\u0131 eski Anadolu T\u00fcrk\u00e7esini g\u00fcn\u00fcm\u00fcze ta\u015f\u0131yan en \u00f6nemli a\u011f\u0131zlardan biridir. G\u00fcn\u00fcm\u00fcz T\u00fcrk\u00e7e s\u00f6zl\u00fcklerinde daha \u00e7ok yaz\u0131l\u0131 kaynaklarda ge\u00e7en s\u00f6zlere yer verilmektedir. T\u00fcrk dilinin<span class=\"excerpt-hellip\"> [\u2026]<\/span><\/p>\n","protected":false},"featured_media":0,"template":"","meta":{"_monsterinsights_skip_tracking":false,"_monsterinsights_sitenote_active":false,"_monsterinsights_sitenote_note":"","_monsterinsights_sitenote_category":0},"product_brand":[],"product_cat":[12566,13611],"product_tag":[],"class_list":{"0":"post-779133","1":"product","2":"type-product","3":"status-publish","5":"product_cat-egitim","6":"product_cat-sozlukler-ve-konusma-kilavuzlari","7":"pa_cilt-ciltsiz","8":"pa_tur-kitap","9":"pa_yayinevi-luna-yayinlari","10":"pa_yazar-gokdal-okay","12":"first","13":"instock","14":"sale","15":"shipping-taxable","16":"purchasable","17":"product-type-simple"},"_links":{"self":[{"href":"https:\/\/roveyayinevi.com.tr\/index.php\/wp-json\/wp\/v2\/product\/779133","targetHints":{"allow":["GET"]}}],"collection":[{"href":"https:\/\/roveyayinevi.com.tr\/index.php\/wp-json\/wp\/v2\/product"}],"about":[{"href":"https:\/\/roveyayinevi.com.tr\/index.php\/wp-json\/wp\/v2\/types\/product"}],"wp:attachment":[{"href":"https:\/\/roveyayinevi.com.tr\/index.php\/wp-json\/wp\/v2\/media?parent=779133"}],"wp:term":[{"taxonomy":"product_brand","embeddable":true,"href":"https:\/\/roveyayinevi.com.tr\/index.php\/wp-json\/wp\/v2\/product_brand?post=779133"},{"taxonomy":"product_cat","embeddable":true,"href":"https:\/\/roveyayinevi.com.tr\/index.php\/wp-json\/wp\/v2\/product_cat?post=779133"},{"taxonomy":"product_tag","embeddable":true,"href":"https:\/\/roveyayinevi.com.tr\/index.php\/wp-json\/wp\/v2\/product_tag?post=779133"}],"curies":[{"name":"wp","href":"https:\/\/api.w.org\/{rel}","templated":true}]}}