{"id":779131,"date":"2025-12-30T10:45:20","date_gmt":"2025-12-30T07:45:20","guid":{"rendered":"https:\/\/roveyayinevi.com.tr\/index.php\/urun\/yuregiyle-konusanlar\/"},"modified":"2026-04-16T02:41:59","modified_gmt":"2026-04-15T23:41:59","slug":"yuregiyle-konusanlar","status":"publish","type":"product","link":"https:\/\/roveyayinevi.com.tr\/index.php\/urun\/yuregiyle-konusanlar\/","title":{"rendered":"Y\u00fcre\u011fiyle Konu\u015fanlar"},"content":{"rendered":"<p>Y\u00fcre\u011fin dili samimiyettir. Herkesin y\u00fcre\u011fi yetmeyebilir.   K\u00e2inat\u0131n s\u0131rl\u0131 kap\u0131lar\u0131n\u0131 a\u00e7abilecek tek anahtar vard\u0131r: Samimiyet&#8230; Binlerce y\u0131ld\u0131r herkesten gizlenen o b\u00fcy\u00fck s\u0131r, g\u00f6zler \u00f6n\u00fcnde apa\u00e7\u0131k bekliyordur asl\u0131nda. Samimiyet, aray\u0131p da bulunamayan b\u00fcy\u00fck s\u0131rr\u0131n tam da kendisidir. K\u00e2inat\u0131n d\u00fczenini aldatamaz insan. Bu kusursuz d\u00fczenle pazarl\u0131k edemez, oyun oynayamaz. K\u00e2inat\u0131n konu\u015ftu\u011fu tek dil samimiyettir ki buna da ancak y\u00fcre\u011fi olanlar\u0131n g\u00fcc\u00fc yeter. Y\u00dcRE\u011e\u0130YLE KONU\u015eANLAR, bir fark\u0131ndal\u0131\u011fa uyan\u0131\u015f\u0131n rehberidir. K\u00e2inatla ayn\u0131 dili konu\u015fan y\u00fcreklere, unuttu\u011fu samimiyet dilini hat\u0131rlatmak i\u00e7indir. \u015eik\u00e2yet halindeyken ba\u015far\u0131 pe\u015finde ko\u015fmak, kom\u015fusu a\u00e7 uyurken bereket bulmaya \u00e7al\u0131\u015fmak, dil k\u00f6t\u00fc konu\u015furken ger\u00e7ek bir a\u015fk ya\u015famay\u0131 umut etmek, sosyal medyada sahte profillerle ba\u015fkalar\u0131n\u0131 zalimce yarg\u0131larken, d\u00fcr\u00fcst ve adil bir d\u00fcnyada ya\u015famay\u0131 dilemek samimiyetsizlik de\u011fildir de nedir? Y\u00fcre\u011fiyle konu\u015fanlar \u015fik\u00e2yet etmeden kazan\u0131r, kom\u015fusu doydu\u011funda uyur, a\u015fka d\u00fc\u015fmek i\u00e7in g\u00f6nl\u00fcn\u00fc terbiye eder, iradesini yarg\u0131\u00e7l\u0131ktan ar\u0131nd\u0131r\u0131r. \u00c7\u00fcnk\u00fc bilir ki samimiyet d\u00fcnyay\u0131 iyile\u015ftirmeye de yeter. <\/p>\n","protected":false},"excerpt":{"rendered":"<p>Y\u00fcre\u011fin dili samimiyettir. Herkesin y\u00fcre\u011fi yetmeyebilir. K\u00e2inat\u0131n s\u0131rl\u0131 kap\u0131lar\u0131n\u0131 a\u00e7abilecek tek anahtar vard\u0131r: Samimiyet&#8230; Binlerce y\u0131ld\u0131r herkesten gizlenen o b\u00fcy\u00fck s\u0131r, g\u00f6zler \u00f6n\u00fcnde apa\u00e7\u0131k bekliyordur asl\u0131nda.<span class=\"excerpt-hellip\"> [\u2026]<\/span><\/p>\n","protected":false},"featured_media":0,"template":"","meta":{"_monsterinsights_skip_tracking":false,"_monsterinsights_sitenote_active":false,"_monsterinsights_sitenote_note":"","_monsterinsights_sitenote_category":0},"product_brand":[],"product_cat":[12364,12376],"product_tag":[],"class_list":{"0":"post-779131","1":"product","2":"type-product","3":"status-publish","5":"product_cat-genel-konular","6":"product_cat-kisisel-gelisim","7":"pa_cilt-ciltsiz","8":"pa_tur-kitap","9":"pa_yayinevi-destek-yayinlari","10":"pa_yazar-bulent-gardiyanoglu","12":"first","13":"instock","14":"sale","15":"shipping-taxable","16":"purchasable","17":"product-type-simple"},"_links":{"self":[{"href":"https:\/\/roveyayinevi.com.tr\/index.php\/wp-json\/wp\/v2\/product\/779131","targetHints":{"allow":["GET"]}}],"collection":[{"href":"https:\/\/roveyayinevi.com.tr\/index.php\/wp-json\/wp\/v2\/product"}],"about":[{"href":"https:\/\/roveyayinevi.com.tr\/index.php\/wp-json\/wp\/v2\/types\/product"}],"wp:attachment":[{"href":"https:\/\/roveyayinevi.com.tr\/index.php\/wp-json\/wp\/v2\/media?parent=779131"}],"wp:term":[{"taxonomy":"product_brand","embeddable":true,"href":"https:\/\/roveyayinevi.com.tr\/index.php\/wp-json\/wp\/v2\/product_brand?post=779131"},{"taxonomy":"product_cat","embeddable":true,"href":"https:\/\/roveyayinevi.com.tr\/index.php\/wp-json\/wp\/v2\/product_cat?post=779131"},{"taxonomy":"product_tag","embeddable":true,"href":"https:\/\/roveyayinevi.com.tr\/index.php\/wp-json\/wp\/v2\/product_tag?post=779131"}],"curies":[{"name":"wp","href":"https:\/\/api.w.org\/{rel}","templated":true}]}}