{"id":779130,"date":"2025-12-30T10:45:11","date_gmt":"2025-12-30T07:45:11","guid":{"rendered":"https:\/\/roveyayinevi.com.tr\/index.php\/urun\/indigo-gunlukleri\/"},"modified":"2026-04-16T02:41:39","modified_gmt":"2026-04-15T23:41:39","slug":"indigo-gunlukleri","status":"publish","type":"product","link":"https:\/\/roveyayinevi.com.tr\/index.php\/urun\/indigo-gunlukleri\/","title":{"rendered":"\u0130ndigo G\u00fcnl\u00fckleri"},"content":{"rendered":"<p>Indigo G\u00fcnl\u00fckleri, Sevil Kesimal\u2019\u0131n \u201cDut Kokusu\u201dnun ard\u0131ndan yay\u0131mlanan ikinci \u00f6yk\u00fc kitab\u0131. Yazar, ayr\u0131l\u0131\u011f\u0131n a\u011f\u0131rl\u0131\u011f\u0131n\u0131 ustaca ta\u015f\u0131yor \u00f6yk\u00fclerine\u2026 An\u0131lar ne zaman gelir, ne anlat\u0131r bilinmez ama \u2018dal\u0131p gitmeler\u2019 \u00e7ok uzaklara yolculu\u011fu anlat\u0131verir. Bir \u00f6yk\u00fcde \u00e7ok , \u00e7ok \u00f6yk\u00fcde bir \u00f6yk\u00fc okumak isteyenlere\u2026<\/p>\n","protected":false},"excerpt":{"rendered":"<p>Indigo G\u00fcnl\u00fckleri, Sevil Kesimal\u2019\u0131n \u201cDut Kokusu\u201dnun ard\u0131ndan yay\u0131mlanan ikinci \u00f6yk\u00fc kitab\u0131. Yazar, ayr\u0131l\u0131\u011f\u0131n a\u011f\u0131rl\u0131\u011f\u0131n\u0131 ustaca ta\u015f\u0131yor \u00f6yk\u00fclerine\u2026 An\u0131lar ne zaman gelir, ne anlat\u0131r bilinmez ama \u2018dal\u0131p<span class=\"excerpt-hellip\"> [\u2026]<\/span><\/p>\n","protected":false},"featured_media":0,"template":"","meta":{"_monsterinsights_skip_tracking":false,"_monsterinsights_sitenote_active":false,"_monsterinsights_sitenote_note":"","_monsterinsights_sitenote_category":0},"product_brand":[],"product_cat":[12291,12711],"product_tag":[],"class_list":{"0":"post-779130","1":"product","2":"type-product","3":"status-publish","5":"product_cat-edebiyat","6":"product_cat-roman-oyku","7":"pa_cilt-ciltsiz","8":"pa_tur-kitap","9":"pa_yayinevi-bilim-ve-sanat-yayinlari","10":"pa_yazar-sevil-kesimal","12":"first","13":"instock","14":"sale","15":"shipping-taxable","16":"purchasable","17":"product-type-simple"},"_links":{"self":[{"href":"https:\/\/roveyayinevi.com.tr\/index.php\/wp-json\/wp\/v2\/product\/779130","targetHints":{"allow":["GET"]}}],"collection":[{"href":"https:\/\/roveyayinevi.com.tr\/index.php\/wp-json\/wp\/v2\/product"}],"about":[{"href":"https:\/\/roveyayinevi.com.tr\/index.php\/wp-json\/wp\/v2\/types\/product"}],"wp:attachment":[{"href":"https:\/\/roveyayinevi.com.tr\/index.php\/wp-json\/wp\/v2\/media?parent=779130"}],"wp:term":[{"taxonomy":"product_brand","embeddable":true,"href":"https:\/\/roveyayinevi.com.tr\/index.php\/wp-json\/wp\/v2\/product_brand?post=779130"},{"taxonomy":"product_cat","embeddable":true,"href":"https:\/\/roveyayinevi.com.tr\/index.php\/wp-json\/wp\/v2\/product_cat?post=779130"},{"taxonomy":"product_tag","embeddable":true,"href":"https:\/\/roveyayinevi.com.tr\/index.php\/wp-json\/wp\/v2\/product_tag?post=779130"}],"curies":[{"name":"wp","href":"https:\/\/api.w.org\/{rel}","templated":true}]}}