{"id":779128,"date":"2025-12-30T10:44:14","date_gmt":"2025-12-30T07:44:14","guid":{"rendered":"https:\/\/roveyayinevi.com.tr\/index.php\/urun\/kavgam-2\/"},"modified":"2026-04-16T02:41:30","modified_gmt":"2026-04-15T23:41:30","slug":"kavgam-2","status":"publish","type":"product","link":"https:\/\/roveyayinevi.com.tr\/index.php\/urun\/kavgam-2\/","title":{"rendered":"Kavgam"},"content":{"rendered":"<p>\u201cE\u011fer Kavgam\u2019\u0131 ciddiye al\u0131p okusayd\u0131k, II. D\u00fcnya Sava\u015f\u0131\u2019n\u0131n \u00e7\u0131kmas\u0131na engel olurduk!\u201d Winston Churcill \u0130ngiltere Ba\u015fbakan\u0131   Adolf Hitler, Do\u011fu\u2019nun sosyalizmine, Bat\u0131\u2019n\u0131n kapitalizmine kar\u015f\u0131 kendi politik sistemi olan \u201cNasyonel Sosyalizm\u201di \u00f6ne s\u00fcrm\u00fc\u015f ve kendi politik kuramlar\u0131n\u0131 bu kitapta en ince ayr\u0131nt\u0131lar\u0131na kadar anlatm\u0131\u015ft\u0131r. Bir s\u00fcre cezaevinde kalan Hitler, kendi d\u00fc\u015f\u00fcncelerini yayman\u0131n ve etraf\u0131nda kitleler toplaman\u0131n en basit yolunun bir kitap yazmakla olaca\u011f\u0131n\u0131 d\u00fc\u015f\u00fcnm\u00fc\u015f ve d\u00f6rt bu\u00e7uk y\u0131lda kitab\u0131n\u0131 tamamlayarak diktat\u00f6rl\u00fc\u011f\u00fc yolunda en b\u00fcy\u00fck ad\u0131m\u0131n\u0131 atm\u0131\u015ft\u0131r. Ona g\u00f6re I. D\u00fcnya Sava\u015f\u0131\u2019n\u0131n kaybedilmesinin en b\u00fcy\u00fck nedeni propaganda eksikli\u011fi idi. \u201cKavgam\u201d bu eksiklikten bahsederken asl\u0131nda, Adolf Hitler\u2019in en b\u00fcy\u00fck propagandas\u0131n\u0131 yap\u0131yordu. \u201cTam metin\u201d olarak sizlere sunulmu\u015f bu kitap; bir zamanlar milyonlarca insan\u0131n hayat\u0131na mal olan bir diktat\u00f6r\u00fcn do\u011fu\u015f hik\u00e2yesidir. <\/p>\n","protected":false},"excerpt":{"rendered":"<p>\u201cE\u011fer Kavgam\u2019\u0131 ciddiye al\u0131p okusayd\u0131k, II. D\u00fcnya Sava\u015f\u0131\u2019n\u0131n \u00e7\u0131kmas\u0131na engel olurduk!\u201d Winston Churcill \u0130ngiltere Ba\u015fbakan\u0131 Adolf Hitler, Do\u011fu\u2019nun sosyalizmine, Bat\u0131\u2019n\u0131n kapitalizmine kar\u015f\u0131 kendi politik sistemi olan<span class=\"excerpt-hellip\"> [\u2026]<\/span><\/p>\n","protected":false},"featured_media":0,"template":"","meta":{"_monsterinsights_skip_tracking":false,"_monsterinsights_sitenote_active":false,"_monsterinsights_sitenote_note":"","_monsterinsights_sitenote_category":0},"product_brand":[],"product_cat":[12291,12711],"product_tag":[],"class_list":{"0":"post-779128","1":"product","2":"type-product","3":"status-publish","5":"product_cat-edebiyat","6":"product_cat-roman-oyku","7":"pa_cilt-ciltsiz","8":"pa_tur-kitap","9":"pa_yayinevi-dokuz-yayinlari","10":"pa_yazar-adolf-hitler","12":"first","13":"instock","14":"sale","15":"shipping-taxable","16":"purchasable","17":"product-type-simple"},"_links":{"self":[{"href":"https:\/\/roveyayinevi.com.tr\/index.php\/wp-json\/wp\/v2\/product\/779128","targetHints":{"allow":["GET"]}}],"collection":[{"href":"https:\/\/roveyayinevi.com.tr\/index.php\/wp-json\/wp\/v2\/product"}],"about":[{"href":"https:\/\/roveyayinevi.com.tr\/index.php\/wp-json\/wp\/v2\/types\/product"}],"wp:attachment":[{"href":"https:\/\/roveyayinevi.com.tr\/index.php\/wp-json\/wp\/v2\/media?parent=779128"}],"wp:term":[{"taxonomy":"product_brand","embeddable":true,"href":"https:\/\/roveyayinevi.com.tr\/index.php\/wp-json\/wp\/v2\/product_brand?post=779128"},{"taxonomy":"product_cat","embeddable":true,"href":"https:\/\/roveyayinevi.com.tr\/index.php\/wp-json\/wp\/v2\/product_cat?post=779128"},{"taxonomy":"product_tag","embeddable":true,"href":"https:\/\/roveyayinevi.com.tr\/index.php\/wp-json\/wp\/v2\/product_tag?post=779128"}],"curies":[{"name":"wp","href":"https:\/\/api.w.org\/{rel}","templated":true}]}}