{"id":779119,"date":"2025-12-30T10:42:17","date_gmt":"2025-12-30T07:42:17","guid":{"rendered":"https:\/\/roveyayinevi.com.tr\/index.php\/urun\/once-kaygi-vardi\/"},"modified":"2026-04-16T02:39:54","modified_gmt":"2026-04-15T23:39:54","slug":"once-kaygi-vardi","status":"publish","type":"product","link":"https:\/\/roveyayinevi.com.tr\/index.php\/urun\/once-kaygi-vardi\/","title":{"rendered":"\u00d6nce Kayg\u0131 Vard\u0131"},"content":{"rendered":"<p>Bu kitab\u0131n kahraman\u0131 ve k\u00f6t\u00fc adam\u0131 g\u00fcnl\u00fck ya\u015fam\u0131m\u0131zda, toplum i\u00e7inde ve tek ba\u015f\u0131na kald\u0131\u011f\u0131m\u0131zda hep bizimle olan, fark\u0131nda olmasak da bizi \u015fekillendirip, hayat\u0131m\u0131za y\u00f6n veren kayg\u0131d\u0131r. \u0130nsan t\u00fcr\u00fcn\u00fcn do\u011fu\u015ftan gelen temel \u00f6zelliklerinden biri olan kayg\u0131n\u0131n, insanl\u0131\u011f\u0131n \u015fafa\u011f\u0131ndan bug\u00fcne kadar olan yolculu\u011fumuzda yapt\u0131\u011f\u0131 derin etkiyi, hem t\u00fcr hem de bireysel olarak bizi nas\u0131l bir heykel gibi yontarak \u015fekillendirdi\u011finin bilimsel bilgilere dayal\u0131 ve multidisipliner bir incelemesidir. Kayg\u0131n\u0131n g\u00fcc\u00fcn\u00fc ve etki mek\u00e2nizmalar\u0131n\u0131 ke\u015ffetmek bize hem t\u00fcr hem de birey olarak kendimizi daha iyiye do\u011fru \u015fekillendirebilme g\u00fcc\u00fc verecektir.<\/p>\n","protected":false},"excerpt":{"rendered":"<p>Bu kitab\u0131n kahraman\u0131 ve k\u00f6t\u00fc adam\u0131 g\u00fcnl\u00fck ya\u015fam\u0131m\u0131zda, toplum i\u00e7inde ve tek ba\u015f\u0131na kald\u0131\u011f\u0131m\u0131zda hep bizimle olan, fark\u0131nda olmasak da bizi \u015fekillendirip, hayat\u0131m\u0131za y\u00f6n veren kayg\u0131d\u0131r.<span class=\"excerpt-hellip\"> [\u2026]<\/span><\/p>\n","protected":false},"featured_media":0,"template":"","meta":{"_monsterinsights_skip_tracking":false,"_monsterinsights_sitenote_active":false,"_monsterinsights_sitenote_note":"","_monsterinsights_sitenote_category":0},"product_brand":[],"product_cat":[12364,12376],"product_tag":[],"class_list":{"0":"post-779119","1":"product","2":"type-product","3":"status-publish","5":"product_cat-genel-konular","6":"product_cat-kisisel-gelisim","7":"pa_cilt-ciltsiz","8":"pa_tur-kitap","9":"pa_yayinevi-bilim-ve-sanat-yayinlari","10":"pa_yazar-arif-nadi-arda","12":"first","13":"instock","14":"sale","15":"shipping-taxable","16":"purchasable","17":"product-type-simple"},"_links":{"self":[{"href":"https:\/\/roveyayinevi.com.tr\/index.php\/wp-json\/wp\/v2\/product\/779119","targetHints":{"allow":["GET"]}}],"collection":[{"href":"https:\/\/roveyayinevi.com.tr\/index.php\/wp-json\/wp\/v2\/product"}],"about":[{"href":"https:\/\/roveyayinevi.com.tr\/index.php\/wp-json\/wp\/v2\/types\/product"}],"wp:attachment":[{"href":"https:\/\/roveyayinevi.com.tr\/index.php\/wp-json\/wp\/v2\/media?parent=779119"}],"wp:term":[{"taxonomy":"product_brand","embeddable":true,"href":"https:\/\/roveyayinevi.com.tr\/index.php\/wp-json\/wp\/v2\/product_brand?post=779119"},{"taxonomy":"product_cat","embeddable":true,"href":"https:\/\/roveyayinevi.com.tr\/index.php\/wp-json\/wp\/v2\/product_cat?post=779119"},{"taxonomy":"product_tag","embeddable":true,"href":"https:\/\/roveyayinevi.com.tr\/index.php\/wp-json\/wp\/v2\/product_tag?post=779119"}],"curies":[{"name":"wp","href":"https:\/\/api.w.org\/{rel}","templated":true}]}}