{"id":779117,"date":"2025-12-30T10:42:06","date_gmt":"2025-12-30T07:42:06","guid":{"rendered":"https:\/\/roveyayinevi.com.tr\/index.php\/urun\/mevsimler-6\/"},"modified":"2026-04-16T02:39:49","modified_gmt":"2026-04-15T23:39:49","slug":"mevsimler-6","status":"publish","type":"product","link":"https:\/\/roveyayinevi.com.tr\/index.php\/urun\/mevsimler-6\/","title":{"rendered":"Mevsimler"},"content":{"rendered":"<p>D\u00fcnya ad\u0131nda e\u015fsiz bir gezegende ya\u015f\u0131yoruz. Bildi\u011fimiz kadar\u0131yla canl\u0131lara ev sahipli\u011fi yapan tek gezegende! Gezegenimizdeki her \u015fey milyonlarca y\u0131l i\u00e7inde bir dengeye kavu\u015fmu\u015f. Bu denge, do\u011fal olaylar\u0131n d\u00f6ng\u00fcler h\u00e2linde s\u00fcrekli tekrar etmesiyle sa\u011flan\u0131yor. Mevsimlerin de\u011fi\u015fiminde, suyun dola\u015f\u0131m\u0131nda oldu\u011fu gibi. \u0130\u015fte t\u00fcm bu d\u00f6ng\u00fcler sayesinde yery\u00fcz\u00fcnde ya\u015fam b\u00fcy\u00fck bir uyum i\u00e7inde s\u00fcr\u00fcp gidiyor&#8230; *** \u0130lkbaharda G\u00fcne\u015f\u2019in y\u00fckselmesi ve g\u00fcnd\u00fczlerin uzamas\u0131yla birlikte s\u0131cakl\u0131klar artmaya ba\u015flar. Hava \u0131s\u0131nd\u0131k\u00e7a k\u0131\u015f\u0131n ya\u011fan karlar erir, buharla\u015fma artar. Bu da havadaki su buhar\u0131n\u0131n artmas\u0131na neden olur. Su buhar\u0131 atmosferin so\u011fuk katmanlar\u0131yla kar\u015f\u0131la\u015ft\u0131\u011f\u0131nda ya\u011fmur bulutlar\u0131 olu\u015fur. Bu nedenle bolca ya\u011fmur ya\u011far. *** HAVA KURU MU, NEML\u0130 M\u0130? Kozalaklardan havan\u0131n kuru mu, nemli mi oldu\u011fu anla\u015f\u0131labilir. Hava nemliyse kozalaklar\u0131n pullar\u0131 kapal\u0131, kuruysa a\u00e7\u0131kt\u0131r. Kuru havalarda kozalaklar\u0131n a\u00e7\u0131lma seslerini duyabilirsin. *** FASULYE \u00c7ADIRI Fasulye \u00e7ad\u0131r\u0131 yapmak i\u00e7in fasulye tohumlar\u0131, 5-6 adet uzun dal par\u00e7as\u0131 ve ip gerekir. Dal par\u00e7alar\u0131n\u0131n birer ucu, bir \u00e7ember olu\u015fturacak \u015fekilde topra\u011fa g\u00f6m\u00fcl\u00fcr. Di\u011fer u\u00e7lar\u0131 da yukar\u0131da bir araya getirilip iple birbirine ba\u011flan\u0131r. Sopalar\u0131n her birinin yak\u0131n\u0131na 4-6 fasulye tohumu ekilir ve bolca sulan\u0131r. Fasulyeler dal par\u00e7alar\u0131na sar\u0131larak h\u0131zla b\u00fcy\u00fcr ve sonunda bir \u00e7ad\u0131r olu\u015fturur. *** \u0130lkbaharda B\u00fcy\u00fck Ay\u0131 Tak\u0131my\u0131ld\u0131z\u0131 en y\u00fcksek konumuna ula\u015f\u0131r. \u015eekli bir tavaya benzeyen B\u00fcy\u00fck Ay\u0131\u2019dan yararlan\u0131larak Kutupy\u0131ld\u0131z\u0131 kolayca bulunabilir. B\u00fcy\u00fck Ay\u0131\u2019n\u0131n g\u00f6ky\u00fcz\u00fcndeki konumu y\u0131l boyunca de\u011fi\u015fse de kenar\u0131ndaki iki y\u0131ld\u0131z her zaman Kutupy\u0131ld\u0131z\u0131\u2019n\u0131 g\u00f6sterir.   T\u00fcm g\u00f6ky\u00fcz\u00fc Kutupy\u0131ld\u0131z\u0131\u2019n\u0131n \u00e7evresinde d\u00f6nd\u00fc\u011f\u00fc i\u00e7in bu y\u0131ld\u0131z\u0131n yak\u0131n\u0131ndaki tak\u0131my\u0131ld\u0131zlar y\u0131l\u0131n her mevsimi g\u00f6r\u00fclebilir. Bunlar K\u00fc\u00e7\u00fck Ay\u0131, Ejderha, Krali\u00e7e, Kral ve B\u00fcy\u00fck Ay\u0131\u2019d\u0131r<\/p>\n","protected":false},"excerpt":{"rendered":"<p>D\u00fcnya ad\u0131nda e\u015fsiz bir gezegende ya\u015f\u0131yoruz. Bildi\u011fimiz kadar\u0131yla canl\u0131lara ev sahipli\u011fi yapan tek gezegende! Gezegenimizdeki her \u015fey milyonlarca y\u0131l i\u00e7inde bir dengeye kavu\u015fmu\u015f. Bu denge, do\u011fal<span class=\"excerpt-hellip\"> [\u2026]<\/span><\/p>\n","protected":false},"featured_media":0,"template":"","meta":{"_monsterinsights_skip_tracking":false,"_monsterinsights_sitenote_active":false,"_monsterinsights_sitenote_note":"","_monsterinsights_sitenote_category":0},"product_brand":[],"product_cat":[13829,12274],"product_tag":[],"class_list":{"0":"post-779117","1":"product","2":"type-product","3":"status-publish","5":"product_cat-bilimsel-kitaplar","6":"product_cat-cocuk-ve-genclik-kitaplari","7":"pa_cilt-ciltsiz","8":"pa_tur-kitap","9":"pa_yayinevi-elma-cocuk","10":"pa_yazar-takimyildiz","12":"first","13":"instock","14":"sale","15":"shipping-taxable","16":"purchasable","17":"product-type-simple"},"_links":{"self":[{"href":"https:\/\/roveyayinevi.com.tr\/index.php\/wp-json\/wp\/v2\/product\/779117","targetHints":{"allow":["GET"]}}],"collection":[{"href":"https:\/\/roveyayinevi.com.tr\/index.php\/wp-json\/wp\/v2\/product"}],"about":[{"href":"https:\/\/roveyayinevi.com.tr\/index.php\/wp-json\/wp\/v2\/types\/product"}],"wp:attachment":[{"href":"https:\/\/roveyayinevi.com.tr\/index.php\/wp-json\/wp\/v2\/media?parent=779117"}],"wp:term":[{"taxonomy":"product_brand","embeddable":true,"href":"https:\/\/roveyayinevi.com.tr\/index.php\/wp-json\/wp\/v2\/product_brand?post=779117"},{"taxonomy":"product_cat","embeddable":true,"href":"https:\/\/roveyayinevi.com.tr\/index.php\/wp-json\/wp\/v2\/product_cat?post=779117"},{"taxonomy":"product_tag","embeddable":true,"href":"https:\/\/roveyayinevi.com.tr\/index.php\/wp-json\/wp\/v2\/product_tag?post=779117"}],"curies":[{"name":"wp","href":"https:\/\/api.w.org\/{rel}","templated":true}]}}