{"id":779115,"date":"2025-12-30T10:39:53","date_gmt":"2025-12-30T07:39:53","guid":{"rendered":"https:\/\/roveyayinevi.com.tr\/index.php\/urun\/kelebegi-oldurmek-1\/"},"modified":"2025-12-30T10:39:53","modified_gmt":"2025-12-30T07:39:53","slug":"kelebegi-oldurmek-1","status":"publish","type":"product","link":"https:\/\/roveyayinevi.com.tr\/index.php\/urun\/kelebegi-oldurmek-1\/","title":{"rendered":"Kelebe\u011fi \u00d6ld\u00fcrmek 1"},"content":{"rendered":"<p>\u201cAma bazen herkes masumdur. G\u00f6z\u00fcn g\u00f6rd\u00fc\u011f\u00fcne ak\u0131l k\u00f6rd\u00fcr, dil s\u00f6kt\u00fc\u011f\u00fc an an\u0131lar\u0131n can\u0131 as\u0131l\u0131r vicdan mahkemelerinde.\u201c &#8211; K\u00fcl Kelebek   Soru i\u015faretleriyle dolu bir \u00e7ocukluk ge\u00e7iren Ada, lise y\u0131llar\u0131n\u0131n hemen \u00f6ncesinde \u00f6\u011frendi\u011fi bir ger\u00e7ekle sars\u0131l\u0131r. Bu ger\u00e7e\u011fin sanc\u0131lar\u0131yla ge\u00e7en ilk lise y\u0131llar\u0131 sonras\u0131nda, \u00fcnl\u00fc bir okula kabul edilerek umuda kanat \u00e7\u0131rpmak ister. Bu okulun ona haz\u0131rlad\u0131\u011f\u0131 ve kontrol\u00fcnden \u00e7\u0131kacak olaylar zincirinden habersizdir. U\u011frayaca\u011f\u0131 zorbal\u0131klar sadece okul hayat\u0131n\u0131 de\u011fil, t\u00fcm ya\u015fam\u0131n\u0131 etkiler. Her \u015feye ra\u011fmen \u00e7evresindeki insanlarla de\u011fil, bah\u00e7esindeki \u00e7i\u00e7ekleriyle mutlu olmay\u0131 \u00f6\u011frenmi\u015f olan Ada\u2019n\u0131n hayat\u0131, okulun gizemli \u00f6\u011frencisi Varis Adin y\u00fcz\u00fcnden kontrol edemedi\u011fi bir h\u00e2le gelir. Ka\u00e7t\u0131k\u00e7a i\u00e7ine \u00e7ekildi\u011fi durumlar, yeni gizemler ve soru i\u015faretleri do\u011furur.<\/p>\n","protected":false},"excerpt":{"rendered":"<p>\u201cAma bazen herkes masumdur. G\u00f6z\u00fcn g\u00f6rd\u00fc\u011f\u00fcne ak\u0131l k\u00f6rd\u00fcr, dil s\u00f6kt\u00fc\u011f\u00fc an an\u0131lar\u0131n can\u0131 as\u0131l\u0131r vicdan mahkemelerinde.\u201c &#8211; K\u00fcl Kelebek Soru i\u015faretleriyle dolu bir \u00e7ocukluk ge\u00e7iren Ada,<span class=\"excerpt-hellip\"> [\u2026]<\/span><\/p>\n","protected":false},"featured_media":0,"template":"","meta":{"_monsterinsights_skip_tracking":false,"_monsterinsights_sitenote_active":false,"_monsterinsights_sitenote_note":"","_monsterinsights_sitenote_category":0},"product_brand":[],"product_cat":[12291,50487],"product_tag":[],"class_list":{"0":"post-779115","1":"product","2":"type-product","3":"status-publish","5":"product_cat-edebiyat","6":"product_cat-kurgu","7":"pa_cilt-ciltsiz","8":"pa_tur-kitap","9":"pa_yayinevi-epsilon-yayinlari","10":"pa_yazar-beyza-aksoy","12":"first","13":"instock","14":"sale","15":"shipping-taxable","16":"purchasable","17":"product-type-simple"},"_links":{"self":[{"href":"https:\/\/roveyayinevi.com.tr\/index.php\/wp-json\/wp\/v2\/product\/779115","targetHints":{"allow":["GET"]}}],"collection":[{"href":"https:\/\/roveyayinevi.com.tr\/index.php\/wp-json\/wp\/v2\/product"}],"about":[{"href":"https:\/\/roveyayinevi.com.tr\/index.php\/wp-json\/wp\/v2\/types\/product"}],"wp:attachment":[{"href":"https:\/\/roveyayinevi.com.tr\/index.php\/wp-json\/wp\/v2\/media?parent=779115"}],"wp:term":[{"taxonomy":"product_brand","embeddable":true,"href":"https:\/\/roveyayinevi.com.tr\/index.php\/wp-json\/wp\/v2\/product_brand?post=779115"},{"taxonomy":"product_cat","embeddable":true,"href":"https:\/\/roveyayinevi.com.tr\/index.php\/wp-json\/wp\/v2\/product_cat?post=779115"},{"taxonomy":"product_tag","embeddable":true,"href":"https:\/\/roveyayinevi.com.tr\/index.php\/wp-json\/wp\/v2\/product_tag?post=779115"}],"curies":[{"name":"wp","href":"https:\/\/api.w.org\/{rel}","templated":true}]}}