{"id":779114,"date":"2025-12-30T10:39:49","date_gmt":"2025-12-30T07:39:49","guid":{"rendered":"https:\/\/roveyayinevi.com.tr\/index.php\/urun\/ermis-13\/"},"modified":"2026-04-16T02:38:39","modified_gmt":"2026-04-15T23:38:39","slug":"ermis-13","status":"publish","type":"product","link":"https:\/\/roveyayinevi.com.tr\/index.php\/urun\/ermis-13\/","title":{"rendered":"Ermi\u015f"},"content":{"rendered":"<p>\u201cDevrine bir g\u00fcne\u015f gibi do\u011fan aziz ve se\u00e7ilmi\u015f El Mustafa\u201d, kendisini yurduna g\u00f6t\u00fcrecek geminin geldi\u011fini g\u00f6r\u00fcr. Pe\u015fine tak\u0131lan halkla birlikte Orphalese kentinin meydan\u0131na gelir. Bu kentin sakinlerine veda etmeden \u00f6nce a\u015fk, evlilik, \u00f6zg\u00fcrl\u00fck, ak\u0131l ve tutku, iyilik ve k\u00f6t\u00fcl\u00fck gibi konularda hep hat\u0131rlayacaklar\u0131 \u00f6\u011f\u00fctler b\u0131rak\u0131r.   Cibran k\u00fclt bir ba\u015fyap\u0131ta d\u00f6n\u00fc\u015fen, kendi \u00e7izimleriyle yay\u0131mlad\u0131\u011f\u0131m\u0131z kitab\u0131nda, kutsal metinleri and\u0131ran t\u0131n\u0131s\u0131yla g\u00fcn\u00fcm\u00fcze seslenmeye devam ediyor.   #l\u00fcbnanedebiyat\u0131 #inan\u00e7 #bilgelik #d\u00fc\u015f\u00fcnce #din<\/p>\n","protected":false},"excerpt":{"rendered":"<p>\u201cDevrine bir g\u00fcne\u015f gibi do\u011fan aziz ve se\u00e7ilmi\u015f El Mustafa\u201d, kendisini yurduna g\u00f6t\u00fcrecek geminin geldi\u011fini g\u00f6r\u00fcr. Pe\u015fine tak\u0131lan halkla birlikte Orphalese kentinin meydan\u0131na gelir. Bu kentin<span class=\"excerpt-hellip\"> [\u2026]<\/span><\/p>\n","protected":false},"featured_media":0,"template":"","meta":{"_monsterinsights_skip_tracking":false,"_monsterinsights_sitenote_active":false,"_monsterinsights_sitenote_note":"","_monsterinsights_sitenote_category":0},"product_brand":[],"product_cat":[18545,12291],"product_tag":[],"class_list":{"0":"post-779114","1":"product","2":"type-product","3":"status-publish","5":"product_cat-anlati","6":"product_cat-edebiyat","7":"pa_cilt-ciltsiz","8":"pa_tur-kitap","9":"pa_yayinevi-can-yayinlari","10":"pa_yazar-halil-cibran","12":"first","13":"instock","14":"sale","15":"shipping-taxable","16":"purchasable","17":"product-type-simple"},"_links":{"self":[{"href":"https:\/\/roveyayinevi.com.tr\/index.php\/wp-json\/wp\/v2\/product\/779114","targetHints":{"allow":["GET"]}}],"collection":[{"href":"https:\/\/roveyayinevi.com.tr\/index.php\/wp-json\/wp\/v2\/product"}],"about":[{"href":"https:\/\/roveyayinevi.com.tr\/index.php\/wp-json\/wp\/v2\/types\/product"}],"wp:attachment":[{"href":"https:\/\/roveyayinevi.com.tr\/index.php\/wp-json\/wp\/v2\/media?parent=779114"}],"wp:term":[{"taxonomy":"product_brand","embeddable":true,"href":"https:\/\/roveyayinevi.com.tr\/index.php\/wp-json\/wp\/v2\/product_brand?post=779114"},{"taxonomy":"product_cat","embeddable":true,"href":"https:\/\/roveyayinevi.com.tr\/index.php\/wp-json\/wp\/v2\/product_cat?post=779114"},{"taxonomy":"product_tag","embeddable":true,"href":"https:\/\/roveyayinevi.com.tr\/index.php\/wp-json\/wp\/v2\/product_tag?post=779114"}],"curies":[{"name":"wp","href":"https:\/\/api.w.org\/{rel}","templated":true}]}}