{"id":779112,"date":"2025-12-30T10:38:40","date_gmt":"2025-12-30T07:38:40","guid":{"rendered":"https:\/\/roveyayinevi.com.tr\/index.php\/urun\/finansa-giris\/"},"modified":"2026-04-16T02:37:33","modified_gmt":"2026-04-15T23:37:33","slug":"finansa-giris","status":"publish","type":"product","link":"https:\/\/roveyayinevi.com.tr\/index.php\/urun\/finansa-giris\/","title":{"rendered":"Finansa Giri\u015f"},"content":{"rendered":"<p>Hacimli finansal y\u00f6netim kitaplar\u0131n\u0131n ilk k\u0131sm\u0131nda i\u015flenen konular\u0131n ayr\u0131 bir \u015fekilde Finansa Giri\u015f ad\u0131 alt\u0131nda topland\u0131\u011f\u0131 bu kitapta, finansa dair temel teorik bilgiler sade bir dille aktar\u0131lmaya \u00e7al\u0131\u015f\u0131lm\u0131\u015ft\u0131r. Bunun yan\u0131 s\u0131ra teorilerden hareketle uygulama \u00f6rnekleri, konularla ilgili olarak d\u00fcnyadan ve T\u00fcrkiye\u2019den g\u00fcncel bilgiler ile kat\u0131l\u0131m finans\u0131 ve davran\u0131\u015fsal finans gibi alternatif bak\u0131\u015f a\u00e7\u0131lar\u0131ndan ilave bilgiler de payla\u015f\u0131lmaktad\u0131r. Bu h\u00e2liyle bu kitap, bir d\u00f6nemlik bir ders kitab\u0131 gibi okutulmaya m\u00fcnasip oldu\u011fu gibi finansa dair giri\u015f niteli\u011finde bilgi edinmek isteyen her seviyeden insana hitap edebilecek bir \u015fekilde haz\u0131rlanm\u0131\u015ft\u0131r.<\/p>\n","protected":false},"excerpt":{"rendered":"<p>Hacimli finansal y\u00f6netim kitaplar\u0131n\u0131n ilk k\u0131sm\u0131nda i\u015flenen konular\u0131n ayr\u0131 bir \u015fekilde Finansa Giri\u015f ad\u0131 alt\u0131nda topland\u0131\u011f\u0131 bu kitapta, finansa dair temel teorik bilgiler sade bir dille<span class=\"excerpt-hellip\"> [\u2026]<\/span><\/p>\n","protected":false},"featured_media":0,"template":"","meta":{"_monsterinsights_skip_tracking":false,"_monsterinsights_sitenote_active":false,"_monsterinsights_sitenote_note":"","_monsterinsights_sitenote_category":0},"product_brand":[],"product_cat":[14841,13043],"product_tag":[],"class_list":{"0":"post-779112","1":"product","2":"type-product","3":"status-publish","5":"product_cat-arastirma-inceleme-kuram","6":"product_cat-ekonomi","7":"pa_cilt-ciltsiz","8":"pa_tur-kitap","9":"pa_yayinevi-nobel-akademik-yayincilik","10":"pa_yazar-zeyneb-hafsa-orhan","12":"first","13":"instock","14":"sale","15":"shipping-taxable","16":"purchasable","17":"product-type-simple"},"_links":{"self":[{"href":"https:\/\/roveyayinevi.com.tr\/index.php\/wp-json\/wp\/v2\/product\/779112","targetHints":{"allow":["GET"]}}],"collection":[{"href":"https:\/\/roveyayinevi.com.tr\/index.php\/wp-json\/wp\/v2\/product"}],"about":[{"href":"https:\/\/roveyayinevi.com.tr\/index.php\/wp-json\/wp\/v2\/types\/product"}],"wp:attachment":[{"href":"https:\/\/roveyayinevi.com.tr\/index.php\/wp-json\/wp\/v2\/media?parent=779112"}],"wp:term":[{"taxonomy":"product_brand","embeddable":true,"href":"https:\/\/roveyayinevi.com.tr\/index.php\/wp-json\/wp\/v2\/product_brand?post=779112"},{"taxonomy":"product_cat","embeddable":true,"href":"https:\/\/roveyayinevi.com.tr\/index.php\/wp-json\/wp\/v2\/product_cat?post=779112"},{"taxonomy":"product_tag","embeddable":true,"href":"https:\/\/roveyayinevi.com.tr\/index.php\/wp-json\/wp\/v2\/product_tag?post=779112"}],"curies":[{"name":"wp","href":"https:\/\/api.w.org\/{rel}","templated":true}]}}