{"id":779111,"date":"2025-12-30T10:38:28","date_gmt":"2025-12-30T07:38:28","guid":{"rendered":"https:\/\/roveyayinevi.com.tr\/index.php\/urun\/duygularin-rotasi\/"},"modified":"2026-04-03T02:44:37","modified_gmt":"2026-04-02T23:44:37","slug":"duygularin-rotasi","status":"publish","type":"product","link":"https:\/\/roveyayinevi.com.tr\/index.php\/urun\/duygularin-rotasi\/","title":{"rendered":"Duygular\u0131n Rotas\u0131"},"content":{"rendered":"<p>Tutunamad\u0131\u011f\u0131m\u0131z duygular\u0131m\u0131z var bazen hayatta. \u0130kilem k\u00f6pr\u00fcs\u00fcnde as\u0131l\u0131 kalan, dergah\u0131na ula\u015famayan, y\u00fcre\u011finden ba\u015fka yerde bar\u0131namayan duygular\u0131m\u0131z&#8230;  Duygular\u0131na en \u00e7ok sahip \u00e7\u0131kan, yine kendinsin. Sarpa saran d\u00fc\u015f\u00fcncelerin e\u015fli\u011finde, kalplerimizi bir kalbe emanet etmeye korkuyoruz. \u00c7\u00fcnk\u00fc duygular\u0131nla var oluyorsun. Yitirdiklerin, ertelemi\u015fliklerin, vazge\u00e7mi\u015fliklerin&#8230; Ve \u00e7ok dahas\u0131&#8230; Her biri farkl\u0131 renklere boyuyor d\u00fcnyan\u0131. Her duygunun \u00f6tesinde, y\u00fcre\u011finle yar\u0131\u015f ediyorsun \u00e2deta. O &#8220;Git&#8221; diyor, sen kal\u0131yorsun. O &#8220;Sil&#8221; diyor, sen seviyorsun. Y\u00fcre\u011finle adeta bir mahkemeye \u00e7\u0131k\u0131yorsun. O y\u00fczden, bazen se\u00e7imlerinden ibaret oluyor hayat\u0131n ve sen se\u00e7ti\u011fin duygular\u0131n sonucunu ya\u015famakla m\u00fckellefsin&#8230; Bazen y\u00fcre\u011finin, bazen kendinin, bazen hayat\u0131n emretti\u011fini ya\u015famakla&#8230; Hangi se\u00e7iminin do\u011frultusunda ya\u015farsan ya\u015fa, y\u00fcre\u011fin bu yolculukta sana bir yolda\u015f. Her yolculu\u011fu y\u00fcre\u011finle yap\u0131yorsun. Bu y\u00fczden, girece\u011fin her yolda, ataca\u011f\u0131n her ad\u0131mda y\u00fcre\u011fin yolda\u015f\u0131n ve rehberin olacakt\u0131r. Hayat\u0131n\u0131n Y\u00f6n\u00fc,y\u00fcre\u011finin izinde&#8230; <\/p>\n","protected":false},"excerpt":{"rendered":"<p>Tutunamad\u0131\u011f\u0131m\u0131z duygular\u0131m\u0131z var bazen hayatta. \u0130kilem k\u00f6pr\u00fcs\u00fcnde as\u0131l\u0131 kalan, dergah\u0131na ula\u015famayan, y\u00fcre\u011finden ba\u015fka yerde bar\u0131namayan duygular\u0131m\u0131z&#8230; Duygular\u0131na en \u00e7ok sahip \u00e7\u0131kan, yine kendinsin. Sarpa saran d\u00fc\u015f\u00fcncelerin<span class=\"excerpt-hellip\"> [\u2026]<\/span><\/p>\n","protected":false},"featured_media":0,"template":"","meta":{"_monsterinsights_skip_tracking":false,"_monsterinsights_sitenote_active":false,"_monsterinsights_sitenote_note":"","_monsterinsights_sitenote_category":0},"product_brand":[],"product_cat":[12364,12376],"product_tag":[],"class_list":{"0":"post-779111","1":"product","2":"type-product","3":"status-publish","5":"product_cat-genel-konular","6":"product_cat-kisisel-gelisim","7":"pa_cilt-ciltsiz","8":"pa_tur-kitap","9":"pa_yayinevi-luna-yayinlari","10":"pa_yazar-tulay-calli","12":"first","13":"instock","14":"sale","15":"shipping-taxable","16":"purchasable","17":"product-type-simple"},"_links":{"self":[{"href":"https:\/\/roveyayinevi.com.tr\/index.php\/wp-json\/wp\/v2\/product\/779111","targetHints":{"allow":["GET"]}}],"collection":[{"href":"https:\/\/roveyayinevi.com.tr\/index.php\/wp-json\/wp\/v2\/product"}],"about":[{"href":"https:\/\/roveyayinevi.com.tr\/index.php\/wp-json\/wp\/v2\/types\/product"}],"wp:attachment":[{"href":"https:\/\/roveyayinevi.com.tr\/index.php\/wp-json\/wp\/v2\/media?parent=779111"}],"wp:term":[{"taxonomy":"product_brand","embeddable":true,"href":"https:\/\/roveyayinevi.com.tr\/index.php\/wp-json\/wp\/v2\/product_brand?post=779111"},{"taxonomy":"product_cat","embeddable":true,"href":"https:\/\/roveyayinevi.com.tr\/index.php\/wp-json\/wp\/v2\/product_cat?post=779111"},{"taxonomy":"product_tag","embeddable":true,"href":"https:\/\/roveyayinevi.com.tr\/index.php\/wp-json\/wp\/v2\/product_tag?post=779111"}],"curies":[{"name":"wp","href":"https:\/\/api.w.org\/{rel}","templated":true}]}}