{"id":779106,"date":"2025-12-30T10:36:20","date_gmt":"2025-12-30T07:36:20","guid":{"rendered":"https:\/\/roveyayinevi.com.tr\/index.php\/urun\/buhranlarimiz\/"},"modified":"2026-04-16T02:36:33","modified_gmt":"2026-04-15T23:36:33","slug":"buhranlarimiz","status":"publish","type":"product","link":"https:\/\/roveyayinevi.com.tr\/index.php\/urun\/buhranlarimiz\/","title":{"rendered":"Buhranlar\u0131m\u0131z"},"content":{"rendered":"<p>T\u00fcrkiye\u2019de ne zaman derinden bir d\u00fc\u015f\u00fcnsel tart\u0131\u015fa a\u00e7\u0131lsa s\u00f6z bir \u015fekilde Said Halim Pa\u015fa\u2019ya gelir. \u015eahsi hayat\u0131n\u0131n renklili\u011fi bir yana 19. as\u0131r Osmanl\u0131 fikir hayat\u0131nda beliren \u0130sl\u00e2mc\u0131l\u0131\u011f\u0131n II. Me\u015frutiyet sonras\u0131ndaki bayrak isimlerinden biri olmu\u015ftur.Onun, bilhassa Buhranlar\u0131m\u0131z \u00fcst ba\u015fl\u0131\u011f\u0131yla bir araya getirilen risaleleri, bu fikir ak\u0131m\u0131n\u0131n temel metinlerinden kabul edilmi\u015ftir. \u0130slamc\u0131lar\u0131n Me\u015frutiyet rejimini talep etmelerinin ard\u0131nda Tanzimat y\u0131llar\u0131nda Nam\u0131k Kemal\u2019in de kulland\u0131\u011f\u0131 me\u015fveret ve \u015fura anlay\u0131\u015f\u0131 vard\u0131r. Bu anlay\u0131\u015f, milletin y\u00f6netimde s\u00f6z sahibi olmas\u0131 anlam\u0131 ta\u015f\u0131r. Bu sayede, keyf\u00ee y\u00f6netimler ortadan kalkacak, hukukun \u00fcst\u00fcnl\u00fc\u011f\u00fc korunacak, hak ve h\u00fcrriyetler e\u015fitlik\u00e7i bir bi\u00e7imde da\u011f\u0131t\u0131lacakt\u0131r.Said Halim Pa\u015fa\u2019n\u0131n Buhranlar\u0131m\u0131z\u2019da \u0131srarla vurgulad\u0131\u011f\u0131 \u00fczere ilk anayasa metni Bat\u0131\u2019dan terc\u00fcme yoluyla ithal edilmi\u015ftir. \u0130sl\u00e2mc\u0131lar, Me\u015frut\u00ee y\u00f6netime \u0130sl\u00e2m\u2019dan referanslar getirerek bu y\u00f6netimin kal\u0131c\u0131l\u0131\u011f\u0131 u\u011frunda d\u00fc\u015f\u00fcnceler ileri s\u00fcrseler de Said Halim Pa\u015fa, \u0130sl\u00e2mc\u0131 bir d\u00fc\u015f\u00fcn\u00fcr olarak onlardan ayr\u0131lm\u0131\u015ft\u0131r. Bat\u0131 toplumlar\u0131ndan al\u0131nacak bu sistem ve kavramlar Osmanl\u0131 toplumunun tabiat\u0131na ayk\u0131r\u0131 ve l\u00fczumsuzdur. Bu iddias\u0131n\u0131 Buhranlar\u0131m\u0131z\u2019\u0131 meydana getiren ve Me\u015frutiyet\u2019le ba\u015flayan yedi k\u00fc\u00e7\u00fck risalesinde teferruat\u0131yla tart\u0131\u015fm\u0131\u015ft\u0131r.Yakup \u00d6zt\u00fcrk\u2019un titiz \u00e7al\u0131\u015fmas\u0131nda eser, sadele\u015ftirilmi\u015f diliyle ile okura sesleniyor. \u00dcstelik Osmanl\u0131ca ilk yay\u0131n\u0131 da t\u0131pk\u0131bas\u0131mla kitab\u0131n ikinci yar\u0131s\u0131n\u0131 olu\u015fturuyor. Hem asl\u0131ndan okumak isteyenler hem de d\u00fc\u015f\u00fcnce tarihimizin kaynaklar\u0131n\u0131 merak edenler i\u00e7in her y\u00f6n\u00fcyle g\u00fczel bir f\u0131rsat\u2026<\/p>\n","protected":false},"excerpt":{"rendered":"<p>T\u00fcrkiye\u2019de ne zaman derinden bir d\u00fc\u015f\u00fcnsel tart\u0131\u015fa a\u00e7\u0131lsa s\u00f6z bir \u015fekilde Said Halim Pa\u015fa\u2019ya gelir. \u015eahsi hayat\u0131n\u0131n renklili\u011fi bir yana 19. as\u0131r Osmanl\u0131 fikir hayat\u0131nda beliren<span class=\"excerpt-hellip\"> [\u2026]<\/span><\/p>\n","protected":false},"featured_media":0,"template":"","meta":{"_monsterinsights_skip_tracking":false,"_monsterinsights_sitenote_active":false,"_monsterinsights_sitenote_note":"","_monsterinsights_sitenote_category":0},"product_brand":[],"product_cat":[12718,12719,13025],"product_tag":[],"class_list":{"0":"post-779106","1":"product","2":"type-product","3":"status-publish","5":"product_cat-din","6":"product_cat-islam","7":"product_cat-islam-ve-gunumuz-islam-dusuncesi","8":"pa_cilt-ciltsiz","9":"pa_tur-kitap","10":"pa_yayinevi-kapi-yayinlari","11":"pa_yazar-said-halim-pasa","13":"first","14":"instock","15":"sale","16":"shipping-taxable","17":"purchasable","18":"product-type-simple"},"_links":{"self":[{"href":"https:\/\/roveyayinevi.com.tr\/index.php\/wp-json\/wp\/v2\/product\/779106","targetHints":{"allow":["GET"]}}],"collection":[{"href":"https:\/\/roveyayinevi.com.tr\/index.php\/wp-json\/wp\/v2\/product"}],"about":[{"href":"https:\/\/roveyayinevi.com.tr\/index.php\/wp-json\/wp\/v2\/types\/product"}],"wp:attachment":[{"href":"https:\/\/roveyayinevi.com.tr\/index.php\/wp-json\/wp\/v2\/media?parent=779106"}],"wp:term":[{"taxonomy":"product_brand","embeddable":true,"href":"https:\/\/roveyayinevi.com.tr\/index.php\/wp-json\/wp\/v2\/product_brand?post=779106"},{"taxonomy":"product_cat","embeddable":true,"href":"https:\/\/roveyayinevi.com.tr\/index.php\/wp-json\/wp\/v2\/product_cat?post=779106"},{"taxonomy":"product_tag","embeddable":true,"href":"https:\/\/roveyayinevi.com.tr\/index.php\/wp-json\/wp\/v2\/product_tag?post=779106"}],"curies":[{"name":"wp","href":"https:\/\/api.w.org\/{rel}","templated":true}]}}