{"id":779100,"date":"2025-12-30T10:34:21","date_gmt":"2025-12-30T07:34:21","guid":{"rendered":"https:\/\/roveyayinevi.com.tr\/index.php\/urun\/dilbilim-teorik-ve-uygulamali-alanlar\/"},"modified":"2026-04-16T02:35:18","modified_gmt":"2026-04-15T23:35:18","slug":"dilbilim-teorik-ve-uygulamali-alanlar","status":"publish","type":"product","link":"https:\/\/roveyayinevi.com.tr\/index.php\/urun\/dilbilim-teorik-ve-uygulamali-alanlar\/","title":{"rendered":"Dilbilim Teorik ve Uygulamal\u0131 Alanlar"},"content":{"rendered":"<p>Derlem Dilbilim Edim Dilbilimi Metin Dilbilim Toplum Dilbilimi Anlambilim Sesbilim Bi\u00e7imbilim S\u00f6zdizini S\u00f6zc\u00fckbilim S\u00f6zl\u00fckbilim Terminoloji <\/p>\n","protected":false},"excerpt":{"rendered":"<p>Derlem Dilbilim Edim Dilbilimi Metin Dilbilim Toplum Dilbilimi Anlambilim Sesbilim Bi\u00e7imbilim S\u00f6zdizini S\u00f6zc\u00fckbilim S\u00f6zl\u00fckbilim Terminoloji<\/p>\n","protected":false},"featured_media":0,"template":"","meta":{"_monsterinsights_skip_tracking":false,"_monsterinsights_sitenote_active":false,"_monsterinsights_sitenote_note":"","_monsterinsights_sitenote_category":0},"product_brand":[],"product_cat":[20225,12291],"product_tag":[],"class_list":{"0":"post-779100","1":"product","2":"type-product","3":"status-publish","5":"product_cat-dil-bilim","6":"product_cat-edebiyat","7":"pa_cilt-ciltsiz","8":"pa_tur-kitap","9":"pa_yayinevi-gazi-kitabevi","10":"pa_yazar-erdogan-boz","12":"first","13":"instock","14":"sale","15":"shipping-taxable","16":"purchasable","17":"product-type-simple"},"_links":{"self":[{"href":"https:\/\/roveyayinevi.com.tr\/index.php\/wp-json\/wp\/v2\/product\/779100","targetHints":{"allow":["GET"]}}],"collection":[{"href":"https:\/\/roveyayinevi.com.tr\/index.php\/wp-json\/wp\/v2\/product"}],"about":[{"href":"https:\/\/roveyayinevi.com.tr\/index.php\/wp-json\/wp\/v2\/types\/product"}],"wp:attachment":[{"href":"https:\/\/roveyayinevi.com.tr\/index.php\/wp-json\/wp\/v2\/media?parent=779100"}],"wp:term":[{"taxonomy":"product_brand","embeddable":true,"href":"https:\/\/roveyayinevi.com.tr\/index.php\/wp-json\/wp\/v2\/product_brand?post=779100"},{"taxonomy":"product_cat","embeddable":true,"href":"https:\/\/roveyayinevi.com.tr\/index.php\/wp-json\/wp\/v2\/product_cat?post=779100"},{"taxonomy":"product_tag","embeddable":true,"href":"https:\/\/roveyayinevi.com.tr\/index.php\/wp-json\/wp\/v2\/product_tag?post=779100"}],"curies":[{"name":"wp","href":"https:\/\/api.w.org\/{rel}","templated":true}]}}