{"id":779096,"date":"2025-12-30T10:33:25","date_gmt":"2025-12-30T07:33:25","guid":{"rendered":"https:\/\/roveyayinevi.com.tr\/index.php\/urun\/gobekli-tepe-2\/"},"modified":"2026-04-16T02:34:10","modified_gmt":"2026-04-15T23:34:10","slug":"gobekli-tepe-2","status":"publish","type":"product","link":"https:\/\/roveyayinevi.com.tr\/index.php\/urun\/gobekli-tepe-2\/","title":{"rendered":"G\u00f6bekli Tepe 2"},"content":{"rendered":"<p>G\u00f6bekli Tepe\/Gir\u00ea Mirazan\u2019da kar\u015f\u0131m\u0131za \u00e7\u0131kan ve \u00fcst d\u00fczeyde sanatsal bir geli\u015fime kar\u015f\u0131l\u0131k gelen k\u00fclt\u00fcr\u00fcn, hem de\u011fi\u015fik k\u00fclt\u00fcr a\u015famalar\u0131n\u0131 birbirlerine ba\u011flayan bir ara katman, hem de kendi konsepti i\u00e7inde ele al\u0131nd\u0131\u011f\u0131nda, devasa bir b\u00fcy\u00fckl\u00fck arz eden kay\u0131p bir k\u00fclt\u00fcrden arta kalan buz da\u011f\u0131n\u0131n g\u00f6r\u00fcnen tepece\u011fi g\u00f6r\u00fcn\u00fcm\u00fcnde oldu\u011fu anla\u015f\u0131lmaktad\u0131r.Ke\u015ffedildi\u011fi dar co\u011frafik alanla s\u0131n\u0131rl\u0131 de\u011fil, d\u00fcnya \u00e7ap\u0131nda bir ara\u015ft\u0131rmay\u0131 gerektiren bir yayg\u0131nl\u0131k kazanm\u0131\u015f bir k\u00fclt\u00fcrd\u00fcr bu ve dolay\u0131s\u0131yla da ara\u015ft\u0131rman\u0131n da kapsam\u0131n\u0131n bu oranda geni\u015fletilmesi gerekmektedir. Ancak bu \u015fekilde, t\u00fcm boyutlar\u0131yla olmasa da, olabilecek en geni\u015f boyutlar\u0131yla kavrama imk\u00e2n\u0131 elde edilebilir diye d\u00fc\u015f\u00fcn\u00fcyorum. Bu ba\u011flamda \u2018\u2019d\u00fcnya \u00e7ap\u0131ndaki\u2019\u2019 ara\u015ft\u0131rma ser\u00fcvenim de bundan sonraki kitap serileriyle devam edecektir.G\u00f6bekli Tepe\u2019de kar\u015f\u0131m\u0131za \u00e7\u0131kan kimi mimari yap\u0131 ile simgelerin izlerini s\u00fcrerek, gerek kendisinden \u00f6nceki, gerekse de sonraki k\u00fclt\u00fcrlerle analojiler kurabilmemiz pek\u00e2l\u00e2 olanaklar\u0131m\u0131z d\u00e2hilindedir. Sembollerin haricinde, dinsel inan\u0131\u015flarla, mitolojilerin analiz edilmeleri de bizlere \u00e7ok de\u011ferli bilgiler sunabilmektedirler. Ama t\u00fcm bunlar bir yana, astronomi de bizler i\u00e7in olmazsa olmazlar aras\u0131nda yerini almaktad\u0131r.\u0130lk kitab\u0131mda bu noktalardan hareketle zaten ayr\u0131nt\u0131l\u0131 a\u00e7\u0131klamalarda bulunmaya \u00e7al\u0131\u015fm\u0131\u015ft\u0131m. Elinizdeki kitapta ise a\u011f\u0131rl\u0131kl\u0131 olarak sembollerin i\u015flevlerinden hareketle, G\u00f6bekli Tepe\u2019de kar\u015f\u0131m\u0131za \u00e7\u0131kan kimi simgeleri daha yak\u0131ndan ve ayr\u0131nt\u0131l\u0131 mercek alt\u0131na al\u0131p, konuyu daha bir derinle\u015ftirmeye \u00e7al\u0131\u015faca\u011f\u0131m. Bu da bize direkt olmasa da, dolayl\u0131 yollardan \u00e7ok \u00f6nemli veriler sunacakt\u0131r diye d\u00fc\u015f\u00fcn\u00fcyorum. <\/p>\n","protected":false},"excerpt":{"rendered":"<p>G\u00f6bekli Tepe\/Gir\u00ea Mirazan\u2019da kar\u015f\u0131m\u0131za \u00e7\u0131kan ve \u00fcst d\u00fczeyde sanatsal bir geli\u015fime kar\u015f\u0131l\u0131k gelen k\u00fclt\u00fcr\u00fcn, hem de\u011fi\u015fik k\u00fclt\u00fcr a\u015famalar\u0131n\u0131 birbirlerine ba\u011flayan bir ara katman, hem de kendi<span class=\"excerpt-hellip\"> [\u2026]<\/span><\/p>\n","protected":false},"featured_media":0,"template":"","meta":{"_monsterinsights_skip_tracking":false,"_monsterinsights_sitenote_active":false,"_monsterinsights_sitenote_note":"","_monsterinsights_sitenote_category":0},"product_brand":[],"product_cat":[12370,12304],"product_tag":[],"class_list":{"0":"post-779096","1":"product","2":"type-product","3":"status-publish","5":"product_cat-arastirma-inceleme","6":"product_cat-tarih","7":"pa_cilt-ciltsiz","8":"pa_tur-kitap","9":"pa_yayinevi-kalkedon-yayincilik","10":"pa_yazar-cemal-ozcelik","12":"first","13":"instock","14":"sale","15":"shipping-taxable","16":"purchasable","17":"product-type-simple"},"_links":{"self":[{"href":"https:\/\/roveyayinevi.com.tr\/index.php\/wp-json\/wp\/v2\/product\/779096","targetHints":{"allow":["GET"]}}],"collection":[{"href":"https:\/\/roveyayinevi.com.tr\/index.php\/wp-json\/wp\/v2\/product"}],"about":[{"href":"https:\/\/roveyayinevi.com.tr\/index.php\/wp-json\/wp\/v2\/types\/product"}],"wp:attachment":[{"href":"https:\/\/roveyayinevi.com.tr\/index.php\/wp-json\/wp\/v2\/media?parent=779096"}],"wp:term":[{"taxonomy":"product_brand","embeddable":true,"href":"https:\/\/roveyayinevi.com.tr\/index.php\/wp-json\/wp\/v2\/product_brand?post=779096"},{"taxonomy":"product_cat","embeddable":true,"href":"https:\/\/roveyayinevi.com.tr\/index.php\/wp-json\/wp\/v2\/product_cat?post=779096"},{"taxonomy":"product_tag","embeddable":true,"href":"https:\/\/roveyayinevi.com.tr\/index.php\/wp-json\/wp\/v2\/product_tag?post=779096"}],"curies":[{"name":"wp","href":"https:\/\/api.w.org\/{rel}","templated":true}]}}