{"id":779095,"date":"2025-12-30T10:33:23","date_gmt":"2025-12-30T07:33:23","guid":{"rendered":"https:\/\/roveyayinevi.com.tr\/index.php\/urun\/eskiler-modernler-yabanillar\/"},"modified":"2026-02-03T02:49:43","modified_gmt":"2026-02-02T23:49:43","slug":"eskiler-modernler-yabanillar","status":"publish","type":"product","link":"https:\/\/roveyayinevi.com.tr\/index.php\/urun\/eskiler-modernler-yabanillar\/","title":{"rendered":"Eskiler Modernler Yaban\u0131llar"},"content":{"rendered":"<p>G\u00fcn\u00fcm\u00fcz\u00fc anlamaya ve siyasal bir gelecek tahayy\u00fcl etmeye \u00e7al\u0131\u015f\u0131rken, ge\u00e7mi\u015fle paralellikler kurar, kimi zaman da ideal tipler in\u015fa ederiz. Antik\u00e7a\u011f\u2019\u0131n bilgeleri Eskiler ve Yeni D\u00fcnya\u2019n\u0131n yerlileri Yaban\u0131llar bu tiplerden ikisidir. \u00c7alkant\u0131l\u0131 siyasal d\u00f6nemlerde, sanc\u0131l\u0131 de\u011fi\u015fim anlar\u0131nda antik\u00e7a\u011f okumalar\u0131 bir k\u0131r\u0131lma ve ba\u015flang\u0131\u00e7 an\u0131 bulma arzusuyla \u015fekillenir. \u00d6rne\u011fin Frans\u0131z Devrimi s\u0131ras\u0131nda Jakobenler, Fransa\u2019y\u0131 yeni bir Sparta\u2019ya d\u00f6n\u00fc\u015ft\u00fcrerek canland\u0131rmak isterler. Roma Cumhuriyeti\u2019nin kurulu\u015fu, Atina\u2019da tiranlar\u0131n devrilmesi, g\u00fcndelik siyasi kavgalar i\u00e7inde referans haline gelir kolayca. Ve paradoksal bir \u015fekilde ge\u00e7mi\u015fle ve eskilerle analojiler kuran, onlar gibi d\u00fc\u015f\u00fcn\u00fcp onlar\u0131 taklit etme arzusu duyanlar, asl\u0131nda en modern olma iddias\u0131ndaki ki\u015filerdir \u00e7o\u011fu zaman. D\u00fc\u015f\u00fcnceler tarihi disiplininin \u00f6nde gelen isimlerinden Fran\u00e7ois Hartog bu kitab\u0131nda, \u201cmodernlerin\u201d gelecek tahayy\u00fclleri ekseninde ge\u00e7mi\u015fi nas\u0131l kurgulay\u0131p ondan ne \u015fekilde yararland\u0131klar\u0131n\u0131 sorguluyor. <\/p>\n","protected":false},"excerpt":{"rendered":"<p>G\u00fcn\u00fcm\u00fcz\u00fc anlamaya ve siyasal bir gelecek tahayy\u00fcl etmeye \u00e7al\u0131\u015f\u0131rken, ge\u00e7mi\u015fle paralellikler kurar, kimi zaman da ideal tipler in\u015fa ederiz. Antik\u00e7a\u011f\u2019\u0131n bilgeleri Eskiler ve Yeni D\u00fcnya\u2019n\u0131n yerlileri<span class=\"excerpt-hellip\"> [\u2026]<\/span><\/p>\n","protected":false},"featured_media":0,"template":"","meta":{"_monsterinsights_skip_tracking":false,"_monsterinsights_sitenote_active":false,"_monsterinsights_sitenote_note":"","_monsterinsights_sitenote_category":0},"product_brand":[],"product_cat":[12370,12304],"product_tag":[],"class_list":{"0":"post-779095","1":"product","2":"type-product","3":"status-publish","5":"product_cat-arastirma-inceleme","6":"product_cat-tarih","7":"pa_cilt-ciltsiz","8":"pa_tur-kitap","9":"pa_yayinevi-is-bankasi-kultur-yayinlari","10":"pa_yazar-francois-hartog","12":"first","13":"instock","14":"sale","15":"shipping-taxable","16":"purchasable","17":"product-type-simple"},"_links":{"self":[{"href":"https:\/\/roveyayinevi.com.tr\/index.php\/wp-json\/wp\/v2\/product\/779095","targetHints":{"allow":["GET"]}}],"collection":[{"href":"https:\/\/roveyayinevi.com.tr\/index.php\/wp-json\/wp\/v2\/product"}],"about":[{"href":"https:\/\/roveyayinevi.com.tr\/index.php\/wp-json\/wp\/v2\/types\/product"}],"wp:attachment":[{"href":"https:\/\/roveyayinevi.com.tr\/index.php\/wp-json\/wp\/v2\/media?parent=779095"}],"wp:term":[{"taxonomy":"product_brand","embeddable":true,"href":"https:\/\/roveyayinevi.com.tr\/index.php\/wp-json\/wp\/v2\/product_brand?post=779095"},{"taxonomy":"product_cat","embeddable":true,"href":"https:\/\/roveyayinevi.com.tr\/index.php\/wp-json\/wp\/v2\/product_cat?post=779095"},{"taxonomy":"product_tag","embeddable":true,"href":"https:\/\/roveyayinevi.com.tr\/index.php\/wp-json\/wp\/v2\/product_tag?post=779095"}],"curies":[{"name":"wp","href":"https:\/\/api.w.org\/{rel}","templated":true}]}}