{"id":779094,"date":"2025-12-30T10:33:16","date_gmt":"2025-12-30T07:33:16","guid":{"rendered":"https:\/\/roveyayinevi.com.tr\/index.php\/urun\/altin-olum\/"},"modified":"2026-04-07T02:43:05","modified_gmt":"2026-04-06T23:43:05","slug":"altin-olum","status":"publish","type":"product","link":"https:\/\/roveyayinevi.com.tr\/index.php\/urun\/altin-olum\/","title":{"rendered":"Alt\u0131n \u00d6l\u00fcm"},"content":{"rendered":"<p>Yazar\u0131m\u0131z gazeteci \u0130brahim G\u00fcnd\u00fcz, kitab\u0131n yaz\u0131lma amac\u0131n\u0131 \u015fu \u015fekilde a\u00e7\u0131kl\u0131yor; \u201c\u2026 Siz bug\u00fcn g\u00f6z\u00fc d\u00f6nm\u00fc\u015f bir \u015fekilde Karadeniz\u2019in, Ege\u2019nin, Anadolu\u2019nun ormanlar\u0131na, yaylalar\u0131na, meralar\u0131na, tar\u0131m alanlar\u0131na sald\u0131r\u0131p, \u201cAlt\u0131n, alt\u0131n, alt\u0131n\u201d diye say\u0131kl\u0131yorsunuz. Ama inan\u0131n bana bu sistem b\u00f6yle devam etti\u011fi s\u00fcrece b\u00fct\u00fcn T\u00fcrkiye\u2019yi de kazsan\u0131z, hatta b\u00fct\u00fcn d\u00fcnyay\u0131 da kazsan\u0131z, delik de\u015fik etseniz, alt\u0131n\u0131 \u00fcst\u00fcne getirseniz de size yetmeyecek. Sizler \u00fclkelerinizi ve d\u00fcnyay\u0131 \u00e7\u00f6le \u00e7evirmi\u015f, canl\u0131lar\u0131n\u0131 \u00f6ld\u00fcrm\u00fc\u015f bir grup insan olarak tarihe ge\u00e7eceksiniz\u2026\u2026Benim i\u00e7in kolay olmad\u0131 ama bu kitab\u0131n en az\u0131ndan okuyanlar a\u00e7\u0131s\u0131ndan T\u00fcrkiye\u2019de ad\u0131na \u201calt\u0131n madencili\u011fi\u201d denilen ama ger\u00e7ekte talanc\u0131l\u0131k olan sistemin ne oldu\u011funu g\u00f6rmeleri i\u00e7in bir rehber olaca\u011f\u0131n\u0131 \u00fcmit ediyorum. Bu kitap T\u00fcrkiye\u2019de vah\u015fi madencilere ve T\u00fcrkiye\u2019nin talan\u0131na kar\u015f\u0131 m\u00fccadele eden bu ger\u00e7ek vatanseverlerin m\u00fccadelesine bir nebze katk\u0131 olursa en b\u00fcy\u00fck mutlulu\u011fumuz olacakt\u0131r\u2026\u201d Neler var kitap da; AKP iktidar\u0131 ve FE*T\u00d6\u2019n\u00fcn aras\u0131na giren kara kedilerden birisi de siyan\u00fcrl\u00fc alt\u0131n madenleri miydi? Siyan\u00fcrle alt\u0131n \u00fcretiminin insan sa\u011fl\u0131\u011f\u0131na ve \u00e7evreye zarars\u0131z oldu\u011funu kan\u0131tlamak i\u00e7in Bergama\u2019da siyan\u00fcrl\u00fc at\u0131k havuzunda y\u00fczebilece\u011fini belirten milletvekili kimdi? O havuza \u015fov i\u00e7in girip bug\u00fcn kanser tedavisi g\u00f6ren i\u015f\u00e7i neler anlat\u0131yor? Maden sevdal\u0131s\u0131 komutanlar kimler? \u0130lhan Cihaner\u2019in Erzincan Cumhuriyet Ba\u015fsavc\u0131s\u0131 iken makam\u0131nda g\u00f6revi ba\u015f\u0131nda tutuklanmas\u0131n\u0131n arkas\u0131nda sadece cemaat de\u011fil \u00c7\u00f6pler Madeni de mi var? R\u00fc\u015fveti verenler, r\u00fc\u015fveti alanlar kim? T\u00fcrkiye\u2019de \u00e7\u0131kan alt\u0131n T\u00fcrkiye\u2019yi zenginle\u015ftiriyor mu? 19 y\u0131lda siyan\u00fcrl\u00fc alt\u0131n kartelleri 10 milyar dolardan fazla kazan\u0131rken, devlete yani vatanda\u015fa kalan ne oldu?Kazda\u011flar\u0131\u2019nda, Karadeniz da\u011flar\u0131nda ormanlar\u0131 talan eden, siyan\u00fcr sa\u00e7an madencilik \u015firketi kimden destek g\u00f6r\u00fcyor? Amerikan-Kanadal\u0131-\u0130ngiliz ortaklar\u0131yla hareket eden, staj\u0131n\u0131 FE*T\u00d6\u2019n\u00fcn KOZA madenlerinde yapt\u0131\u011f\u0131 belirtilen \u015firket neyin pe\u015finde? \u201cBiz Filistin olduk onlar \u0130srail. Topraklar\u0131m\u0131z\u0131 satm\u0131\u015flar. Devlet bizi Filistin durumuna soktu.\u201d diye isyan eden AK Parti \u00fcyesi, AK Parti se\u00e7meni kim? Hangi \u00fcnl\u00fc medya patronu, Ni\u011fde-Uluk\u0131\u015fla\u2019da \u201cYERALTI SUYU \u0130\u015eLETME SAHALARI\u201dn\u0131n tam \u00fcst\u00fcne siyan\u00fcrl\u00fc maden tesisleri kurdu? F\u0131nd\u0131k ve hamsi diyar\u0131 Fatsa\u2019dan,  siyan\u00fcr madeni ile yok edilen Fatsa\u2019ya nas\u0131l gelindi? Alt\u0131ndan 10 milyon dolar kazan\u00e7 i\u00e7in milyarlarca dolar f\u0131nd\u0131k nas\u0131l ate\u015fe at\u0131l\u0131yor? Madencilikte K\u0131\u015flada\u011f bitti, s\u0131ra Murat Da\u011flar\u0131\u2019nda m\u0131? Maden \u015firketlerine verilen ruhsatlar\u0131n kapsad\u0131\u011f\u0131 alan d\u00fc\u015f\u00fcn\u00fcld\u00fc\u011f\u00fcnde \u00fclkemizin ka\u00e7 da ka\u00e7\u0131 yabanc\u0131 \u015firketlere tahsis edilmi\u015ftir? Yoksa \u201c\u0130kinci Sevr Antla\u015fmas\u0131\u201dn\u0131 m\u0131 ya\u015f\u0131yoruz? Bir ton k\u00f6m\u00fcr, demir, bak\u0131r ve alt\u0131n i\u00e7in ka\u00e7 ton kaz\u0131l\u0131yor? Cevherden metale gidene kadar zenginle\u015ftirme oranlar\u0131 ka\u00e7 katt\u0131r? K\u0131saca \u00fclkemiz do\u011fas\u0131n\u0131n tahrip d\u00f6ng\u00fcs\u00fc nas\u0131l i\u015fliyor?  Ve daha bir\u00e7ok can al\u0131c\u0131 konu\u2026 \u0130yi okumalar diliyoruz    <\/p>\n","protected":false},"excerpt":{"rendered":"<p>Yazar\u0131m\u0131z gazeteci \u0130brahim G\u00fcnd\u00fcz, kitab\u0131n yaz\u0131lma amac\u0131n\u0131 \u015fu \u015fekilde a\u00e7\u0131kl\u0131yor; \u201c\u2026 Siz bug\u00fcn g\u00f6z\u00fc d\u00f6nm\u00fc\u015f bir \u015fekilde Karadeniz\u2019in, Ege\u2019nin, Anadolu\u2019nun ormanlar\u0131na, yaylalar\u0131na, meralar\u0131na, tar\u0131m alanlar\u0131na sald\u0131r\u0131p,<span class=\"excerpt-hellip\"> [\u2026]<\/span><\/p>\n","protected":false},"featured_media":0,"template":"","meta":{"_monsterinsights_skip_tracking":false,"_monsterinsights_sitenote_active":false,"_monsterinsights_sitenote_note":"","_monsterinsights_sitenote_category":0},"product_brand":[],"product_cat":[31194,12337],"product_tag":[],"class_list":{"0":"post-779094","1":"product","2":"type-product","3":"status-publish","5":"product_cat-guncel-siyaset","6":"product_cat-politika-siyaset","7":"pa_cilt-ciltsiz","8":"pa_tur-kitap","9":"pa_yayinevi-galeati-yayincilik","10":"pa_yazar-ibrahim-gunduz","12":"first","13":"instock","14":"sale","15":"shipping-taxable","16":"purchasable","17":"product-type-simple"},"_links":{"self":[{"href":"https:\/\/roveyayinevi.com.tr\/index.php\/wp-json\/wp\/v2\/product\/779094","targetHints":{"allow":["GET"]}}],"collection":[{"href":"https:\/\/roveyayinevi.com.tr\/index.php\/wp-json\/wp\/v2\/product"}],"about":[{"href":"https:\/\/roveyayinevi.com.tr\/index.php\/wp-json\/wp\/v2\/types\/product"}],"wp:attachment":[{"href":"https:\/\/roveyayinevi.com.tr\/index.php\/wp-json\/wp\/v2\/media?parent=779094"}],"wp:term":[{"taxonomy":"product_brand","embeddable":true,"href":"https:\/\/roveyayinevi.com.tr\/index.php\/wp-json\/wp\/v2\/product_brand?post=779094"},{"taxonomy":"product_cat","embeddable":true,"href":"https:\/\/roveyayinevi.com.tr\/index.php\/wp-json\/wp\/v2\/product_cat?post=779094"},{"taxonomy":"product_tag","embeddable":true,"href":"https:\/\/roveyayinevi.com.tr\/index.php\/wp-json\/wp\/v2\/product_tag?post=779094"}],"curies":[{"name":"wp","href":"https:\/\/api.w.org\/{rel}","templated":true}]}}