{"id":779091,"date":"2025-12-30T10:32:40","date_gmt":"2025-12-30T07:32:40","guid":{"rendered":"https:\/\/roveyayinevi.com.tr\/index.php\/urun\/sampiyon-sozleri\/"},"modified":"2026-04-16T02:33:58","modified_gmt":"2026-04-15T23:33:58","slug":"sampiyon-sozleri","status":"publish","type":"product","link":"https:\/\/roveyayinevi.com.tr\/index.php\/urun\/sampiyon-sozleri\/","title":{"rendered":"\u015eampiyon S\u00f6zleri"},"content":{"rendered":"<p>SPOR D\u00dcNYASINDA BA\u015eARILI OLMAK\u2022Pes etmeyi bir kez \u00f6\u011frendin mi al\u0131\u015fkanl\u0131\u011fa d\u00f6n\u00fc\u015f\u00fcr. \u2013Vince Lombardi\u2022Kan, ter ve sayg\u0131. \u0130lk ikisini verir, sonuncuyu kazan\u0131rs\u0131n. \u2013Dwayne Johnson\u2022Yapmad\u0131\u011f\u0131n at\u0131\u015flar\u0131 asla say\u0131ya \u00e7eviremezsin. \u2013Larry Bird\u2022Zay\u0131f olana herkes ac\u0131r, \u201ck\u0131skan\u0131lmak\u201d ise \u00e7abayla kazan\u0131l\u0131r. \u2013Arnold Schwarzenegger\u2022Oldu\u011fun yerden ba\u015fla. Elindekini kullan. Yapabildi\u011fini yap. \u2013Arthur AsheBir olimpiyat \u015fampiyonu, size birebir ba\u015far\u0131 ko\u00e7lu\u011fu yapsa ne kazan\u0131rd\u0131n\u0131z? Lazer gibi odak, \u00e7elikten bir irade ve ate\u015fli motivasyon! D\u00fcnya \u015fampiyonlar\u0131n\u0131n hayat ve sporda ba\u015far\u0131 \u00fczerine 1250 tavsiyesi bu kitapta. \u015eampiyonlar \u015f\u00f6hret, servet, kudret, marifet, zafer ve hezimet \u00fczerine hayat dersleri veriyor. Hayat\u0131n zorlu \u201cunvan ma\u00e7lar\u0131\u201dna \u00e7\u0131karken, m\u00fccadele g\u00fcc\u00fcn\u00fcz\u00fc art\u0131racaklar. Bu kitap \u015fampiyon sporcular kadar, i\u015finin \u015fampiyonu olanlar i\u00e7in. Hayat\u0131n olimpik m\u00fccadelesinde yar\u0131\u015fan CEO\u2019lar, TUS aday\u0131 doktorlar, gen\u00e7 giri\u015fimciler veya \u00fcniversite adaylar\u0131 \u201czorlu zamanlarda g\u00fc\u00e7lendiren fikirler\u201d bulacak.\u201cYetenek yoksulun servetidir,\u201d der John Wooden. Yetene\u011fi \u015f\u00f6hrete, \u015f\u00f6hreti servete, serveti kudrete, kudreti de daha b\u00fcy\u00fck ba\u015far\u0131ya \u00e7evirmenin sistemini ke\u015ffedeceksiniz. \u015eampiyonluk bir zihin durumudur. Kazanmak i\u00e7in oynamak bir d\u00fcnya g\u00f6r\u00fc\u015f\u00fcd\u00fcr. \u0130nsan kendi hayat\u0131n\u0131n \u015fampiyonu olabilir. \u0130\u00e7inde ve i\u015finde \u201c\u015fampiyon zihniyeti in\u015fa etmek\u201d isteyenlere en kapsaml\u0131 kaynak\u2026Kitapta Muhammed Ali&#8217;den Pele\u2019ye, Tiger Woods\u2019tan Michael Jordan\u2019a, Katarina Witt\u2019ten Bruce Lee\u2019ye, Roger Federer\u2019den Ronaldo\u2019ya alan\u0131n en iyileri ki\u015fisel s\u0131rlar\u0131n\u0131 ve profesyonel sistemlerini anlat\u0131yor. \u00c7o\u011fu kazanma takti\u011fi T\u00fcrk\u00e7eye ilk kez \u00e7evrildi. T\u00fcrkiye\u2019nin \u201cba\u015far\u0131 yazar\u0131\u201d M\u00fcmin Sekman da efsanelerin ba\u015far\u0131 sistemini analiz etti.  Hayat\u0131 bir \u015fampiyon gibi ya\u015famak isteyenler ve \u015fampiyonluktan ba\u015fkabir hayat d\u00fc\u015f\u00fcnemeyenler i\u00e7in\u2026 Daha ileriye, daha y\u00fckse\u011fe,daha g\u00fc\u00e7l\u00fc ve daha h\u0131zl\u0131!<\/p>\n","protected":false},"excerpt":{"rendered":"<p>SPOR D\u00dcNYASINDA BA\u015eARILI OLMAK\u2022Pes etmeyi bir kez \u00f6\u011frendin mi al\u0131\u015fkanl\u0131\u011fa d\u00f6n\u00fc\u015f\u00fcr. \u2013Vince Lombardi\u2022Kan, ter ve sayg\u0131. \u0130lk ikisini verir, sonuncuyu kazan\u0131rs\u0131n. \u2013Dwayne Johnson\u2022Yapmad\u0131\u011f\u0131n at\u0131\u015flar\u0131 asla say\u0131ya<span class=\"excerpt-hellip\"> [\u2026]<\/span><\/p>\n","protected":false},"featured_media":0,"template":"","meta":{"_monsterinsights_skip_tracking":false,"_monsterinsights_sitenote_active":false,"_monsterinsights_sitenote_note":"","_monsterinsights_sitenote_category":0},"product_brand":[],"product_cat":[12364,12376],"product_tag":[],"class_list":{"0":"post-779091","1":"product","2":"type-product","3":"status-publish","5":"product_cat-genel-konular","6":"product_cat-kisisel-gelisim","7":"pa_cilt-ciltsiz","8":"pa_tur-kitap","9":"pa_yayinevi-alfa-yayinlari","10":"pa_yazar-mumin-sekman","12":"first","13":"instock","14":"sale","15":"shipping-taxable","16":"purchasable","17":"product-type-simple"},"_links":{"self":[{"href":"https:\/\/roveyayinevi.com.tr\/index.php\/wp-json\/wp\/v2\/product\/779091","targetHints":{"allow":["GET"]}}],"collection":[{"href":"https:\/\/roveyayinevi.com.tr\/index.php\/wp-json\/wp\/v2\/product"}],"about":[{"href":"https:\/\/roveyayinevi.com.tr\/index.php\/wp-json\/wp\/v2\/types\/product"}],"wp:attachment":[{"href":"https:\/\/roveyayinevi.com.tr\/index.php\/wp-json\/wp\/v2\/media?parent=779091"}],"wp:term":[{"taxonomy":"product_brand","embeddable":true,"href":"https:\/\/roveyayinevi.com.tr\/index.php\/wp-json\/wp\/v2\/product_brand?post=779091"},{"taxonomy":"product_cat","embeddable":true,"href":"https:\/\/roveyayinevi.com.tr\/index.php\/wp-json\/wp\/v2\/product_cat?post=779091"},{"taxonomy":"product_tag","embeddable":true,"href":"https:\/\/roveyayinevi.com.tr\/index.php\/wp-json\/wp\/v2\/product_tag?post=779091"}],"curies":[{"name":"wp","href":"https:\/\/api.w.org\/{rel}","templated":true}]}}