{"id":779090,"date":"2025-12-30T10:32:27","date_gmt":"2025-12-30T07:32:27","guid":{"rendered":"https:\/\/roveyayinevi.com.tr\/index.php\/urun\/yakitlar-ve-yanma\/"},"modified":"2026-04-16T02:33:35","modified_gmt":"2026-04-15T23:33:35","slug":"yakitlar-ve-yanma","status":"publish","type":"product","link":"https:\/\/roveyayinevi.com.tr\/index.php\/urun\/yakitlar-ve-yanma\/","title":{"rendered":"Yak\u0131tlar ve Yanma"},"content":{"rendered":"<p>G\u00fcn\u00fcm\u00fczde fosil ve yeni enerji kaynaklar\u0131 arayan, bunun i\u00e7in d\u00fcnyada b\u00fct\u00fcn insanl\u0131\u011f\u0131 ilgilendiren sava\u015flara giren ve d\u0131\u015f politikalar\u0131n\u0131n temel ta\u015f\u0131 enerji kaynaklar\u0131 olan devletler, kendi toplumlar\u0131n\u0131n refah ve ama\u00e7lar\u0131 i\u00e7in enerjiyi, giderek artan bir \u015fekilde kullanmaktad\u0131rlar. Ge\u00e7mi\u015fte oldu\u011fu gibi bug\u00fcn de daha \u00e7ok enerjiyi verimli kullanan \u00fclkelerin daha g\u00fc\u00e7l\u00fc oldu\u011funu ve daha rahat ya\u015fad\u0131\u011f\u0131n\u0131 g\u00f6rmekteyiz. Bu y\u00f6n\u00fcyle g\u00fcn\u00fcm\u00fczde oldu\u011fu gibi gelecekte de enerji ve enerji kaynaklar\u0131 \u00fclkelerin vazge\u00e7ilmezlerinden olacakt\u0131r.Ate\u015fin denetim alt\u0131na al\u0131narak bilin\u00e7li \u00fcretimine ge\u00e7i\u015f y\u00fcz binlerce y\u0131l alan b\u00fcy\u00fck bir ad\u0131md\u0131r. \u0130srail&#8217;de, \u015eeria Nehri k\u0131y\u0131s\u0131nda bulunan kal\u0131nt\u0131lar, insanl\u0131\u011f\u0131n 790 bin y\u0131l \u00f6nce ate\u015f \u00fcretti\u011fini ve kulland\u0131\u011f\u0131n\u0131 g\u00f6stermektedir. \u0130nsanl\u0131k, ate\u015fi \u0131s\u0131l enerji kayna\u011f\u0131 olarak bulup kullanmaya ba\u015flad\u0131\u011f\u0131ndan beri yak\u0131t ve yanma kavram\u0131 ayr\u0131lmaz bir b\u00fct\u00fcn olu\u015fturmu\u015ftur. Yanma denince akla ilk \u00f6nce \u0131s\u0131 ve s\u0131cakl\u0131k kavramlar\u0131 gelmektedir. Bunlardan her birinin g\u00fcn\u00fcm\u00fczde ayr\u0131 \u00e7al\u0131\u015fma alanlar\u0131 olu\u015fturdu\u011fu bir ger\u00e7ektir. Yanma, kimyasal bir olayd\u0131r. Ama\u00e7, kimyasal enerjinin termik enerjiye d\u00f6n\u00fc\u015f\u00fcm\u00fc yoluyla \u0131s\u0131 ve enerji elde etmektir.Yak\u0131t, kimyasal yap\u0131s\u0131nda bir de\u011fi\u015fim meydana geldi\u011finde enerji (\u0131s\u0131) a\u00e7\u0131\u011fa \u00e7\u0131karan her t\u00fcrl\u00fc malzeme ve maddeye verilen genel bir terimdir. Yak\u0131tlar\u0131n esas maddesini organik karbon te\u015fkil eder. Is\u0131, bu organik karbonun oksijen ile reaksiyonu sonucunda a\u00e7\u0131\u011fa \u00e7\u0131kar.G\u00fcn\u00fcm\u00fczde art\u0131k yerli fosil ve yenilenebilir enerji kaynaklar\u0131m\u0131z\u0131n kullan\u0131m\u0131 ile ciddi boyutlarda enerji ve elektrik \u00fcretilmektedir. \u00dclkemizde de enerji ve yak\u0131t kaynaklar\u0131m\u0131z\u0131n de\u011ferlendirilmesi y\u00f6n\u00fcnde ciddi ve g\u00f6zle g\u00f6r\u00fcl\u00fcr geli\u015fmeler ya\u015fanmaktad\u0131r.\u00dcniversitelerimizde m\u00fchendislik, e\u011fitim, fen, teknoloji fak\u00fcltelerinde ve ilgili meslek okullar\u0131nda e\u011fitim m\u00fcfredat\u0131nda yer alan yak\u0131tlar ve yanma konular\u0131na temel ve referans kaynak olu\u015fturmak i\u00e7in bu \u00e7al\u0131\u015fma yap\u0131lm\u0131\u015ft\u0131r. Kitapta s\u0131ras\u0131yla petrol, k\u00f6m\u00fcr, benzin, motorin, metanol, LPG, do\u011fal gaz yak\u0131tlar\u0131 ile ilgili temel bilgiler verilmi\u015ftir. \u00d6zellikle s\u0131v\u0131 yak\u0131tlar\u0131n yanma denklemleri, yanma olaylar\u0131 a\u00e7\u0131klanm\u0131\u015f ve emisyon standartlar\u0131 son b\u00f6l\u00fcme eklenmi\u015ftir.<\/p>\n","protected":false},"excerpt":{"rendered":"<p>G\u00fcn\u00fcm\u00fczde fosil ve yeni enerji kaynaklar\u0131 arayan, bunun i\u00e7in d\u00fcnyada b\u00fct\u00fcn insanl\u0131\u011f\u0131 ilgilendiren sava\u015flara giren ve d\u0131\u015f politikalar\u0131n\u0131n temel ta\u015f\u0131 enerji kaynaklar\u0131 olan devletler, kendi toplumlar\u0131n\u0131n<span class=\"excerpt-hellip\"> [\u2026]<\/span><\/p>\n","protected":false},"featured_media":0,"template":"","meta":{"_monsterinsights_skip_tracking":false,"_monsterinsights_sitenote_active":false,"_monsterinsights_sitenote_note":"","_monsterinsights_sitenote_category":0},"product_brand":[],"product_cat":[13005,37328],"product_tag":[],"class_list":{"0":"post-779090","1":"product","2":"type-product","3":"status-publish","5":"product_cat-bilim-muhendislik","6":"product_cat-diger-bilim-muhendislik","7":"pa_cilt-ciltsiz","8":"pa_tur-kitap","9":"pa_yayinevi-nobel-akademik-yayincilik","10":"pa_yazar-kolektif","12":"first","13":"instock","14":"sale","15":"shipping-taxable","16":"purchasable","17":"product-type-simple"},"_links":{"self":[{"href":"https:\/\/roveyayinevi.com.tr\/index.php\/wp-json\/wp\/v2\/product\/779090","targetHints":{"allow":["GET"]}}],"collection":[{"href":"https:\/\/roveyayinevi.com.tr\/index.php\/wp-json\/wp\/v2\/product"}],"about":[{"href":"https:\/\/roveyayinevi.com.tr\/index.php\/wp-json\/wp\/v2\/types\/product"}],"wp:attachment":[{"href":"https:\/\/roveyayinevi.com.tr\/index.php\/wp-json\/wp\/v2\/media?parent=779090"}],"wp:term":[{"taxonomy":"product_brand","embeddable":true,"href":"https:\/\/roveyayinevi.com.tr\/index.php\/wp-json\/wp\/v2\/product_brand?post=779090"},{"taxonomy":"product_cat","embeddable":true,"href":"https:\/\/roveyayinevi.com.tr\/index.php\/wp-json\/wp\/v2\/product_cat?post=779090"},{"taxonomy":"product_tag","embeddable":true,"href":"https:\/\/roveyayinevi.com.tr\/index.php\/wp-json\/wp\/v2\/product_tag?post=779090"}],"curies":[{"name":"wp","href":"https:\/\/api.w.org\/{rel}","templated":true}]}}