{"id":779089,"date":"2025-12-30T10:32:00","date_gmt":"2025-12-30T07:32:00","guid":{"rendered":"https:\/\/roveyayinevi.com.tr\/index.php\/urun\/ben-insanim\/"},"modified":"2026-04-16T02:33:30","modified_gmt":"2026-04-15T23:33:30","slug":"ben-insanim","status":"publish","type":"product","link":"https:\/\/roveyayinevi.com.tr\/index.php\/urun\/ben-insanim\/","title":{"rendered":"Ben \u0130nsan\u0131m"},"content":{"rendered":"<p>Ben insan\u0131m.Ancak insan olmak ayn\u0131 zamanda m\u00fckemmel olmad\u0131\u011f\u0131nve hata yapabilece\u011fin anlam\u0131na da gelir.\u0130nsan oldu\u011fumuz i\u00e7in pek \u00e7ok imk\u00e2na sahibiz. \u00d6rne\u011fin;\u00f6\u011freniriz, hayal kurar\u0131z, \u00e7evremizde d\u00f6n\u00fcp duran d\u00fcnyay\u0131 merak ederiz. Ama ayn\u0131 zamanda hata yapabilir,\u00fczg\u00fcn veya kayg\u0131l\u0131 hissedebiliriz.Ben \u0130nsan\u0131m kitab\u0131 kendimize veya ba\u015fkalar\u0131na \u015fefkatve empatiyle yakla\u015ft\u0131\u011f\u0131m\u0131zda hayat\u0131m\u0131zla ilgili daha iyikararlar verebilece\u011fimizi s\u00f6yl\u00fcyor.Ortak bir zeminde bulu\u015ftu\u011fumuzda etraf\u0131m\u0131zdakim\u00fcthi\u015f d\u00fcnyayla ba\u011flant\u0131 kuruyor, onu anl\u0131yor ve elimizden geldi\u011fince iyi insan olmak i\u00e7in \u00e7aba g\u00f6stermi\u015foluyoruz.<\/p>\n","protected":false},"excerpt":{"rendered":"<p>Ben insan\u0131m.Ancak insan olmak ayn\u0131 zamanda m\u00fckemmel olmad\u0131\u011f\u0131nve hata yapabilece\u011fin anlam\u0131na da gelir.\u0130nsan oldu\u011fumuz i\u00e7in pek \u00e7ok imk\u00e2na sahibiz. \u00d6rne\u011fin;\u00f6\u011freniriz, hayal kurar\u0131z, \u00e7evremizde d\u00f6n\u00fcp duran d\u00fcnyay\u0131<span class=\"excerpt-hellip\"> [\u2026]<\/span><\/p>\n","protected":false},"featured_media":0,"template":"","meta":{"_monsterinsights_skip_tracking":false,"_monsterinsights_sitenote_active":false,"_monsterinsights_sitenote_note":"","_monsterinsights_sitenote_category":0},"product_brand":[],"product_cat":[12274,12631],"product_tag":[],"class_list":{"0":"post-779089","1":"product","2":"type-product","3":"status-publish","5":"product_cat-cocuk-ve-genclik-kitaplari","6":"product_cat-diger-cocuk-ve-genclik-kitaplari","7":"pa_cilt-ciltsiz","8":"pa_tur-kitap","9":"pa_yayinevi-altin-kitaplar","10":"pa_yazar-susan-verde","12":"first","13":"instock","14":"sale","15":"shipping-taxable","16":"purchasable","17":"product-type-simple"},"_links":{"self":[{"href":"https:\/\/roveyayinevi.com.tr\/index.php\/wp-json\/wp\/v2\/product\/779089","targetHints":{"allow":["GET"]}}],"collection":[{"href":"https:\/\/roveyayinevi.com.tr\/index.php\/wp-json\/wp\/v2\/product"}],"about":[{"href":"https:\/\/roveyayinevi.com.tr\/index.php\/wp-json\/wp\/v2\/types\/product"}],"wp:attachment":[{"href":"https:\/\/roveyayinevi.com.tr\/index.php\/wp-json\/wp\/v2\/media?parent=779089"}],"wp:term":[{"taxonomy":"product_brand","embeddable":true,"href":"https:\/\/roveyayinevi.com.tr\/index.php\/wp-json\/wp\/v2\/product_brand?post=779089"},{"taxonomy":"product_cat","embeddable":true,"href":"https:\/\/roveyayinevi.com.tr\/index.php\/wp-json\/wp\/v2\/product_cat?post=779089"},{"taxonomy":"product_tag","embeddable":true,"href":"https:\/\/roveyayinevi.com.tr\/index.php\/wp-json\/wp\/v2\/product_tag?post=779089"}],"curies":[{"name":"wp","href":"https:\/\/api.w.org\/{rel}","templated":true}]}}