{"id":779088,"date":"2025-12-30T10:31:19","date_gmt":"2025-12-30T07:31:19","guid":{"rendered":"https:\/\/roveyayinevi.com.tr\/index.php\/urun\/hircin-kizin-gunlugu\/"},"modified":"2026-04-16T02:32:44","modified_gmt":"2026-04-15T23:32:44","slug":"hircin-kizin-gunlugu","status":"publish","type":"product","link":"https:\/\/roveyayinevi.com.tr\/index.php\/urun\/hircin-kizin-gunlugu\/","title":{"rendered":"H\u0131r\u00e7\u0131n K\u0131z\u0131n G\u00fcnl\u00fc\u011f\u00fc"},"content":{"rendered":"<p>Hey! Nas\u0131l gidiyor hayat?Keyfin yerinde mi?Seninkiler seni anl\u0131yorlar m\u0131?Annen ve baban yani&#8230;Vaay, anlam\u0131yorlar m\u0131?O halde yaln\u0131z de\u011filsin! Pelin de senin gibi&#8230; Onunla tan\u0131\u015fmaya ne dersin?Pelin&#8217;i \u00e7ok seveceksin. \u00c7\u00fcnk\u00fc o da senin gibi b\u00fcy\u00fcmeye \u00e7al\u0131\u015f\u0131yor. B\u00fcy\u00fcrken de bir s\u00fcr\u00fc macera ya\u015f\u0131yor.Kankalar\u0131yla sorunlar\u0131 oluyor, sevdi\u011fi \u00e7ocu\u011fu annesinden gizliyor, okuldaki \u00e7etelere k\u00f6k s\u00f6kt\u00fcr\u00fcyor&#8230;Veee t\u00fcm bunlar olurken g\u00fcnl\u00fc\u011f\u00fc ona sihirli bir oyun oynuyor!Nas\u0131l m\u0131? S\u00f6ylememm!.. Kendin g\u00f6rmelisin.Oku mutlaka! \u00c7\u00fcnk\u00fc e\u011flence garanti!<\/p>\n","protected":false},"excerpt":{"rendered":"<p>Hey! Nas\u0131l gidiyor hayat?Keyfin yerinde mi?Seninkiler seni anl\u0131yorlar m\u0131?Annen ve baban yani&#8230;Vaay, anlam\u0131yorlar m\u0131?O halde yaln\u0131z de\u011filsin! Pelin de senin gibi&#8230; Onunla tan\u0131\u015fmaya ne dersin?Pelin&#8217;i \u00e7ok<span class=\"excerpt-hellip\"> [\u2026]<\/span><\/p>\n","protected":false},"featured_media":0,"template":"","meta":{"_monsterinsights_skip_tracking":false,"_monsterinsights_sitenote_active":false,"_monsterinsights_sitenote_note":"","_monsterinsights_sitenote_category":0},"product_brand":[],"product_cat":[12275,12274],"product_tag":[],"class_list":{"0":"post-779088","1":"product","2":"type-product","3":"status-publish","5":"product_cat-6-12-yas-kitaplari","6":"product_cat-cocuk-ve-genclik-kitaplari","7":"pa_cilt-ciltsiz","8":"pa_tur-kitap","9":"pa_yayinevi-selen-yayinevi","10":"pa_yazar-mehtap-kayaoglu","12":"first","13":"instock","14":"sale","15":"shipping-taxable","16":"purchasable","17":"product-type-simple"},"_links":{"self":[{"href":"https:\/\/roveyayinevi.com.tr\/index.php\/wp-json\/wp\/v2\/product\/779088","targetHints":{"allow":["GET"]}}],"collection":[{"href":"https:\/\/roveyayinevi.com.tr\/index.php\/wp-json\/wp\/v2\/product"}],"about":[{"href":"https:\/\/roveyayinevi.com.tr\/index.php\/wp-json\/wp\/v2\/types\/product"}],"wp:attachment":[{"href":"https:\/\/roveyayinevi.com.tr\/index.php\/wp-json\/wp\/v2\/media?parent=779088"}],"wp:term":[{"taxonomy":"product_brand","embeddable":true,"href":"https:\/\/roveyayinevi.com.tr\/index.php\/wp-json\/wp\/v2\/product_brand?post=779088"},{"taxonomy":"product_cat","embeddable":true,"href":"https:\/\/roveyayinevi.com.tr\/index.php\/wp-json\/wp\/v2\/product_cat?post=779088"},{"taxonomy":"product_tag","embeddable":true,"href":"https:\/\/roveyayinevi.com.tr\/index.php\/wp-json\/wp\/v2\/product_tag?post=779088"}],"curies":[{"name":"wp","href":"https:\/\/api.w.org\/{rel}","templated":true}]}}