{"id":779087,"date":"2025-12-30T10:31:12","date_gmt":"2025-12-30T07:31:12","guid":{"rendered":"https:\/\/roveyayinevi.com.tr\/index.php\/urun\/kosmak-geldi-icimden\/"},"modified":"2026-04-16T02:32:26","modified_gmt":"2026-04-15T23:32:26","slug":"kosmak-geldi-icimden","status":"publish","type":"product","link":"https:\/\/roveyayinevi.com.tr\/index.php\/urun\/kosmak-geldi-icimden\/","title":{"rendered":"Ko\u015fmak Geldi \u0130\u00e7imden"},"content":{"rendered":"<p>Novella tarz\u0131 harika bir kitap\u2026 Askerlik vazifesinde bir kaza sonucu baca\u011f\u0131n\u0131 kaybeden Arda i\u00e7in hayat yeniden ba\u015flam\u0131\u015ft\u0131r. Eski bir Kick Boks \u015fampiyonu olan Arda\u2019n\u0131n azimli bir o kadar da dramatik hik\u00e2yesi\u2026 Okumak i\u00e7in sab\u0131rs\u0131zlanacaks\u0131n\u0131z\u2026 <\/p>\n","protected":false},"excerpt":{"rendered":"<p>Novella tarz\u0131 harika bir kitap\u2026 Askerlik vazifesinde bir kaza sonucu baca\u011f\u0131n\u0131 kaybeden Arda i\u00e7in hayat yeniden ba\u015flam\u0131\u015ft\u0131r. Eski bir Kick Boks \u015fampiyonu olan Arda\u2019n\u0131n azimli bir<span class=\"excerpt-hellip\"> [\u2026]<\/span><\/p>\n","protected":false},"featured_media":0,"template":"","meta":{"_monsterinsights_skip_tracking":false,"_monsterinsights_sitenote_active":false,"_monsterinsights_sitenote_note":"","_monsterinsights_sitenote_category":0},"product_brand":[],"product_cat":[12291,12711],"product_tag":[],"class_list":{"0":"post-779087","1":"product","2":"type-product","3":"status-publish","5":"product_cat-edebiyat","6":"product_cat-roman-oyku","7":"pa_cilt-ciltsiz","8":"pa_tur-kitap","9":"pa_yayinevi-deka-yayinlari","10":"pa_yazar-ali-kayacan","12":"first","13":"instock","14":"sale","15":"shipping-taxable","16":"purchasable","17":"product-type-simple"},"_links":{"self":[{"href":"https:\/\/roveyayinevi.com.tr\/index.php\/wp-json\/wp\/v2\/product\/779087","targetHints":{"allow":["GET"]}}],"collection":[{"href":"https:\/\/roveyayinevi.com.tr\/index.php\/wp-json\/wp\/v2\/product"}],"about":[{"href":"https:\/\/roveyayinevi.com.tr\/index.php\/wp-json\/wp\/v2\/types\/product"}],"wp:attachment":[{"href":"https:\/\/roveyayinevi.com.tr\/index.php\/wp-json\/wp\/v2\/media?parent=779087"}],"wp:term":[{"taxonomy":"product_brand","embeddable":true,"href":"https:\/\/roveyayinevi.com.tr\/index.php\/wp-json\/wp\/v2\/product_brand?post=779087"},{"taxonomy":"product_cat","embeddable":true,"href":"https:\/\/roveyayinevi.com.tr\/index.php\/wp-json\/wp\/v2\/product_cat?post=779087"},{"taxonomy":"product_tag","embeddable":true,"href":"https:\/\/roveyayinevi.com.tr\/index.php\/wp-json\/wp\/v2\/product_tag?post=779087"}],"curies":[{"name":"wp","href":"https:\/\/api.w.org\/{rel}","templated":true}]}}