{"id":779086,"date":"2025-12-30T10:31:01","date_gmt":"2025-12-30T07:31:01","guid":{"rendered":"https:\/\/roveyayinevi.com.tr\/index.php\/urun\/gizemlerle-dolu-salginlar-tarihi\/"},"modified":"2026-01-21T02:53:58","modified_gmt":"2026-01-20T23:53:58","slug":"gizemlerle-dolu-salginlar-tarihi","status":"publish","type":"product","link":"https:\/\/roveyayinevi.com.tr\/index.php\/urun\/gizemlerle-dolu-salginlar-tarihi\/","title":{"rendered":"Gizemlerle Dolu Salg\u0131nlar Tarihi"},"content":{"rendered":"<p>Salg\u0131nlar, insanl\u0131k tarihinde \u00e7ok b\u00fcy\u00fck rol oynam\u0131\u015f, hatta \u00e7o\u011fu \u00fclkenin kaderini bile de\u011fi\u015ftirmi\u015f, tarihin ak\u0131\u015f\u0131n\u0131 bir taraftan al\u0131p ba\u015fka bir tarafa y\u00f6neltmi\u015ftir. Ku\u015fkusuz her salg\u0131n\u0131n insan eliyle \u00e7\u0131kart\u0131ld\u0131\u011f\u0131n\u0131 s\u00f6ylemek m\u00fcmk\u00fcn de\u011fil ama salg\u0131n s\u00fcrecini kimlerin nas\u0131l y\u00f6netti\u011fine, bu s\u00fcre\u00e7ten kimlerin nas\u0131l g\u00fc\u00e7lenerek \u00e7\u0131kt\u0131\u011f\u0131na bakmak \u00e7ok ama \u00e7ok \u00f6nemli&#8230;Bu y\u00fczden Co*rona vir\u00fcs\u00fcn de kimler taraf\u0131ndan ya da hangi yoldan \u00e7\u0131kt\u0131\u011f\u0131ndan ziyade bu salg\u0131n\u0131 kimlerin nas\u0131l kulland\u0131\u011f\u0131 \u00fczerinde durmak daha ak\u0131lc\u0131 bir se\u00e7im olur.\u00d6rne\u011fin Bat\u0131 d\u00fcnyas\u0131n\u0131 Orta\u00e7a\u011f boyunca kas\u0131p kavuran veba salg\u0131n\u0131, Mo\u011follar taraf\u0131ndan \u0130talya\u2019ya bilin\u00e7li olarak bula\u015ft\u0131r\u0131lm\u0131\u015ft\u0131. Veba hastal\u0131\u011f\u0131 ta\u015f\u0131yan cesetlerin manc\u0131n\u0131klarla \u0130talya\u2019ya f\u0131rlat\u0131lmas\u0131, bir t\u00fcr biyolojik silah kullan\u0131m\u0131d\u0131r asl\u0131nda.D\u00fcnya hemen hemen her d\u00f6nem bir salg\u0131n hastal\u0131kla m\u00fccadele etmi\u015f, milyonlarca hatta milyarlarca ac\u0131l\u0131 \u00f6l\u00fcme tan\u0131k olmu\u015ftur. Salg\u0131n tehdidi hi\u00e7bir zaman ortadan kalkmam\u0131\u015ft\u0131r. Modern d\u00fcnya ko\u015fullar\u0131 bile salg\u0131n riskinin olmad\u0131\u011f\u0131 sa\u011fl\u0131kl\u0131 bir konfor alan\u0131 yaratmaya yetmiyor. \u0130nsan hayat\u0131 teknolojik geli\u015fmelere de\u011fil, Do\u011fa\u2019ya ve Do\u011fa\u2019n\u0131n kanunlar\u0131na ba\u011fl\u0131d\u0131r.<\/p>\n","protected":false},"excerpt":{"rendered":"<p>Salg\u0131nlar, insanl\u0131k tarihinde \u00e7ok b\u00fcy\u00fck rol oynam\u0131\u015f, hatta \u00e7o\u011fu \u00fclkenin kaderini bile de\u011fi\u015ftirmi\u015f, tarihin ak\u0131\u015f\u0131n\u0131 bir taraftan al\u0131p ba\u015fka bir tarafa y\u00f6neltmi\u015ftir. Ku\u015fkusuz her salg\u0131n\u0131n insan<span class=\"excerpt-hellip\"> [\u2026]<\/span><\/p>\n","protected":false},"featured_media":0,"template":"","meta":{"_monsterinsights_skip_tracking":false,"_monsterinsights_sitenote_active":false,"_monsterinsights_sitenote_note":"","_monsterinsights_sitenote_category":0},"product_brand":[],"product_cat":[13772,12364],"product_tag":[],"class_list":{"0":"post-779086","1":"product","2":"type-product","3":"status-publish","5":"product_cat-basvuru-kitaplari","6":"product_cat-genel-konular","7":"pa_cilt-ciltsiz","8":"pa_tur-kitap","9":"pa_yayinevi-destek-yayinlari","10":"pa_yazar-erhan-altunay","12":"first","13":"instock","14":"sale","15":"shipping-taxable","16":"purchasable","17":"product-type-simple"},"_links":{"self":[{"href":"https:\/\/roveyayinevi.com.tr\/index.php\/wp-json\/wp\/v2\/product\/779086","targetHints":{"allow":["GET"]}}],"collection":[{"href":"https:\/\/roveyayinevi.com.tr\/index.php\/wp-json\/wp\/v2\/product"}],"about":[{"href":"https:\/\/roveyayinevi.com.tr\/index.php\/wp-json\/wp\/v2\/types\/product"}],"wp:attachment":[{"href":"https:\/\/roveyayinevi.com.tr\/index.php\/wp-json\/wp\/v2\/media?parent=779086"}],"wp:term":[{"taxonomy":"product_brand","embeddable":true,"href":"https:\/\/roveyayinevi.com.tr\/index.php\/wp-json\/wp\/v2\/product_brand?post=779086"},{"taxonomy":"product_cat","embeddable":true,"href":"https:\/\/roveyayinevi.com.tr\/index.php\/wp-json\/wp\/v2\/product_cat?post=779086"},{"taxonomy":"product_tag","embeddable":true,"href":"https:\/\/roveyayinevi.com.tr\/index.php\/wp-json\/wp\/v2\/product_tag?post=779086"}],"curies":[{"name":"wp","href":"https:\/\/api.w.org\/{rel}","templated":true}]}}