{"id":779085,"date":"2025-12-30T10:30:23","date_gmt":"2025-12-30T07:30:23","guid":{"rendered":"https:\/\/roveyayinevi.com.tr\/index.php\/urun\/yasam-sanati-2\/"},"modified":"2026-04-16T02:31:54","modified_gmt":"2026-04-15T23:31:54","slug":"yasam-sanati-2","status":"publish","type":"product","link":"https:\/\/roveyayinevi.com.tr\/index.php\/urun\/yasam-sanati-2\/","title":{"rendered":"Ya\u015fam Sanat\u0131"},"content":{"rendered":"<p>Ya\u015fam Sanat\u0131 e\u015fsiz ileti\u015fimci ve ak\u0131l hocas\u0131 Bob Proctor&#8217;\u0131n en pop\u00fcler at\u00f6lyesi olan Matrixx&#8217;den en \u00f6nemli bilgileri sunuyor. Bu kitapla kendinizi fenomen olan Bob Proctor&#8217;\u0131n \u00f6\u011frencisi gibi hissedeceksiniz.Bu rehber sayesinde \u015fimdiye kadar sahip oldu\u011funuz, size zarar veren inan\u00e7lar\u0131n, \u00f6zg\u00fcrl\u00fc\u011f\u00fcn\u00fcz\u00fc nas\u0131l elinizden ald\u0131\u011f\u0131n\u0131 anlayacaks\u0131n\u0131z.Bob Proctor\u2019\u0131n d\u00fcnyaya yayd\u0131\u011f\u0131 bir\u00e7ok paha bi\u00e7ilemez \u00f6\u011freti aras\u0131nda, yeni bir \u00f6\u011frenci olarak i\u00e7selle\u015ftirece\u011finiz en \u00f6nemli konular \u015funlard\u0131r:- Hayatta arzulad\u0131\u011f\u0131n\u0131z \u015feyleri nas\u0131l elde edebilirsiniz?- Olumsuz d\u00fc\u015f\u00fcnce kal\u0131plar\u0131n\u0131 nas\u0131l silersiniz ve zihninizi ba\u015far\u0131l\u0131 olmak ad\u0131na nas\u0131l programlars\u0131n\u0131z?- Hayat\u0131n\u0131zda, ili\u015fkilerinizde ve i\u015finizde en y\u00fcksek verimi sa\u011flamak i\u00e7in ne yapabilirsiniz?<\/p>\n","protected":false},"excerpt":{"rendered":"<p>Ya\u015fam Sanat\u0131 e\u015fsiz ileti\u015fimci ve ak\u0131l hocas\u0131 Bob Proctor&#8217;\u0131n en pop\u00fcler at\u00f6lyesi olan Matrixx&#8217;den en \u00f6nemli bilgileri sunuyor. Bu kitapla kendinizi fenomen olan Bob Proctor&#8217;\u0131n \u00f6\u011frencisi<span class=\"excerpt-hellip\"> [\u2026]<\/span><\/p>\n","protected":false},"featured_media":0,"template":"","meta":{"_monsterinsights_skip_tracking":false,"_monsterinsights_sitenote_active":false,"_monsterinsights_sitenote_note":"","_monsterinsights_sitenote_category":0},"product_brand":[],"product_cat":[12364,12376],"product_tag":[],"class_list":{"0":"post-779085","1":"product","2":"type-product","3":"status-publish","5":"product_cat-genel-konular","6":"product_cat-kisisel-gelisim","7":"pa_cilt-ciltsiz","8":"pa_tur-kitap","9":"pa_yayinevi-sola-unitas","10":"pa_yazar-bob-proctor-sandra-gallagher","12":"first","13":"instock","14":"sale","15":"shipping-taxable","16":"purchasable","17":"product-type-simple"},"_links":{"self":[{"href":"https:\/\/roveyayinevi.com.tr\/index.php\/wp-json\/wp\/v2\/product\/779085","targetHints":{"allow":["GET"]}}],"collection":[{"href":"https:\/\/roveyayinevi.com.tr\/index.php\/wp-json\/wp\/v2\/product"}],"about":[{"href":"https:\/\/roveyayinevi.com.tr\/index.php\/wp-json\/wp\/v2\/types\/product"}],"wp:attachment":[{"href":"https:\/\/roveyayinevi.com.tr\/index.php\/wp-json\/wp\/v2\/media?parent=779085"}],"wp:term":[{"taxonomy":"product_brand","embeddable":true,"href":"https:\/\/roveyayinevi.com.tr\/index.php\/wp-json\/wp\/v2\/product_brand?post=779085"},{"taxonomy":"product_cat","embeddable":true,"href":"https:\/\/roveyayinevi.com.tr\/index.php\/wp-json\/wp\/v2\/product_cat?post=779085"},{"taxonomy":"product_tag","embeddable":true,"href":"https:\/\/roveyayinevi.com.tr\/index.php\/wp-json\/wp\/v2\/product_tag?post=779085"}],"curies":[{"name":"wp","href":"https:\/\/api.w.org\/{rel}","templated":true}]}}