{"id":779084,"date":"2025-12-30T10:29:53","date_gmt":"2025-12-30T07:29:53","guid":{"rendered":"https:\/\/roveyayinevi.com.tr\/index.php\/urun\/beyaz-cehennem\/"},"modified":"2026-04-16T02:31:47","modified_gmt":"2026-04-15T23:31:47","slug":"beyaz-cehennem","status":"publish","type":"product","link":"https:\/\/roveyayinevi.com.tr\/index.php\/urun\/beyaz-cehennem\/","title":{"rendered":"Beyaz Cehennem"},"content":{"rendered":"<p>\u0130lk defa 10 A\u011fustos 1952-8 Ekim 1952 tarihleri aras\u0131nda Ulus gazetesi taraf\u0131ndan tefrika edilen ve 1955 y\u0131l\u0131nda kitapla\u015fan Beyaz Cehennem, uluslararas\u0131 bir uyu\u015fturucu \u015febekesinin \u0130stanbul\u2019da i\u015fledi\u011fi cinayetle ba\u015flayan hadiseleri konu edinir. Cinayetin duyulmas\u0131yla birlikte konuyla alakadar olan Cing\u00f6z Recai, t\u00fcrl\u00fc k\u0131l\u0131klarla uyu\u015fturucu \u015febekesinin pe\u015fine d\u00fc\u015fer. Bu macerada eski dostu ve d\u00fc\u015fman\u0131 Ba\u015fkomiser Mehmet R\u0131za\u2019n\u0131n polis olarak yeti\u015ftirdi\u011fi o\u011flu Haldun \u0130zer\u2019le de kar\u015f\u0131 kar\u015f\u0131ya gelen kibar h\u0131rs\u0131z, me\u015fhur zek\u00e2s\u0131n\u0131 kullanarak inan\u0131lmaz bir ser\u00fcvene \u00e7\u0131kar. Bu ser\u00fcvende ona, daha \u00f6nceki maceralar\u0131nda kar\u015f\u0131m\u0131za \u00e7\u0131kan yard\u0131mc\u0131s\u0131 Jale de e\u015flik etmektedir.   Beyaz Cehennem, sinema tarihi a\u00e7\u0131s\u0131ndan da Cing\u00f6z Recai serisinin \u00f6nemli bir par\u00e7as\u0131d\u0131r. Kitap, Metin Erksan taraf\u0131ndan senaryola\u015ft\u0131r\u0131larak ayn\u0131 isimle 1954 y\u0131l\u0131nda beyaz perdeye aktar\u0131l\u0131r ve Cing\u00f6z\u2019\u00fc de Turan Seyfio\u011flu canland\u0131r\u0131r. Bu filmle Cing\u00f6z Recai ilk defa beyaz perdeye aktar\u0131lm\u0131\u015f olur. Roman\u0131, Zeynep Rade\u2019nin takdimi ve Prof. Dr. Seval \u015eahin\u2019in notlar\u0131yla sunuyoruz.<\/p>\n","protected":false},"excerpt":{"rendered":"<p>\u0130lk defa 10 A\u011fustos 1952-8 Ekim 1952 tarihleri aras\u0131nda Ulus gazetesi taraf\u0131ndan tefrika edilen ve 1955 y\u0131l\u0131nda kitapla\u015fan Beyaz Cehennem, uluslararas\u0131 bir uyu\u015fturucu \u015febekesinin \u0130stanbul\u2019da i\u015fledi\u011fi<span class=\"excerpt-hellip\"> [\u2026]<\/span><\/p>\n","protected":false},"featured_media":0,"template":"","meta":{"_monsterinsights_skip_tracking":false,"_monsterinsights_sitenote_active":false,"_monsterinsights_sitenote_note":"","_monsterinsights_sitenote_category":0},"product_brand":[],"product_cat":[12291,15445],"product_tag":[],"class_list":{"0":"post-779084","1":"product","2":"type-product","3":"status-publish","5":"product_cat-edebiyat","6":"product_cat-polisiye","7":"pa_cilt-ciltsiz","8":"pa_tur-kitap","9":"pa_yayinevi-otuken-nesriyat","10":"pa_yazar-peyami-safa-server-bedi","12":"first","13":"instock","14":"sale","15":"shipping-taxable","16":"purchasable","17":"product-type-simple"},"_links":{"self":[{"href":"https:\/\/roveyayinevi.com.tr\/index.php\/wp-json\/wp\/v2\/product\/779084","targetHints":{"allow":["GET"]}}],"collection":[{"href":"https:\/\/roveyayinevi.com.tr\/index.php\/wp-json\/wp\/v2\/product"}],"about":[{"href":"https:\/\/roveyayinevi.com.tr\/index.php\/wp-json\/wp\/v2\/types\/product"}],"wp:attachment":[{"href":"https:\/\/roveyayinevi.com.tr\/index.php\/wp-json\/wp\/v2\/media?parent=779084"}],"wp:term":[{"taxonomy":"product_brand","embeddable":true,"href":"https:\/\/roveyayinevi.com.tr\/index.php\/wp-json\/wp\/v2\/product_brand?post=779084"},{"taxonomy":"product_cat","embeddable":true,"href":"https:\/\/roveyayinevi.com.tr\/index.php\/wp-json\/wp\/v2\/product_cat?post=779084"},{"taxonomy":"product_tag","embeddable":true,"href":"https:\/\/roveyayinevi.com.tr\/index.php\/wp-json\/wp\/v2\/product_tag?post=779084"}],"curies":[{"name":"wp","href":"https:\/\/api.w.org\/{rel}","templated":true}]}}