{"id":779081,"date":"2025-12-30T10:29:38","date_gmt":"2025-12-30T07:29:38","guid":{"rendered":"https:\/\/roveyayinevi.com.tr\/index.php\/urun\/kemalizmi-anlamak\/"},"modified":"2026-04-16T02:31:08","modified_gmt":"2026-04-15T23:31:08","slug":"kemalizmi-anlamak","status":"publish","type":"product","link":"https:\/\/roveyayinevi.com.tr\/index.php\/urun\/kemalizmi-anlamak\/","title":{"rendered":"Kemalizmi Anlamak"},"content":{"rendered":"<p>Bu yap\u0131t, Ceyhun Atuf Kansu\u2019nun bug\u00fcne de\u011fin kitapla\u015fmam\u0131\u015f, Cumhuriyetin kurucu d\u00fc\u015f\u00fcncesi ve Kemalizm \u00fczerine derinlemesine \u00e7al\u0131\u015ft\u0131\u011f\u0131 se\u00e7kin yaz\u0131lar\u0131ndan olu\u015fmaktad\u0131r. \u201cKemalizmi Anlamak\u201d, Kemalizm ad\u0131na son y\u0131llarda ortaya at\u0131lan, Cumhuriyetin devrimci \u00f6z\u00fcn\u00fcn uza\u011f\u0131na d\u00fc\u015fm\u00fc\u015f d\u00fc\u015f\u00fcnce  ve eylemlere kar\u015f\u0131, y\u00f6n\u00fcn\u00fc bu topra\u011f\u0131n ger\u00e7eklerinde bulan bir pusulad\u0131r. \u201cKemalizm\u2019in siyasal \u00f6\u011fretisi ulusal ba\u011f\u0131ms\u0131zl\u0131k ve ulusal devrime dayan\u0131r. Ulusal devrimin toplumsal \u00f6\u011fretisi ise Halk\u00e7\u0131l\u0131kt\u0131r. Halk\u00e7\u0131l\u0131k \u00f6\u011fretisi, ulusal kurtulu\u015f sava\u015f\u0131n\u0131n toplumsal yap\u0131s\u0131ndan do\u011far. Cumhuriyet devrimi ise (ki, ulusla\u015fma, \u00e7a\u011fda\u015fla\u015fma s\u00fcreci i\u00e7inde ba\u011f\u0131ms\u0131z, l\u00e2ik, halk\u00e7\u0131 bir devletin kurulmas\u0131d\u0131r) kurumlar\u0131 ve temel do\u011frultusu ile ulusal kurtulu\u015f sava\u015f\u0131n\u0131n halk\u00e7\u0131 mayas\u0131na ba\u011fl\u0131 kal\u0131r. Kemalizmin ba\u011f\u0131ms\u0131zl\u0131k birimi ulus, devrim birimi halkt\u0131r.\u201d <\/p>\n","protected":false},"excerpt":{"rendered":"<p>Bu yap\u0131t, Ceyhun Atuf Kansu\u2019nun bug\u00fcne de\u011fin kitapla\u015fmam\u0131\u015f, Cumhuriyetin kurucu d\u00fc\u015f\u00fcncesi ve Kemalizm \u00fczerine derinlemesine \u00e7al\u0131\u015ft\u0131\u011f\u0131 se\u00e7kin yaz\u0131lar\u0131ndan olu\u015fmaktad\u0131r. \u201cKemalizmi Anlamak\u201d, Kemalizm ad\u0131na son y\u0131llarda ortaya<span class=\"excerpt-hellip\"> [\u2026]<\/span><\/p>\n","protected":false},"featured_media":0,"template":"","meta":{"_monsterinsights_skip_tracking":false,"_monsterinsights_sitenote_active":false,"_monsterinsights_sitenote_note":"","_monsterinsights_sitenote_category":0},"product_brand":[],"product_cat":[12777,12291],"product_tag":[],"class_list":{"0":"post-779081","1":"product","2":"type-product","3":"status-publish","5":"product_cat-deneme","6":"product_cat-edebiyat","7":"pa_cilt-ciltsiz","8":"pa_tur-kitap","9":"pa_yayinevi-telgrafhane-yayinlari","10":"pa_yazar-ceyhun-atuf-kansu","12":"first","13":"instock","14":"sale","15":"shipping-taxable","16":"purchasable","17":"product-type-simple"},"_links":{"self":[{"href":"https:\/\/roveyayinevi.com.tr\/index.php\/wp-json\/wp\/v2\/product\/779081","targetHints":{"allow":["GET"]}}],"collection":[{"href":"https:\/\/roveyayinevi.com.tr\/index.php\/wp-json\/wp\/v2\/product"}],"about":[{"href":"https:\/\/roveyayinevi.com.tr\/index.php\/wp-json\/wp\/v2\/types\/product"}],"wp:attachment":[{"href":"https:\/\/roveyayinevi.com.tr\/index.php\/wp-json\/wp\/v2\/media?parent=779081"}],"wp:term":[{"taxonomy":"product_brand","embeddable":true,"href":"https:\/\/roveyayinevi.com.tr\/index.php\/wp-json\/wp\/v2\/product_brand?post=779081"},{"taxonomy":"product_cat","embeddable":true,"href":"https:\/\/roveyayinevi.com.tr\/index.php\/wp-json\/wp\/v2\/product_cat?post=779081"},{"taxonomy":"product_tag","embeddable":true,"href":"https:\/\/roveyayinevi.com.tr\/index.php\/wp-json\/wp\/v2\/product_tag?post=779081"}],"curies":[{"name":"wp","href":"https:\/\/api.w.org\/{rel}","templated":true}]}}