{"id":779080,"date":"2025-12-30T10:28:58","date_gmt":"2025-12-30T07:28:58","guid":{"rendered":"https:\/\/roveyayinevi.com.tr\/index.php\/urun\/masumiyet-cambazi\/"},"modified":"2026-04-16T02:30:40","modified_gmt":"2026-04-15T23:30:40","slug":"masumiyet-cambazi","status":"publish","type":"product","link":"https:\/\/roveyayinevi.com.tr\/index.php\/urun\/masumiyet-cambazi\/","title":{"rendered":"Masumiyet Cambaz\u0131"},"content":{"rendered":"<p>Herkes kendinde yaln\u0131zl\u0131k Ba\u015fkas\u0131n\u0131n hayat\u0131nda haks\u0131zl\u0131kt\u0131 \u015eiir de\u011fil miydi her nevi a\u00e7l\u0131\u011f\u0131 da Hi\u00e7li\u011fi de bast\u0131ran Size bu \u015fiir bir hi\u00e7likten yaz\u0131ld\u0131 <\/p>\n","protected":false},"excerpt":{"rendered":"<p>Herkes kendinde yaln\u0131zl\u0131k Ba\u015fkas\u0131n\u0131n hayat\u0131nda haks\u0131zl\u0131kt\u0131 \u015eiir de\u011fil miydi her nevi a\u00e7l\u0131\u011f\u0131 da Hi\u00e7li\u011fi de bast\u0131ran Size bu \u015fiir bir hi\u00e7likten yaz\u0131ld\u0131<\/p>\n","protected":false},"featured_media":0,"template":"","meta":{"_monsterinsights_skip_tracking":false,"_monsterinsights_sitenote_active":false,"_monsterinsights_sitenote_note":"","_monsterinsights_sitenote_category":0},"product_brand":[],"product_cat":[12291,12509],"product_tag":[],"class_list":{"0":"post-779080","1":"product","2":"type-product","3":"status-publish","5":"product_cat-edebiyat","6":"product_cat-siir","7":"pa_cilt-ciltsiz","8":"pa_tur-kitap","9":"pa_yayinevi-favori-yayinlari","10":"pa_yazar-gulcin-sahilli","12":"first","13":"instock","14":"sale","15":"shipping-taxable","16":"purchasable","17":"product-type-simple"},"_links":{"self":[{"href":"https:\/\/roveyayinevi.com.tr\/index.php\/wp-json\/wp\/v2\/product\/779080","targetHints":{"allow":["GET"]}}],"collection":[{"href":"https:\/\/roveyayinevi.com.tr\/index.php\/wp-json\/wp\/v2\/product"}],"about":[{"href":"https:\/\/roveyayinevi.com.tr\/index.php\/wp-json\/wp\/v2\/types\/product"}],"wp:attachment":[{"href":"https:\/\/roveyayinevi.com.tr\/index.php\/wp-json\/wp\/v2\/media?parent=779080"}],"wp:term":[{"taxonomy":"product_brand","embeddable":true,"href":"https:\/\/roveyayinevi.com.tr\/index.php\/wp-json\/wp\/v2\/product_brand?post=779080"},{"taxonomy":"product_cat","embeddable":true,"href":"https:\/\/roveyayinevi.com.tr\/index.php\/wp-json\/wp\/v2\/product_cat?post=779080"},{"taxonomy":"product_tag","embeddable":true,"href":"https:\/\/roveyayinevi.com.tr\/index.php\/wp-json\/wp\/v2\/product_tag?post=779080"}],"curies":[{"name":"wp","href":"https:\/\/api.w.org\/{rel}","templated":true}]}}