{"id":779079,"date":"2025-12-30T10:28:53","date_gmt":"2025-12-30T07:28:53","guid":{"rendered":"https:\/\/roveyayinevi.com.tr\/index.php\/urun\/ejderhalar-nezle-olmasin-ve-diger-siirler\/"},"modified":"2026-04-16T02:30:38","modified_gmt":"2026-04-15T23:30:38","slug":"ejderhalar-nezle-olmasin-ve-diger-siirler","status":"publish","type":"product","link":"https:\/\/roveyayinevi.com.tr\/index.php\/urun\/ejderhalar-nezle-olmasin-ve-diger-siirler\/","title":{"rendered":"Ejderhalar Nezle Olmas\u0131n ve Di\u011fer \u015eiirler"},"content":{"rendered":"<p>Flamingolar\u0131Ne\u015fe palamudu ile besledi\u011fimiz,Ejderham\u0131z\u0131Tasmas\u0131z gezdirdi\u011fimiz,D\u00fcn bat\u0131m\u0131n\u0131Havai \u00e7i\u00e7eklerin arkas\u0131ndan seyretti\u011fimizS\u0131radan bir g\u00fcnd\u00fc.\u00d6yle s\u0131radan&#8230;2 \u015fiirden olu\u015fan Ejderhalar Nezle Olmas\u0131n ve Di\u011fer \u015fiirler ile \u00e7ocuklar, s\u00f6zc\u00fcklerin farkl\u0131 y\u00f6nlerini ke\u015ffedecekler.<\/p>\n","protected":false},"excerpt":{"rendered":"<p>Flamingolar\u0131Ne\u015fe palamudu ile besledi\u011fimiz,Ejderham\u0131z\u0131Tasmas\u0131z gezdirdi\u011fimiz,D\u00fcn bat\u0131m\u0131n\u0131Havai \u00e7i\u00e7eklerin arkas\u0131ndan seyretti\u011fimizS\u0131radan bir g\u00fcnd\u00fc.\u00d6yle s\u0131radan&#8230;2 \u015fiirden olu\u015fan Ejderhalar Nezle Olmas\u0131n ve Di\u011fer \u015fiirler ile \u00e7ocuklar, s\u00f6zc\u00fcklerin farkl\u0131 y\u00f6nlerini ke\u015ffedecekler.<\/p>\n","protected":false},"featured_media":0,"template":"","meta":{"_monsterinsights_skip_tracking":false,"_monsterinsights_sitenote_active":false,"_monsterinsights_sitenote_note":"","_monsterinsights_sitenote_category":0},"product_brand":[],"product_cat":[12274,12284],"product_tag":[],"class_list":{"0":"post-779079","1":"product","2":"type-product","3":"status-publish","5":"product_cat-cocuk-ve-genclik-kitaplari","6":"product_cat-hikayeler","7":"pa_cilt-ciltsiz","8":"pa_tur-kitap","9":"pa_yayinevi-abm-yayinevi","10":"pa_yazar-seda-akipek","12":"first","13":"instock","14":"sale","15":"shipping-taxable","16":"purchasable","17":"product-type-simple"},"_links":{"self":[{"href":"https:\/\/roveyayinevi.com.tr\/index.php\/wp-json\/wp\/v2\/product\/779079","targetHints":{"allow":["GET"]}}],"collection":[{"href":"https:\/\/roveyayinevi.com.tr\/index.php\/wp-json\/wp\/v2\/product"}],"about":[{"href":"https:\/\/roveyayinevi.com.tr\/index.php\/wp-json\/wp\/v2\/types\/product"}],"wp:attachment":[{"href":"https:\/\/roveyayinevi.com.tr\/index.php\/wp-json\/wp\/v2\/media?parent=779079"}],"wp:term":[{"taxonomy":"product_brand","embeddable":true,"href":"https:\/\/roveyayinevi.com.tr\/index.php\/wp-json\/wp\/v2\/product_brand?post=779079"},{"taxonomy":"product_cat","embeddable":true,"href":"https:\/\/roveyayinevi.com.tr\/index.php\/wp-json\/wp\/v2\/product_cat?post=779079"},{"taxonomy":"product_tag","embeddable":true,"href":"https:\/\/roveyayinevi.com.tr\/index.php\/wp-json\/wp\/v2\/product_tag?post=779079"}],"curies":[{"name":"wp","href":"https:\/\/api.w.org\/{rel}","templated":true}]}}