{"id":779072,"date":"2025-12-30T10:27:18","date_gmt":"2025-12-30T07:27:18","guid":{"rendered":"https:\/\/roveyayinevi.com.tr\/index.php\/urun\/ferda-ciltli\/"},"modified":"2026-04-16T02:29:23","modified_gmt":"2026-04-15T23:29:23","slug":"ferda-ciltli","status":"publish","type":"product","link":"https:\/\/roveyayinevi.com.tr\/index.php\/urun\/ferda-ciltli\/","title":{"rendered":"Ferda (Ciltli)"},"content":{"rendered":"<p>Biz \u00f6l\u00fcm\u00fc i\u00e7erden bildik FerdaKalbin k\u0131r\u0131lma sesindenKimsesizler mezarl\u0131\u011f\u0131nda Mihri M\u00fc\u015ffik\u2019inBozulmadan uyuyan cesedindenA\u015fiyan\u2019da iki kom\u015fu \u00f6l\u00fcBulu\u015fur el ayak \u00e7ekildi\u011findeve doktor Sabiha ve \u0130stanbul ve sis sississs\u00e7ekilir\u00e7ekilecektirBir \u00e7ocuk ament\u00fcs\u00fc dillerdeD\u00fcnya kalbimiz i\u00e7reAtl\u0131kar\u0131nca \u015fenli\u011findeelbet d\u00f6necekd\u00f6necekd\u00f6necektir\u201d<\/p>\n","protected":false},"excerpt":{"rendered":"<p>Biz \u00f6l\u00fcm\u00fc i\u00e7erden bildik FerdaKalbin k\u0131r\u0131lma sesindenKimsesizler mezarl\u0131\u011f\u0131nda Mihri M\u00fc\u015ffik\u2019inBozulmadan uyuyan cesedindenA\u015fiyan\u2019da iki kom\u015fu \u00f6l\u00fcBulu\u015fur el ayak \u00e7ekildi\u011findeve doktor Sabiha ve \u0130stanbul ve sis sississs\u00e7ekilir\u00e7ekilecektirBir \u00e7ocuk<span class=\"excerpt-hellip\"> [\u2026]<\/span><\/p>\n","protected":false},"featured_media":0,"template":"","meta":{"_monsterinsights_skip_tracking":false,"_monsterinsights_sitenote_active":false,"_monsterinsights_sitenote_note":"","_monsterinsights_sitenote_category":0},"product_brand":[],"product_cat":[12291,12509],"product_tag":[],"class_list":{"0":"post-779072","1":"product","2":"type-product","3":"status-publish","5":"product_cat-edebiyat","6":"product_cat-siir","7":"pa_cilt-ciltli","8":"pa_tur-kitap","9":"pa_yayinevi-oteki-yayinevi","10":"pa_yazar-cigdem-sezer","12":"first","13":"instock","14":"sale","15":"shipping-taxable","16":"purchasable","17":"product-type-simple"},"_links":{"self":[{"href":"https:\/\/roveyayinevi.com.tr\/index.php\/wp-json\/wp\/v2\/product\/779072","targetHints":{"allow":["GET"]}}],"collection":[{"href":"https:\/\/roveyayinevi.com.tr\/index.php\/wp-json\/wp\/v2\/product"}],"about":[{"href":"https:\/\/roveyayinevi.com.tr\/index.php\/wp-json\/wp\/v2\/types\/product"}],"wp:attachment":[{"href":"https:\/\/roveyayinevi.com.tr\/index.php\/wp-json\/wp\/v2\/media?parent=779072"}],"wp:term":[{"taxonomy":"product_brand","embeddable":true,"href":"https:\/\/roveyayinevi.com.tr\/index.php\/wp-json\/wp\/v2\/product_brand?post=779072"},{"taxonomy":"product_cat","embeddable":true,"href":"https:\/\/roveyayinevi.com.tr\/index.php\/wp-json\/wp\/v2\/product_cat?post=779072"},{"taxonomy":"product_tag","embeddable":true,"href":"https:\/\/roveyayinevi.com.tr\/index.php\/wp-json\/wp\/v2\/product_tag?post=779072"}],"curies":[{"name":"wp","href":"https:\/\/api.w.org\/{rel}","templated":true}]}}