{"id":779071,"date":"2025-12-30T10:27:15","date_gmt":"2025-12-30T07:27:15","guid":{"rendered":"https:\/\/roveyayinevi.com.tr\/index.php\/urun\/sosyoloji-8-edisyon\/"},"modified":"2026-02-27T02:33:09","modified_gmt":"2026-02-26T23:33:09","slug":"sosyoloji-8-edisyon","status":"publish","type":"product","link":"https:\/\/roveyayinevi.com.tr\/index.php\/urun\/sosyoloji-8-edisyon\/","title":{"rendered":"Sosyoloji &#8211; 8.Edisyon"},"content":{"rendered":"<p>Sosyoloji sekizinci edisyonuyla da ya\u015fad\u0131\u011f\u0131m\u0131z d\u00fcnyay\u0131 ve rehberlik etti\u011fimiz ya\u015famlar\u0131 anlamland\u0131rma konusunda vazge\u00e7ilmez bir k\u0131lavuz olmay\u0131 s\u00fcrd\u00fcr\u00fcyor. Ba\u015ftan sona g\u00f6zden ge\u00e7irilen ve g\u00fcncellenen bu kitap, sosyolojiye dair dopdolu, cazip ve g\u00fcvenilir bir giri\u015f sunma konusunda rakipsiz bir \u00e7al\u0131\u015fmad\u0131r. Yazarlar, sosyolojideki yeni g\u00f6r\u00fc\u015flerin yan\u0131 s\u0131ra g\u00fcncel k\u00fcresel geli\u015fmelere ili\u015fkin yetkin bir genel bak\u0131\u015f ortaya koyuyorlar. Klasik tart\u0131\u015fmalara \u00f6zenli ve kapsaml\u0131 bi\u00e7imde yer verilirken, en karma\u015f\u0131k g\u00f6r\u00fc\u015fler de merak uyand\u0131racak bi\u00e7imde a\u00e7\u0131klan\u0131yor. Ak\u0131c\u0131 ve takibi kolay bir tarza sahip olan metin, entelekt\u00fcel titizli\u011finin beraberinde kolayca anla\u015f\u0131l\u0131r olmay\u0131 da ba\u015far\u0131yor. Kitap interaktif pedagojiye yapt\u0131\u011f\u0131 g\u00fc\u00e7l\u00fc vurguyla birlikte, sosyolojik d\u00fc\u015f\u00fcncenin ebedi de\u011ferini g\u00f6rebilmeleri i\u00e7in okuyucular\u0131n\u0131n ilgisini alana \u00e7ekebilmeyi ama\u00e7l\u0131yor. Sekizinci edisyonda neler var:Sosyolojinin temel prensiplerine, amac\u0131na, ara\u015ft\u0131rma y\u00f6ntemlerine ve kuramlar\u0131na y\u00f6nelik g\u00fc\u00e7l\u00fc bir temel; Toplumsal cinsiyetten cinselli\u011fe, ki\u015fisel ya\u015famdan yoksullu\u011fa, k\u00fcreselle\u015fmeden medya ve siyasete, sosyal ya\u015famdaki \u00f6nemli ba\u015fl\u0131klarla ilgili en g\u00fcncel genel de\u011ferlendirmeler; K\u00fcresel e\u015fitsizlik, iklim de\u011fi\u015fikli\u011fi ve sonu gelmeyen ter\u00f6r gibi modern d\u00fcnyan\u0131n temel meseleleri konusunda sosyolojinin ne s\u00f6yledi\u011fine ili\u015fkin etkileyici \u00f6rnekler; K\u00fcresel sosyoloji ve dijital teknolojilerin haberle\u015fmeyi, \u00e7al\u0131\u015fmay\u0131 ve insan ili\u015fkilerini radikal bi\u00e7imde d\u00f6n\u00fc\u015ft\u00fcrme bi\u00e7imlerine y\u00f6nelik g\u00fc\u00e7l\u00fc bir odaklanma; \u201cKlasik Ara\u015ft\u0131rmalar\u201d, \u201cK\u00fcresel Toplum\u201d kutucuklar\u0131 ile \u201cEle\u015ftirel D\u00fc\u015f\u00fcnme\u201d a\u00e7\u0131klamalar\u0131 gibi kaliteli pedagojik \u00f6zelliklerin yan\u0131nda, okuyucular\u0131 pop\u00fcler k\u00fclt\u00fcr ba\u015fl\u0131klar\u0131na ve sosyolojik anlay\u0131\u015f\u0131 kavrayabilecekleri orijinal ara\u015ft\u0131rma makalelerine y\u00f6nlendirecek b\u00f6l\u00fcm sonu etkinlikleri.   Sekizinci edisyon sosyolojiye giri\u015fe dair bir standard\u0131 ortaya koymaktad\u0131r. \u00c7al\u0131\u015fma ayn\u0131 zamanda www.politybooks.com\/giddens adresinde kapsaml\u0131 destekleyici ara\u015ft\u0131rmalarla tamamlanmaktad\u0131r. Y\u00fcksekokul e\u011fitiminin ba\u015flang\u0131c\u0131 i\u00e7in harika bir e\u011fitim materyalidir ve yeni nesil sosyologlar i\u00e7in de ilham kayna\u011f\u0131 olacakt\u0131r. <\/p>\n","protected":false},"excerpt":{"rendered":"<p>Sosyoloji sekizinci edisyonuyla da ya\u015fad\u0131\u011f\u0131m\u0131z d\u00fcnyay\u0131 ve rehberlik etti\u011fimiz ya\u015famlar\u0131 anlamland\u0131rma konusunda vazge\u00e7ilmez bir k\u0131lavuz olmay\u0131 s\u00fcrd\u00fcr\u00fcyor. Ba\u015ftan sona g\u00f6zden ge\u00e7irilen ve g\u00fcncellenen bu kitap, sosyolojiye<span class=\"excerpt-hellip\"> [\u2026]<\/span><\/p>\n","protected":false},"featured_media":0,"template":"","meta":{"_monsterinsights_skip_tracking":false,"_monsterinsights_sitenote_active":false,"_monsterinsights_sitenote_note":"","_monsterinsights_sitenote_category":0},"product_brand":[],"product_cat":[12325,12324],"product_tag":[],"class_list":{"0":"post-779071","1":"product","2":"type-product","3":"status-publish","5":"product_cat-diger-sosyoloji","6":"product_cat-sosyoloji","7":"pa_cilt-ciltsiz","8":"pa_tur-kitap","9":"pa_yayinevi-kirmizi-yayinlari","10":"pa_yazar-anthony-giddens-philip-w-sutton","12":"first","13":"instock","14":"sale","15":"shipping-taxable","16":"purchasable","17":"product-type-simple"},"_links":{"self":[{"href":"https:\/\/roveyayinevi.com.tr\/index.php\/wp-json\/wp\/v2\/product\/779071","targetHints":{"allow":["GET"]}}],"collection":[{"href":"https:\/\/roveyayinevi.com.tr\/index.php\/wp-json\/wp\/v2\/product"}],"about":[{"href":"https:\/\/roveyayinevi.com.tr\/index.php\/wp-json\/wp\/v2\/types\/product"}],"wp:attachment":[{"href":"https:\/\/roveyayinevi.com.tr\/index.php\/wp-json\/wp\/v2\/media?parent=779071"}],"wp:term":[{"taxonomy":"product_brand","embeddable":true,"href":"https:\/\/roveyayinevi.com.tr\/index.php\/wp-json\/wp\/v2\/product_brand?post=779071"},{"taxonomy":"product_cat","embeddable":true,"href":"https:\/\/roveyayinevi.com.tr\/index.php\/wp-json\/wp\/v2\/product_cat?post=779071"},{"taxonomy":"product_tag","embeddable":true,"href":"https:\/\/roveyayinevi.com.tr\/index.php\/wp-json\/wp\/v2\/product_tag?post=779071"}],"curies":[{"name":"wp","href":"https:\/\/api.w.org\/{rel}","templated":true}]}}