{"id":779068,"date":"2025-12-30T10:26:41","date_gmt":"2025-12-30T07:26:41","guid":{"rendered":"https:\/\/roveyayinevi.com.tr\/index.php\/urun\/insan-ve-tabiat\/"},"modified":"2026-04-16T02:29:16","modified_gmt":"2026-04-15T23:29:16","slug":"insan-ve-tabiat","status":"publish","type":"product","link":"https:\/\/roveyayinevi.com.tr\/index.php\/urun\/insan-ve-tabiat\/","title":{"rendered":"\u0130nsan ve Tabiat"},"content":{"rendered":"<p>\u201cBug\u00fcn bir\u00e7ok \u00e7evrede, teknolojinin yol a\u00e7t\u0131\u011f\u0131 zararlar ve bilimle teknolojinin bar\u0131\u015f\u0131 tehdit etti\u011fi kavranmaya ba\u015flanm\u0131\u015ft\u0131r. Pek az kimse i\u00e7inde ya\u015fad\u0131\u011f\u0131m\u0131z karga\u015fa ve d\u00fczensizli\u011fi ink\u00e2r edebiliyor. Art\u0131k b\u00fct\u00fcn bunlar\u0131n sebepleri ara\u015ft\u0131r\u0131lmaktad\u0131r. Ne var ki, derinlerde yatan temel sebepler ancak pek seyrek olarak g\u00fcn \u0131\u015f\u0131\u011f\u0131na \u00e7\u0131kar\u0131labilmektedir. Bunun bir nedeni de belki \u015fudur: Bu sebepler tam anlam\u0131yla bilinecek olursa, bir\u00e7ok ki\u015fi, do\u011frudan do\u011fruya d\u00fc\u015f\u00fcnce tarzlar\u0131n\u0131 de\u011fi\u015ftirmek zorunda kalacakt\u0131r.\u201d   \u00c7a\u011f\u0131m\u0131z\u0131n en \u00f6nemli M\u00fcsl\u00fcman entellekt\u00fcellerinden Seyyid H\u00fcseyin Nasr, bu eserinde insan ve tabiat aras\u0131ndaki y\u00fcz binlerce y\u0131ll\u0131k ili\u015fkiye ve gitgide y\u0131k\u0131c\u0131 bir hal alan \u00e7evre sorununa kadim gelene\u011fin \u0131\u015f\u0131\u011f\u0131nda yeni bir bak\u0131\u015f a\u00e7\u0131s\u0131 sunuyor. Nasr, bir yandan okuyucuyu tasavvuftan, Taoizm\u2019den, Hinduizm\u2019den, Budizm\u2019den ve Hristiyanl\u0131ktan \u00f6rneklerle insan\u0131n ve tabiat\u0131n k\u00f6kenleri ve do\u011fas\u0131 \u00fczerine derinlemesine d\u00fc\u015f\u00fcnmeye davet ederken, bir yandan da tabiatla aram\u0131zdaki kaybetti\u011fimiz manevi ili\u015fki \u00fczerine bir fark\u0131ndal\u0131k olu\u015fturmaya \u00e7al\u0131\u015f\u0131yor. <\/p>\n","protected":false},"excerpt":{"rendered":"<p>\u201cBug\u00fcn bir\u00e7ok \u00e7evrede, teknolojinin yol a\u00e7t\u0131\u011f\u0131 zararlar ve bilimle teknolojinin bar\u0131\u015f\u0131 tehdit etti\u011fi kavranmaya ba\u015flanm\u0131\u015ft\u0131r. Pek az kimse i\u00e7inde ya\u015fad\u0131\u011f\u0131m\u0131z karga\u015fa ve d\u00fczensizli\u011fi ink\u00e2r edebiliyor. Art\u0131k<span class=\"excerpt-hellip\"> [\u2026]<\/span><\/p>\n","protected":false},"featured_media":0,"template":"","meta":{"_monsterinsights_skip_tracking":false,"_monsterinsights_sitenote_active":false,"_monsterinsights_sitenote_note":"","_monsterinsights_sitenote_category":0},"product_brand":[],"product_cat":[13036,12718,12719],"product_tag":[],"class_list":{"0":"post-779068","1":"product","2":"type-product","3":"status-publish","5":"product_cat-arastirma-inceleme-islam","6":"product_cat-din","7":"product_cat-islam","8":"pa_cilt-ciltsiz","9":"pa_tur-kitap","10":"pa_yayinevi-insan-yayinlari","11":"pa_yazar-seyyid-huseyin-nasr","13":"first","14":"instock","15":"sale","16":"shipping-taxable","17":"purchasable","18":"product-type-simple"},"_links":{"self":[{"href":"https:\/\/roveyayinevi.com.tr\/index.php\/wp-json\/wp\/v2\/product\/779068","targetHints":{"allow":["GET"]}}],"collection":[{"href":"https:\/\/roveyayinevi.com.tr\/index.php\/wp-json\/wp\/v2\/product"}],"about":[{"href":"https:\/\/roveyayinevi.com.tr\/index.php\/wp-json\/wp\/v2\/types\/product"}],"wp:attachment":[{"href":"https:\/\/roveyayinevi.com.tr\/index.php\/wp-json\/wp\/v2\/media?parent=779068"}],"wp:term":[{"taxonomy":"product_brand","embeddable":true,"href":"https:\/\/roveyayinevi.com.tr\/index.php\/wp-json\/wp\/v2\/product_brand?post=779068"},{"taxonomy":"product_cat","embeddable":true,"href":"https:\/\/roveyayinevi.com.tr\/index.php\/wp-json\/wp\/v2\/product_cat?post=779068"},{"taxonomy":"product_tag","embeddable":true,"href":"https:\/\/roveyayinevi.com.tr\/index.php\/wp-json\/wp\/v2\/product_tag?post=779068"}],"curies":[{"name":"wp","href":"https:\/\/api.w.org\/{rel}","templated":true}]}}