{"id":779065,"date":"2025-12-30T10:26:23","date_gmt":"2025-12-30T07:26:23","guid":{"rendered":"https:\/\/roveyayinevi.com.tr\/index.php\/urun\/bu-ne-guzel-hediye\/"},"modified":"2026-01-23T02:35:59","modified_gmt":"2026-01-22T23:35:59","slug":"bu-ne-guzel-hediye","status":"publish","type":"product","link":"https:\/\/roveyayinevi.com.tr\/index.php\/urun\/bu-ne-guzel-hediye\/","title":{"rendered":"Bu Ne G\u00fczel Hediye"},"content":{"rendered":"<p>En yak\u0131n arkada\u015f\u0131n\u0131z bir yarasa olsa, do\u011fum g\u00fcn\u00fcnde ona ne al\u0131rd\u0131n\u0131z? En sevdi\u011fi yazar\u0131n bir kitab\u0131n\u0131 m\u0131? Yarasa di\u015flerine \u00f6zel bir di\u015f f\u0131r\u00e7as\u0131 m\u0131? Yoksa gece g\u00f6r\u00fc\u015f d\u00fcrb\u00fcn\u00fc m\u00fc?Fufu\u2019nun akl\u0131nda ise bamba\u015fka bir hediye var!Etraf\u0131na tersten bakmaya al\u0131\u015fm\u0131\u015f dostu Mimi\u2019ye s\u0131radan ama \u00e7ok \u00f6zel bir hediye&#8230;<\/p>\n","protected":false},"excerpt":{"rendered":"<p>En yak\u0131n arkada\u015f\u0131n\u0131z bir yarasa olsa, do\u011fum g\u00fcn\u00fcnde ona ne al\u0131rd\u0131n\u0131z? En sevdi\u011fi yazar\u0131n bir kitab\u0131n\u0131 m\u0131? Yarasa di\u015flerine \u00f6zel bir di\u015f f\u0131r\u00e7as\u0131 m\u0131? Yoksa gece<span class=\"excerpt-hellip\"> [\u2026]<\/span><\/p>\n","protected":false},"featured_media":0,"template":"","meta":{"_monsterinsights_skip_tracking":false,"_monsterinsights_sitenote_active":false,"_monsterinsights_sitenote_note":"","_monsterinsights_sitenote_category":0},"product_brand":[],"product_cat":[12274,12284],"product_tag":[],"class_list":{"0":"post-779065","1":"product","2":"type-product","3":"status-publish","5":"product_cat-cocuk-ve-genclik-kitaplari","6":"product_cat-hikayeler","7":"pa_cilt-ciltsiz","8":"pa_tur-kitap","9":"pa_yayinevi-abm-yayinevi","10":"pa_yazar-seda-akipek","12":"first","13":"instock","14":"sale","15":"shipping-taxable","16":"purchasable","17":"product-type-simple"},"_links":{"self":[{"href":"https:\/\/roveyayinevi.com.tr\/index.php\/wp-json\/wp\/v2\/product\/779065","targetHints":{"allow":["GET"]}}],"collection":[{"href":"https:\/\/roveyayinevi.com.tr\/index.php\/wp-json\/wp\/v2\/product"}],"about":[{"href":"https:\/\/roveyayinevi.com.tr\/index.php\/wp-json\/wp\/v2\/types\/product"}],"wp:attachment":[{"href":"https:\/\/roveyayinevi.com.tr\/index.php\/wp-json\/wp\/v2\/media?parent=779065"}],"wp:term":[{"taxonomy":"product_brand","embeddable":true,"href":"https:\/\/roveyayinevi.com.tr\/index.php\/wp-json\/wp\/v2\/product_brand?post=779065"},{"taxonomy":"product_cat","embeddable":true,"href":"https:\/\/roveyayinevi.com.tr\/index.php\/wp-json\/wp\/v2\/product_cat?post=779065"},{"taxonomy":"product_tag","embeddable":true,"href":"https:\/\/roveyayinevi.com.tr\/index.php\/wp-json\/wp\/v2\/product_tag?post=779065"}],"curies":[{"name":"wp","href":"https:\/\/api.w.org\/{rel}","templated":true}]}}