{"id":779060,"date":"2025-12-30T10:25:32","date_gmt":"2025-12-30T07:25:32","guid":{"rendered":"https:\/\/roveyayinevi.com.tr\/index.php\/urun\/kiyidaki-cocuklar\/"},"modified":"2026-04-16T02:28:00","modified_gmt":"2026-04-15T23:28:00","slug":"kiyidaki-cocuklar","status":"publish","type":"product","link":"https:\/\/roveyayinevi.com.tr\/index.php\/urun\/kiyidaki-cocuklar\/","title":{"rendered":"K\u0131y\u0131daki \u00c7ocuklar"},"content":{"rendered":"<p>O koy onlar i\u00e7in neden bu kadar \u00f6nemliydi? Sonu\u00e7ta evleri, mahalleleri, g\u00fczel bah\u00e7eleri vard\u0131. Kafas\u0131nda yeni sorular olu\u015fmaya ba\u015flad\u0131. De\u011fer miydi birbirlerini incitmeye? Bunu eve gidince annesine sormak istedi. Ne de olsa b\u00fcy\u00fckler her \u015feyi bilirdi. Ne s\u0131k\u0131c\u0131 de\u011fil mi? Her \u015feyi bilince merak edecek ne kal\u0131r?Kimdi k\u0131y\u0131n\u0131n \u2018ger\u00e7ek\u2019 sahipleri? Kahramanlar\u0131m\u0131z B, Z ve G mi? Yoksa onlar k\u0131y\u0131da oyun kurmadan \u00f6nce burada ya\u015fayanlar m\u0131? Peki, bir yerin \u2018sahibi\u2019 olunabilir miydi? \u00dc\u00e7 \u00e7ocu\u011fun, bir k\u0131y\u0131y\u0131 kendilerine yer edinmesiyle ba\u015flayan hik\u00e2yeleri, bir g\u00fcn, \u2019yeni gelenlerle\u2019 yeniden \u015fekilleniyor. Bu yaz, gen\u00e7 kahramanlar\u0131m\u0131z\u0131 hayata ve birlikte ya\u015famaya dair bamba\u015fka sorular ve e\u011flenceli ke\u015fifler bekliyor\u2026Romanlar\u0131yla tan\u0131nan Bar\u0131\u015f \u0130nce, ilk kez \u00e7ocuklar ve gen\u00e7ler i\u00e7in yazd\u0131! Yazar, uzun \u00f6yk\u00fc tad\u0131ndaki bu kitab\u0131nda gen\u00e7 okurlar\u0131 hem g\u00fcld\u00fcrmeye hem payla\u015fmak \u00fczerine d\u00fc\u015f\u00fcnmeye davet ediyor.<\/p>\n","protected":false},"excerpt":{"rendered":"<p>O koy onlar i\u00e7in neden bu kadar \u00f6nemliydi? Sonu\u00e7ta evleri, mahalleleri, g\u00fczel bah\u00e7eleri vard\u0131. Kafas\u0131nda yeni sorular olu\u015fmaya ba\u015flad\u0131. De\u011fer miydi birbirlerini incitmeye? Bunu eve gidince<span class=\"excerpt-hellip\"> [\u2026]<\/span><\/p>\n","protected":false},"featured_media":0,"template":"","meta":{"_monsterinsights_skip_tracking":false,"_monsterinsights_sitenote_active":false,"_monsterinsights_sitenote_note":"","_monsterinsights_sitenote_category":0},"product_brand":[],"product_cat":[12275,12274],"product_tag":[],"class_list":{"0":"post-779060","1":"product","2":"type-product","3":"status-publish","5":"product_cat-6-12-yas-kitaplari","6":"product_cat-cocuk-ve-genclik-kitaplari","7":"pa_cilt-ciltsiz","8":"pa_tur-kitap","9":"pa_yayinevi-can-cocuk-yayinlari","10":"pa_yazar-baris-ince","12":"first","13":"instock","14":"sale","15":"shipping-taxable","16":"purchasable","17":"product-type-simple"},"_links":{"self":[{"href":"https:\/\/roveyayinevi.com.tr\/index.php\/wp-json\/wp\/v2\/product\/779060","targetHints":{"allow":["GET"]}}],"collection":[{"href":"https:\/\/roveyayinevi.com.tr\/index.php\/wp-json\/wp\/v2\/product"}],"about":[{"href":"https:\/\/roveyayinevi.com.tr\/index.php\/wp-json\/wp\/v2\/types\/product"}],"wp:attachment":[{"href":"https:\/\/roveyayinevi.com.tr\/index.php\/wp-json\/wp\/v2\/media?parent=779060"}],"wp:term":[{"taxonomy":"product_brand","embeddable":true,"href":"https:\/\/roveyayinevi.com.tr\/index.php\/wp-json\/wp\/v2\/product_brand?post=779060"},{"taxonomy":"product_cat","embeddable":true,"href":"https:\/\/roveyayinevi.com.tr\/index.php\/wp-json\/wp\/v2\/product_cat?post=779060"},{"taxonomy":"product_tag","embeddable":true,"href":"https:\/\/roveyayinevi.com.tr\/index.php\/wp-json\/wp\/v2\/product_tag?post=779060"}],"curies":[{"name":"wp","href":"https:\/\/api.w.org\/{rel}","templated":true}]}}