{"id":779059,"date":"2025-12-30T10:24:59","date_gmt":"2025-12-30T07:24:59","guid":{"rendered":"https:\/\/roveyayinevi.com.tr\/index.php\/urun\/leyla-ve-mecnun-3\/"},"modified":"2026-02-03T02:42:03","modified_gmt":"2026-02-02T23:42:03","slug":"leyla-ve-mecnun-3","status":"publish","type":"product","link":"https:\/\/roveyayinevi.com.tr\/index.php\/urun\/leyla-ve-mecnun-3\/","title":{"rendered":"Leyla ve Mecnun"},"content":{"rendered":"<p>Do\u011fu edebiyat\u0131n\u0131n en \u00f6nemli mesnevi konusu olan Leyla ve Mecnun hik\u00e2yesi as\u0131rlar boyunca onlarca T\u00fcrk \u015fair taraf\u0131ndan yeniden yaz\u0131lm\u0131\u015ft\u0131r ancak hi\u00e7birisi Fuzuli\u2019ninki kadar etkileyici olmam\u0131\u015ft\u0131r.Can verme gam\u0131 a\u015fka ki a\u015fk afeti cand\u0131rA\u015fk afeti can oldu\u011fu me\u015fhur cihand\u0131rFuzuli\u2019nin hayat kayna\u011f\u0131 a\u015fkt\u0131r, bir \u015fair olarak ilham\u0131n\u0131 a\u015fktan ald\u0131\u011f\u0131n\u0131 a\u00e7\u0131k\u00e7a s\u00f6ylemektedir. O, a\u015fk\u0131n her t\u00fcrl\u00fc yans\u0131mas\u0131ndan mutluluk duyan bir \u015fairdir. T\u0131pk\u0131 kendisi gibi Mecnun da sevgiliye duydu\u011fu a\u015fk\u0131 idealle\u015ftirir, ma\u015fukuna kavu\u015famad\u0131\u011f\u0131 i\u00e7in dert ve elem \u00e7ekti\u011fini ifade etse de sonunda ruh\u00ee olgunlu\u011fa eri\u015fir.<\/p>\n","protected":false},"excerpt":{"rendered":"<p>Do\u011fu edebiyat\u0131n\u0131n en \u00f6nemli mesnevi konusu olan Leyla ve Mecnun hik\u00e2yesi as\u0131rlar boyunca onlarca T\u00fcrk \u015fair taraf\u0131ndan yeniden yaz\u0131lm\u0131\u015ft\u0131r ancak hi\u00e7birisi Fuzuli\u2019ninki kadar etkileyici olmam\u0131\u015ft\u0131r.Can verme<span class=\"excerpt-hellip\"> [\u2026]<\/span><\/p>\n","protected":false},"featured_media":0,"template":"","meta":{"_monsterinsights_skip_tracking":false,"_monsterinsights_sitenote_active":false,"_monsterinsights_sitenote_note":"","_monsterinsights_sitenote_category":0},"product_brand":[],"product_cat":[12291,12711],"product_tag":[],"class_list":{"0":"post-779059","1":"product","2":"type-product","3":"status-publish","5":"product_cat-edebiyat","6":"product_cat-roman-oyku","7":"pa_cilt-ciltsiz","8":"pa_tur-kitap","9":"pa_yayinevi-kapi-yayinlari","10":"pa_yazar-fuzuli","12":"first","13":"instock","14":"sale","15":"shipping-taxable","16":"purchasable","17":"product-type-simple"},"_links":{"self":[{"href":"https:\/\/roveyayinevi.com.tr\/index.php\/wp-json\/wp\/v2\/product\/779059","targetHints":{"allow":["GET"]}}],"collection":[{"href":"https:\/\/roveyayinevi.com.tr\/index.php\/wp-json\/wp\/v2\/product"}],"about":[{"href":"https:\/\/roveyayinevi.com.tr\/index.php\/wp-json\/wp\/v2\/types\/product"}],"wp:attachment":[{"href":"https:\/\/roveyayinevi.com.tr\/index.php\/wp-json\/wp\/v2\/media?parent=779059"}],"wp:term":[{"taxonomy":"product_brand","embeddable":true,"href":"https:\/\/roveyayinevi.com.tr\/index.php\/wp-json\/wp\/v2\/product_brand?post=779059"},{"taxonomy":"product_cat","embeddable":true,"href":"https:\/\/roveyayinevi.com.tr\/index.php\/wp-json\/wp\/v2\/product_cat?post=779059"},{"taxonomy":"product_tag","embeddable":true,"href":"https:\/\/roveyayinevi.com.tr\/index.php\/wp-json\/wp\/v2\/product_tag?post=779059"}],"curies":[{"name":"wp","href":"https:\/\/api.w.org\/{rel}","templated":true}]}}