{"id":779058,"date":"2025-12-30T10:24:57","date_gmt":"2025-12-30T07:24:57","guid":{"rendered":"https:\/\/roveyayinevi.com.tr\/index.php\/urun\/is-aile-ve-catisma\/"},"modified":"2026-04-16T02:27:58","modified_gmt":"2026-04-15T23:27:58","slug":"is-aile-ve-catisma","status":"publish","type":"product","link":"https:\/\/roveyayinevi.com.tr\/index.php\/urun\/is-aile-ve-catisma\/","title":{"rendered":"\u0130\u015f, Aile ve \u00c7at\u0131\u015fma"},"content":{"rendered":"<p>Yo\u011fun, n\u00f6betli \u00e7al\u0131\u015fma ko\u015fullar\u0131 \u00f6zellikle sa\u011fl\u0131k \u00e7al\u0131\u015fanlar\u0131n\u0131n i\u015f ve aile ya\u015fam alanlar\u0131nda \u00fcstlendikleri \u00e7e\u015fitli rolleri yerine getirmelerini zorlamaktad\u0131r. \u00c7al\u0131\u015fanlar a\u00e7\u0131s\u0131ndan yo\u011fun i\u015f temposu ve zorlu \u00e7al\u0131\u015fma ko\u015fullar\u0131n\u0131n olu\u015fturdu\u011fu gerilim ve \u00e7at\u0131\u015fman\u0131n, i\u015fletmelere kar\u015f\u0131 olan tav\u0131rlar\u0131 ve kurumdaki \u00e7e\u015fitli davran\u0131\u015flar\u0131 \u00fczerinde yo\u011funla\u015ft\u0131\u011f\u0131 bilinmektedir. Di\u011fer taraftan bu durum maalesef ki\u015filerin aile ya\u015famlar\u0131 \u00fczerine de olumsuz olarak yans\u0131maktad\u0131r. Kitap i\u00e7erisinde i\u015f ile aile aras\u0131ndaki \u00e7at\u0131\u015fma t\u00fcrleri literat\u00fcr baz al\u0131narak izah edilmi\u015f ve sa\u011fl\u0131k sekt\u00f6r\u00fc ile ili\u015fkilendirilmi\u015ftir. \u0130kinci b\u00f6l\u00fcmde \u00f6rg\u00fctsel ba\u011fl\u0131l\u0131k kavram\u0131 ele al\u0131narak Allen ve Meyer&#8217;in ilgili yaz\u0131nsala kazand\u0131rd\u0131\u011f\u0131 alt boyutlar\u0131 a\u00e7\u0131klanm\u0131\u015ft\u0131r. Yine ikinci b\u00f6l\u00fcmde i\u015f doyumu, ve \u00e7al\u0131\u015fman\u0131n ba\u011f\u0131ml\u0131 de\u011fi\u015fkeni olan i\u015ften ayr\u0131lma niyeti t\u00fcm boyutlar\u0131 ile anlat\u0131lm\u0131\u015ft\u0131r, kapsaml\u0131 bir literat\u00fcr taramas\u0131 ile benzer \u00e7al\u0131\u015fmalarda hangi ampirik sonu\u00e7lara ula\u015f\u0131ld\u0131\u011f\u0131 ortaya konulmu\u015f, ara\u015ft\u0131rma k\u0131sm\u0131na ge\u00e7meden \u00f6nce okuyucuya derinlemesine bilgi aktar\u0131lm\u0131\u015ft\u0131r. \u00c7al\u0131\u015fmadan elde edilen veriler \u0131\u015f\u0131\u011f\u0131nda; i\u015faile ya\u015fam \u00e7at\u0131\u015fmas\u0131n\u0131n duygusal ba\u011fl\u0131l\u0131k ve devam ba\u011fl\u0131l\u0131\u011f\u0131 \u00fczerinde negatif ve anlaml\u0131 bir etkiye sahip oldu\u011fu belirlenmi\u015ftir. Ayn\u0131 \u015fekilde i\u015f\u2013aile ya\u015fam \u00e7at\u0131\u015fmas\u0131n\u0131n i\u015f doyumu \u00fczerinde de negatif ve anlaml\u0131 bir etkiye sahip oldu\u011fu bir di\u011fer bulgudur.<\/p>\n","protected":false},"excerpt":{"rendered":"<p>Yo\u011fun, n\u00f6betli \u00e7al\u0131\u015fma ko\u015fullar\u0131 \u00f6zellikle sa\u011fl\u0131k \u00e7al\u0131\u015fanlar\u0131n\u0131n i\u015f ve aile ya\u015fam alanlar\u0131nda \u00fcstlendikleri \u00e7e\u015fitli rolleri yerine getirmelerini zorlamaktad\u0131r. \u00c7al\u0131\u015fanlar a\u00e7\u0131s\u0131ndan yo\u011fun i\u015f temposu ve zorlu \u00e7al\u0131\u015fma<span class=\"excerpt-hellip\"> [\u2026]<\/span><\/p>\n","protected":false},"featured_media":0,"template":"","meta":{"_monsterinsights_skip_tracking":false,"_monsterinsights_sitenote_active":false,"_monsterinsights_sitenote_note":"","_monsterinsights_sitenote_category":0},"product_brand":[],"product_cat":[13043,14381],"product_tag":[],"class_list":{"0":"post-779058","1":"product","2":"type-product","3":"status-publish","5":"product_cat-ekonomi","6":"product_cat-isletme-muhasebe-maliye","7":"pa_cilt-ciltsiz","8":"pa_tur-kitap","9":"pa_yayinevi-a-kitap","10":"pa_yazar-gokten-ongel","12":"first","13":"instock","14":"sale","15":"shipping-taxable","16":"purchasable","17":"product-type-simple"},"_links":{"self":[{"href":"https:\/\/roveyayinevi.com.tr\/index.php\/wp-json\/wp\/v2\/product\/779058","targetHints":{"allow":["GET"]}}],"collection":[{"href":"https:\/\/roveyayinevi.com.tr\/index.php\/wp-json\/wp\/v2\/product"}],"about":[{"href":"https:\/\/roveyayinevi.com.tr\/index.php\/wp-json\/wp\/v2\/types\/product"}],"wp:attachment":[{"href":"https:\/\/roveyayinevi.com.tr\/index.php\/wp-json\/wp\/v2\/media?parent=779058"}],"wp:term":[{"taxonomy":"product_brand","embeddable":true,"href":"https:\/\/roveyayinevi.com.tr\/index.php\/wp-json\/wp\/v2\/product_brand?post=779058"},{"taxonomy":"product_cat","embeddable":true,"href":"https:\/\/roveyayinevi.com.tr\/index.php\/wp-json\/wp\/v2\/product_cat?post=779058"},{"taxonomy":"product_tag","embeddable":true,"href":"https:\/\/roveyayinevi.com.tr\/index.php\/wp-json\/wp\/v2\/product_tag?post=779058"}],"curies":[{"name":"wp","href":"https:\/\/api.w.org\/{rel}","templated":true}]}}