{"id":779056,"date":"2025-12-30T10:24:40","date_gmt":"2025-12-30T07:24:40","guid":{"rendered":"https:\/\/roveyayinevi.com.tr\/index.php\/urun\/evlenilecek-kadin\/"},"modified":"2026-04-08T02:34:47","modified_gmt":"2026-04-07T23:34:47","slug":"evlenilecek-kadin","status":"publish","type":"product","link":"https:\/\/roveyayinevi.com.tr\/index.php\/urun\/evlenilecek-kadin\/","title":{"rendered":"Evlenilecek Kad\u0131n"},"content":{"rendered":"<p>\u201cBelki kad\u0131nlar\u0131n \u00fcniversiteye gitmelerine izin verilmemeli; b\u00f6ylece sonradan, d\u00fc\u015f\u00fcnen kafalar olarak hayatta neler ka\u00e7\u0131rd\u0131klar\u0131n\u0131 hissetmezler.\u201dMargaret Atwood\u2019un 1969 tarihli ilk roman\u0131, feminist hareketin g\u00fc\u00e7l\u00fc etkisini de haber veren e\u015fsiz bir manifesto.T\u00fcketici davran\u0131\u015flar\u0131n\u0131 \u00f6l\u00e7en bir ara\u015ft\u0131rma \u015firketinde  \u00e7al\u0131\u015fan Marian, gelece\u011fi parlak  bir hukuk\u00e7u olan Peter\u2019den evlenme teklifi al\u0131nca hi\u00e7 d\u00fc\u015f\u00fcnmeden kabul eder. Zaten her gen\u00e7 k\u0131z\u0131n r\u00fcyas\u0131 de\u011fil midir bu? Ama bir anda yoluna Duncan \u00e7\u0131kar,  \u0130ngiliz edebiyat\u0131 \u00f6\u011frencisi, kendisine ve Marian\u2019a bir gelecek vaat etmeyen, kay\u0131ts\u0131z, kayg\u0131s\u0131z Duncan. Duncan ona kariyer planlar\u0131 d\u0131\u015f\u0131nda, tasarlanmam\u0131\u015f, hesaps\u0131z bir d\u00fcnyay\u0131 g\u00f6sterir. A\u015fk m\u0131d\u0131r bu?\u00dcstelik Marian birdenbire et yiyememeye, Peter\u2019i, evlili\u011fi, a\u015fk\u0131, bedenini sorgulamaya ba\u015flam\u0131\u015ft\u0131r. Art\u0131k evlili\u011fe giderken kafas\u0131nda kocaman bir soru vard\u0131r: Yoksa kendi bedeni de Peter i\u00e7in t\u00fcketilecek bir nesne midir?<\/p>\n","protected":false},"excerpt":{"rendered":"<p>\u201cBelki kad\u0131nlar\u0131n \u00fcniversiteye gitmelerine izin verilmemeli; b\u00f6ylece sonradan, d\u00fc\u015f\u00fcnen kafalar olarak hayatta neler ka\u00e7\u0131rd\u0131klar\u0131n\u0131 hissetmezler.\u201dMargaret Atwood\u2019un 1969 tarihli ilk roman\u0131, feminist hareketin g\u00fc\u00e7l\u00fc etkisini de haber<span class=\"excerpt-hellip\"> [\u2026]<\/span><\/p>\n","protected":false},"featured_media":0,"template":"","meta":{"_monsterinsights_skip_tracking":false,"_monsterinsights_sitenote_active":false,"_monsterinsights_sitenote_note":"","_monsterinsights_sitenote_category":0},"product_brand":[],"product_cat":[12291,12711],"product_tag":[],"class_list":{"0":"post-779056","1":"product","2":"type-product","3":"status-publish","5":"product_cat-edebiyat","6":"product_cat-roman-oyku","7":"pa_cilt-ciltsiz","8":"pa_tur-kitap","9":"pa_yayinevi-dogan-kitap","10":"pa_yazar-margaret-atwood","12":"first","13":"instock","14":"sale","15":"shipping-taxable","16":"purchasable","17":"product-type-simple"},"_links":{"self":[{"href":"https:\/\/roveyayinevi.com.tr\/index.php\/wp-json\/wp\/v2\/product\/779056","targetHints":{"allow":["GET"]}}],"collection":[{"href":"https:\/\/roveyayinevi.com.tr\/index.php\/wp-json\/wp\/v2\/product"}],"about":[{"href":"https:\/\/roveyayinevi.com.tr\/index.php\/wp-json\/wp\/v2\/types\/product"}],"wp:attachment":[{"href":"https:\/\/roveyayinevi.com.tr\/index.php\/wp-json\/wp\/v2\/media?parent=779056"}],"wp:term":[{"taxonomy":"product_brand","embeddable":true,"href":"https:\/\/roveyayinevi.com.tr\/index.php\/wp-json\/wp\/v2\/product_brand?post=779056"},{"taxonomy":"product_cat","embeddable":true,"href":"https:\/\/roveyayinevi.com.tr\/index.php\/wp-json\/wp\/v2\/product_cat?post=779056"},{"taxonomy":"product_tag","embeddable":true,"href":"https:\/\/roveyayinevi.com.tr\/index.php\/wp-json\/wp\/v2\/product_tag?post=779056"}],"curies":[{"name":"wp","href":"https:\/\/api.w.org\/{rel}","templated":true}]}}