{"id":779054,"date":"2025-12-30T10:23:14","date_gmt":"2025-12-30T07:23:14","guid":{"rendered":"https:\/\/roveyayinevi.com.tr\/index.php\/urun\/cumhuriyet-cinari\/"},"modified":"2026-04-16T02:26:46","modified_gmt":"2026-04-15T23:26:46","slug":"cumhuriyet-cinari","status":"publish","type":"product","link":"https:\/\/roveyayinevi.com.tr\/index.php\/urun\/cumhuriyet-cinari\/","title":{"rendered":"Cumhuriyet \u00c7\u0131nar\u0131"},"content":{"rendered":"<p>Cumhuriyet \u00c7\u0131nar\u0131, Atat\u00fcrk\u2019\u00fcn \u00f6nderli\u011finde ba\u011f\u0131ms\u0131z, \u00f6zg\u00fcr, g\u00f6nen\u00e7li bir devlet ve toplum kurman\u0131n t\u00fcm insanl\u0131k i\u00e7in dikkatle izlemeye de\u011fer \u00f6rne\u011fini veren T\u00fcrk Devriminin toplumbilimsel bir \u00e7\u00f6z\u00fcmlemesidir. Mustafa Kemal\u2019i \u2018\u2019Atat\u00fcrk\u2019\u2019 yapan, O\u2019nun uygarl\u0131k tasar\u0131m\u0131d\u0131r. <\/p>\n","protected":false},"excerpt":{"rendered":"<p>Cumhuriyet \u00c7\u0131nar\u0131, Atat\u00fcrk\u2019\u00fcn \u00f6nderli\u011finde ba\u011f\u0131ms\u0131z, \u00f6zg\u00fcr, g\u00f6nen\u00e7li bir devlet ve toplum kurman\u0131n t\u00fcm insanl\u0131k i\u00e7in dikkatle izlemeye de\u011fer \u00f6rne\u011fini veren T\u00fcrk Devriminin toplumbilimsel bir \u00e7\u00f6z\u00fcmlemesidir. Mustafa<span class=\"excerpt-hellip\"> [\u2026]<\/span><\/p>\n","protected":false},"featured_media":0,"template":"","meta":{"_monsterinsights_skip_tracking":false,"_monsterinsights_sitenote_active":false,"_monsterinsights_sitenote_note":"","_monsterinsights_sitenote_category":0},"product_brand":[],"product_cat":[12370,12304],"product_tag":[],"class_list":{"0":"post-779054","1":"product","2":"type-product","3":"status-publish","5":"product_cat-arastirma-inceleme","6":"product_cat-tarih","7":"pa_cilt-ciltsiz","8":"pa_tur-kitap","9":"pa_yayinevi-cem-yayinevi","10":"pa_yazar-ozer-ozankaya","12":"first","13":"instock","14":"sale","15":"shipping-taxable","16":"purchasable","17":"product-type-simple"},"_links":{"self":[{"href":"https:\/\/roveyayinevi.com.tr\/index.php\/wp-json\/wp\/v2\/product\/779054","targetHints":{"allow":["GET"]}}],"collection":[{"href":"https:\/\/roveyayinevi.com.tr\/index.php\/wp-json\/wp\/v2\/product"}],"about":[{"href":"https:\/\/roveyayinevi.com.tr\/index.php\/wp-json\/wp\/v2\/types\/product"}],"wp:attachment":[{"href":"https:\/\/roveyayinevi.com.tr\/index.php\/wp-json\/wp\/v2\/media?parent=779054"}],"wp:term":[{"taxonomy":"product_brand","embeddable":true,"href":"https:\/\/roveyayinevi.com.tr\/index.php\/wp-json\/wp\/v2\/product_brand?post=779054"},{"taxonomy":"product_cat","embeddable":true,"href":"https:\/\/roveyayinevi.com.tr\/index.php\/wp-json\/wp\/v2\/product_cat?post=779054"},{"taxonomy":"product_tag","embeddable":true,"href":"https:\/\/roveyayinevi.com.tr\/index.php\/wp-json\/wp\/v2\/product_tag?post=779054"}],"curies":[{"name":"wp","href":"https:\/\/api.w.org\/{rel}","templated":true}]}}