{"id":779049,"date":"2025-12-30T10:21:08","date_gmt":"2025-12-30T07:21:08","guid":{"rendered":"https:\/\/roveyayinevi.com.tr\/index.php\/urun\/genc-poe-morgue-sokaginin-gizemi-1\/"},"modified":"2025-12-30T10:21:08","modified_gmt":"2025-12-30T07:21:08","slug":"genc-poe-morgue-sokaginin-gizemi-1","status":"publish","type":"product","link":"https:\/\/roveyayinevi.com.tr\/index.php\/urun\/genc-poe-morgue-sokaginin-gizemi-1\/","title":{"rendered":"Gen\u00e7 Poe &#8211; Morgue Soka\u011f\u0131&#8217;n\u0131n Gizemi 1"},"content":{"rendered":"<p>Gen\u00e7 Poe\u2019nun gizemli d\u00fcnyas\u0131na ho\u015f geldin!Bu hikaye, ileride en iyi korku hikayelerinin yazar\u0131na d\u00f6n\u00fc\u015fecek s\u0131ra d\u0131\u015f\u0131 bir \u00e7ocu\u011fun maceralar\u0131 \u00fczerine&#8230;Her yeni olayda gen\u00e7 Poe\u2019ya e\u015flik ederken d\u00fcnyadaki en merakl\u0131, en yarat\u0131c\u0131, en ak\u0131ll\u0131, en analitik ve en hayalperest insanlardan birinin s\u0131rlar\u0131n\u0131 ke\u015ffedeceksin.Edgar Allan Poe, on bir ya\u015f\u0131ndad\u0131r. Onu evlat edinen ailesi ve evcil hayvan\u0131 olan kargas\u0131yla Boston\u2019daki Morgue Soka\u011f\u0131\u2019nda ya\u015f\u0131yor. B\u00fcy\u00fcd\u00fc\u011f\u00fcnde yazar olmak isteyen Poe, haz\u0131rlad\u0131\u011f\u0131 kitap\u00e7\u0131ktaki korkular\u0131 arkada\u015flar\u0131n\u0131 ya da ailesini korkutmak isteyen ya\u015f\u0131tlar\u0131na satarak para kazan\u0131yor. Bo\u015f zamanlar\u0131nda polis memuru Auguste Dupin\u2019e en zorlu ve gizemli davalar\u0131 \u00e7\u00f6zmesinde yard\u0131m ediyor. \u00dcstelik olaylar\u0131 \u00e7\u00f6zmekte \u00e7ok yetenekli!Boston&#8217;daki Morgue Soka\u011f\u0131&#8217;nda, Edgar Allan Poe&#8217;nun ya\u015fad\u0131\u011f\u0131 yerden iki blok \u00f6tede, iki kad\u0131n\u0131n \u00f6ld\u00fcr\u00fcld\u00fc\u011f\u00fc korkun\u00e7 bir cinayet i\u015flenir. Kom\u015fular\u0131ndan biri haks\u0131z yere su\u00e7land\u0131\u011f\u0131nda, Poe polise gider ve kom\u015fusunun masum oldu\u011funu ispatlar. M\u00fcfetti\u015f Auguste Dupin, hen\u00fcz on bir ya\u015f\u0131ndaki bu gen\u00e7 adam\u0131n cesaretinden etkilenir ve bir \u00f6d\u00fcl kar\u015f\u0131l\u0131\u011f\u0131nda davay\u0131 \u00e7\u00f6zmesinde kendisine yard\u0131m etmesini ister.<\/p>\n","protected":false},"excerpt":{"rendered":"<p>Gen\u00e7 Poe\u2019nun gizemli d\u00fcnyas\u0131na ho\u015f geldin!Bu hikaye, ileride en iyi korku hikayelerinin yazar\u0131na d\u00f6n\u00fc\u015fecek s\u0131ra d\u0131\u015f\u0131 bir \u00e7ocu\u011fun maceralar\u0131 \u00fczerine&#8230;Her yeni olayda gen\u00e7 Poe\u2019ya e\u015flik ederken<span class=\"excerpt-hellip\"> [\u2026]<\/span><\/p>\n","protected":false},"featured_media":0,"template":"","meta":{"_monsterinsights_skip_tracking":false,"_monsterinsights_sitenote_active":false,"_monsterinsights_sitenote_note":"","_monsterinsights_sitenote_category":0},"product_brand":[],"product_cat":[12274,12284],"product_tag":[],"class_list":{"0":"post-779049","1":"product","2":"type-product","3":"status-publish","5":"product_cat-cocuk-ve-genclik-kitaplari","6":"product_cat-hikayeler","7":"pa_cilt-ciltsiz","8":"pa_tur-kitap","9":"pa_yayinevi-genc-timas","10":"pa_yazar-cuca-canals","12":"first","13":"instock","14":"sale","15":"shipping-taxable","16":"purchasable","17":"product-type-simple"},"_links":{"self":[{"href":"https:\/\/roveyayinevi.com.tr\/index.php\/wp-json\/wp\/v2\/product\/779049","targetHints":{"allow":["GET"]}}],"collection":[{"href":"https:\/\/roveyayinevi.com.tr\/index.php\/wp-json\/wp\/v2\/product"}],"about":[{"href":"https:\/\/roveyayinevi.com.tr\/index.php\/wp-json\/wp\/v2\/types\/product"}],"wp:attachment":[{"href":"https:\/\/roveyayinevi.com.tr\/index.php\/wp-json\/wp\/v2\/media?parent=779049"}],"wp:term":[{"taxonomy":"product_brand","embeddable":true,"href":"https:\/\/roveyayinevi.com.tr\/index.php\/wp-json\/wp\/v2\/product_brand?post=779049"},{"taxonomy":"product_cat","embeddable":true,"href":"https:\/\/roveyayinevi.com.tr\/index.php\/wp-json\/wp\/v2\/product_cat?post=779049"},{"taxonomy":"product_tag","embeddable":true,"href":"https:\/\/roveyayinevi.com.tr\/index.php\/wp-json\/wp\/v2\/product_tag?post=779049"}],"curies":[{"name":"wp","href":"https:\/\/api.w.org\/{rel}","templated":true}]}}