{"id":779047,"date":"2025-12-30T10:20:18","date_gmt":"2025-12-30T07:20:18","guid":{"rendered":"https:\/\/roveyayinevi.com.tr\/index.php\/urun\/kitle-psikolojisi-3\/"},"modified":"2026-04-16T02:25:47","modified_gmt":"2026-04-15T23:25:47","slug":"kitle-psikolojisi-3","status":"publish","type":"product","link":"https:\/\/roveyayinevi.com.tr\/index.php\/urun\/kitle-psikolojisi-3\/","title":{"rendered":"Kitle Psikolojisi"},"content":{"rendered":"<p>Bir \u00fc\u00e7lemenin ilk kitab\u0131 \u201cKitle Psikolojisi\u201d alan\u0131nda ilkleriyle hep kal\u0131c\u0131 olmay\u0131 ba\u015faracak bir \u00e7al\u0131\u015fma.   Uzun ara\u015ft\u0131rmalar\u0131n dam\u0131t\u0131lm\u0131\u015f sonu\u00e7lar\u0131. Yazar, yal\u0131n anlat\u0131m\u0131yla bilimselli\u011fini kararl\u0131l\u0131kla s\u00fcrd\u00fcr\u00fcyor.   Bilimi hem anla\u015f\u0131l\u0131r k\u0131lmak hemde bilimin s\u0131n\u0131rlar\u0131n\u0131 korumak zorlu bir s\u00fcre\u00e7.   G\u00fcn\u00fcm\u00fczde bilimsellikten pop\u00fclizme kay\u0131ld\u0131\u011f\u0131 d\u00fc\u015f\u00fcn\u00fcld\u00fc\u011f\u00fcnde yazar \u201cters\u201d okuma yap\u0131yor. Tan\u0131nm\u0131\u015fl\u0131\u011f\u0131n olu\u015fturdu\u011fu bask\u0131y\u0131 a\u015f\u0131yor, ger\u00e7ek bir emekle ba\u015f ba\u015fa b\u0131rak\u0131yor bizleri\u2026 Mehmet \u00d6z <\/p>\n","protected":false},"excerpt":{"rendered":"<p>Bir \u00fc\u00e7lemenin ilk kitab\u0131 \u201cKitle Psikolojisi\u201d alan\u0131nda ilkleriyle hep kal\u0131c\u0131 olmay\u0131 ba\u015faracak bir \u00e7al\u0131\u015fma. Uzun ara\u015ft\u0131rmalar\u0131n dam\u0131t\u0131lm\u0131\u015f sonu\u00e7lar\u0131. Yazar, yal\u0131n anlat\u0131m\u0131yla bilimselli\u011fini kararl\u0131l\u0131kla s\u00fcrd\u00fcr\u00fcyor. Bilimi hem<span class=\"excerpt-hellip\"> [\u2026]<\/span><\/p>\n","protected":false},"featured_media":0,"template":"","meta":{"_monsterinsights_skip_tracking":false,"_monsterinsights_sitenote_active":false,"_monsterinsights_sitenote_note":"","_monsterinsights_sitenote_category":0},"product_brand":[],"product_cat":[12358,12357],"product_tag":[],"class_list":{"0":"post-779047","1":"product","2":"type-product","3":"status-publish","5":"product_cat-genel-psikoloji","6":"product_cat-psikoloji","7":"pa_cilt-ciltsiz","8":"pa_tur-kitap","9":"pa_yayinevi-bilim-ve-sanat-yayinlari","10":"pa_yazar-hulki-cevizoglu","12":"first","13":"instock","14":"sale","15":"shipping-taxable","16":"purchasable","17":"product-type-simple"},"_links":{"self":[{"href":"https:\/\/roveyayinevi.com.tr\/index.php\/wp-json\/wp\/v2\/product\/779047","targetHints":{"allow":["GET"]}}],"collection":[{"href":"https:\/\/roveyayinevi.com.tr\/index.php\/wp-json\/wp\/v2\/product"}],"about":[{"href":"https:\/\/roveyayinevi.com.tr\/index.php\/wp-json\/wp\/v2\/types\/product"}],"wp:attachment":[{"href":"https:\/\/roveyayinevi.com.tr\/index.php\/wp-json\/wp\/v2\/media?parent=779047"}],"wp:term":[{"taxonomy":"product_brand","embeddable":true,"href":"https:\/\/roveyayinevi.com.tr\/index.php\/wp-json\/wp\/v2\/product_brand?post=779047"},{"taxonomy":"product_cat","embeddable":true,"href":"https:\/\/roveyayinevi.com.tr\/index.php\/wp-json\/wp\/v2\/product_cat?post=779047"},{"taxonomy":"product_tag","embeddable":true,"href":"https:\/\/roveyayinevi.com.tr\/index.php\/wp-json\/wp\/v2\/product_tag?post=779047"}],"curies":[{"name":"wp","href":"https:\/\/api.w.org\/{rel}","templated":true}]}}