{"id":779045,"date":"2025-12-30T10:20:12","date_gmt":"2025-12-30T07:20:12","guid":{"rendered":"https:\/\/roveyayinevi.com.tr\/index.php\/urun\/kuslarin-kanat-sesleri\/"},"modified":"2026-04-16T02:25:46","modified_gmt":"2026-04-15T23:25:46","slug":"kuslarin-kanat-sesleri","status":"publish","type":"product","link":"https:\/\/roveyayinevi.com.tr\/index.php\/urun\/kuslarin-kanat-sesleri\/","title":{"rendered":"Ku\u015flar\u0131n Kanat Sesleri"},"content":{"rendered":"<p>Yazmak emek, yazmak ekmek,yazmak ya\u015famak&#8230;Ya\u015famak bir \u00f6m\u00fcr (\u015fimdiler de oldu\u011funca) bedel \u00f6demek olmu\u015fsa..Sayg\u0131yla s\u00f6z\u00fc yazar\u0131na b\u0131rakmak d\u00fc\u015fer pay\u0131m\u0131za.\u201cZaten romanlar kendini,inkar\u0131n\u0131, yeniden varolu\u015funu, a\u015fk\u0131 anlatmayacaksa ba\u015fka neyi anlatacak\u201dNe g\u00fczel&#8230;En g\u00fczel insanlard\u0131 on\u2019lar.<\/p>\n","protected":false},"excerpt":{"rendered":"<p>Yazmak emek, yazmak ekmek,yazmak ya\u015famak&#8230;Ya\u015famak bir \u00f6m\u00fcr (\u015fimdiler de oldu\u011funca) bedel \u00f6demek olmu\u015fsa..Sayg\u0131yla s\u00f6z\u00fc yazar\u0131na b\u0131rakmak d\u00fc\u015fer pay\u0131m\u0131za.\u201cZaten romanlar kendini,inkar\u0131n\u0131, yeniden varolu\u015funu, a\u015fk\u0131 anlatmayacaksa ba\u015fka neyi<span class=\"excerpt-hellip\"> [\u2026]<\/span><\/p>\n","protected":false},"featured_media":0,"template":"","meta":{"_monsterinsights_skip_tracking":false,"_monsterinsights_sitenote_active":false,"_monsterinsights_sitenote_note":"","_monsterinsights_sitenote_category":0},"product_brand":[],"product_cat":[12291,12711],"product_tag":[],"class_list":{"0":"post-779045","1":"product","2":"type-product","3":"status-publish","5":"product_cat-edebiyat","6":"product_cat-roman-oyku","7":"pa_cilt-ciltsiz","8":"pa_tur-kitap","9":"pa_yayinevi-bilim-ve-sanat-yayinlari","10":"pa_yazar-guray-oz","12":"first","13":"instock","14":"sale","15":"shipping-taxable","16":"purchasable","17":"product-type-simple"},"_links":{"self":[{"href":"https:\/\/roveyayinevi.com.tr\/index.php\/wp-json\/wp\/v2\/product\/779045","targetHints":{"allow":["GET"]}}],"collection":[{"href":"https:\/\/roveyayinevi.com.tr\/index.php\/wp-json\/wp\/v2\/product"}],"about":[{"href":"https:\/\/roveyayinevi.com.tr\/index.php\/wp-json\/wp\/v2\/types\/product"}],"wp:attachment":[{"href":"https:\/\/roveyayinevi.com.tr\/index.php\/wp-json\/wp\/v2\/media?parent=779045"}],"wp:term":[{"taxonomy":"product_brand","embeddable":true,"href":"https:\/\/roveyayinevi.com.tr\/index.php\/wp-json\/wp\/v2\/product_brand?post=779045"},{"taxonomy":"product_cat","embeddable":true,"href":"https:\/\/roveyayinevi.com.tr\/index.php\/wp-json\/wp\/v2\/product_cat?post=779045"},{"taxonomy":"product_tag","embeddable":true,"href":"https:\/\/roveyayinevi.com.tr\/index.php\/wp-json\/wp\/v2\/product_tag?post=779045"}],"curies":[{"name":"wp","href":"https:\/\/api.w.org\/{rel}","templated":true}]}}